{"id":7893,"date":"2025-02-03T02:42:19","date_gmt":"2025-02-03T02:42:19","guid":{"rendered":"https:\/\/www.bookazine.com\/livreiros-de-comercio-eletronico\/"},"modified":"2025-02-22T21:14:10","modified_gmt":"2025-02-22T21:14:10","slug":"livreiros-de-comercio-eletronico","status":"publish","type":"page","link":"https:\/\/www.bookazine.com\/pt-pt\/livreiros-de-comercio-eletronico\/","title":{"rendered":"Livreiros de com\u00e9rcio eletr\u00f3nico"},"content":{"rendered":"\t\t<div data-elementor-type=\"wp-page\" data-elementor-id=\"7893\" class=\"elementor elementor-7893 elementor-5730\">\n\t\t\t\t<div class=\"elementor-element elementor-element-5ec29c6 e-con-full qode_elementor_container_inner e-flex parallax_section_no e-con e-parent\" data-id=\"5ec29c6\" data-element_type=\"container\" data-e-type=\"container\">\n\t\t<div class=\"elementor-element elementor-element-996e0e6 e-con-full e-flex parallax_section_no qode_elementor_container_no e-con e-child\" data-id=\"996e0e6\" data-element_type=\"container\" data-e-type=\"container\">\n\t\t\t\t<div class=\"elementor-element elementor-element-e1a841c elementor-widget elementor-widget-qi_addons_for_elementor_section_title\" data-id=\"e1a841c\" data-element_type=\"widget\" data-e-type=\"widget\" data-widget_type=\"qi_addons_for_elementor_section_title.default\">\n\t\t\t\t<div class=\"elementor-widget-container\">\n\t\t\t\t\t<div class=\"qodef-shortcode qodef-m qodef-qi-section-title qodef-decoration--italic qodef-link--underline-draw qodef-subtitle-icon--left\">\n\t\t\t\t\t\t<h1 class=\"qodef-m-title\">\n\t\tServi\u00e7os de cumprimento direto pelo consumidor (CDF)\t<\/h1>\n\t\t\t<div class=\"qodef-m-text\"><h5 style=\"font-weight: 400\"><strong>Solu\u00e7\u00f5es de cumprimento global simplificadas e escal\u00e1veis<\/strong><\/h5><p style=\"font-weight: 400\"><strong>O Consumer Diret Fulfillment (CDF)<\/strong> permite-lhe expandir o seu neg\u00f3cio sem esfor\u00e7o, enviando produtos diretamente para os seus clientes - sem necessidade de espa\u00e7o de armaz\u00e9m adicional ou de expans\u00e3o da for\u00e7a de trabalho. Como <strong>parceiro fi\u00e1vel e consistente<\/strong>, fornecemos solu\u00e7\u00f5es log\u00edsticas<strong> fi\u00e1veis<\/strong> para a distribui\u00e7\u00e3o global. Os nossos servi\u00e7os <strong>cont\u00ednuos e econ\u00f3micos<\/strong> ajudam a otimizar a efici\u00eancia, a minimizar o tempo de manuseamento e a aumentar a satisfa\u00e7\u00e3o do cliente.<\/p><\/div>\n\t<\/div>\n\t\t\t\t<\/div>\n\t\t\t\t<\/div>\n\t\t\t\t<\/div>\n\t\t<div class=\"elementor-element elementor-element-ddf1103 e-con-full e-flex parallax_section_no qode_elementor_container_no e-con e-child\" data-id=\"ddf1103\" data-element_type=\"container\" data-e-type=\"container\">\n\t\t\t\t<div class=\"elementor-element elementor-element-6389491 elementor-widget elementor-widget-bridge_image_hover\" data-id=\"6389491\" data-element_type=\"widget\" data-e-type=\"widget\" data-widget_type=\"bridge_image_hover.default\">\n\t\t\t\t<div class=\"elementor-widget-container\">\n\t\t\t\t\t<div class=\"image_hover \" data-transition-delay=\"\"><div class=\"images_holder\"><img decoding=\"async\" itemprop=\"image\" class=\"\" src=\"https:\/\/www.bookazine.com\/wp-content\/uploads\/2025\/02\/internet1.jpg\" alt=\"Main Image\" style=\"\" \/><\/div><\/div>\t\t\t\t<\/div>\n\t\t\t\t<\/div>\n\t\t\t\t<\/div>\n\t\t\t\t<\/div>\n\t\t<div class=\"elementor-element elementor-element-1df9b27 e-con-full qode_elementor_container_inner e-flex parallax_section_no e-con e-parent\" data-id=\"1df9b27\" data-element_type=\"container\" data-e-type=\"container\">\n\t\t<div class=\"elementor-element elementor-element-841fe0f e-con-full e-flex parallax_section_no qode_elementor_container_no e-con e-child\" data-id=\"841fe0f\" data-element_type=\"container\" data-e-type=\"container\">\n\t\t\t\t<div class=\"elementor-element elementor-element-dbf8206 elementor-widget elementor-widget-bridge_image_hover\" data-id=\"dbf8206\" data-element_type=\"widget\" data-e-type=\"widget\" data-widget_type=\"bridge_image_hover.default\">\n\t\t\t\t<div class=\"elementor-widget-container\">\n\t\t\t\t\t<div class=\"image_hover \" data-transition-delay=\"\"><div class=\"images_holder\"><img decoding=\"async\" itemprop=\"image\" class=\"\" src=\"https:\/\/www.bookazine.com\/wp-content\/uploads\/2025\/02\/internet2.jpg\" alt=\"Main Image\" style=\"\" \/><\/div><\/div>\t\t\t\t<\/div>\n\t\t\t\t<\/div>\n\t\t\t\t<\/div>\n\t\t<div class=\"elementor-element elementor-element-050c0d2 e-con-full e-flex parallax_section_no qode_elementor_container_no e-con e-child\" data-id=\"050c0d2\" data-element_type=\"container\" data-e-type=\"container\">\n\t\t\t\t<div class=\"elementor-element elementor-element-33b6607 elementor-widget elementor-widget-qi_addons_for_elementor_section_title\" data-id=\"33b6607\" data-element_type=\"widget\" data-e-type=\"widget\" data-widget_type=\"qi_addons_for_elementor_section_title.default\">\n\t\t\t\t<div class=\"elementor-widget-container\">\n\t\t\t\t\t<div class=\"qodef-shortcode qodef-m qodef-qi-section-title qodef-decoration--italic qodef-link--underline-draw qodef-subtitle-icon--left\">\n\t\t\t\t\t\t<h1 class=\"qodef-m-title\">\n\t\tOferecer excel\u00eancia, diretamente aos teus clientes\t<\/h1>\n\t\t\t<div class=\"qodef-m-text\"><h5 style=\"font-weight: 400\"><strong>Como funciona:<\/strong><\/h5><p><strong>Acede ao nosso invent\u00e1rio<\/strong> - Explora a nossa extensa disponibilidade de stock em tempo real atrav\u00e9s de FTP ou acesso ao website.<\/p><p><strong>Faz a tua encomenda<\/strong> - Envia encomendas atrav\u00e9s de EDI ou do s\u00edtio Web.<\/p><p><strong>Processamento e cumprimento da encomenda<\/strong> - Os teus artigos s\u00e3o cuidadosamente selecionados, embalados e enviados no pr\u00f3prio dia (se forem colocados at\u00e9 ao fim do prazo).<\/p><p><strong>Entrega r\u00e1pida<\/strong> - As encomendas s\u00e3o enviadas diretamente para os teus clientes com rapidez e precis\u00e3o.<\/p><h5 style=\"font-weight: 400\"><strong>Porqu\u00ea escolher os nossos servi\u00e7os CDF?<\/strong><\/h5><p><strong>Processamento de encomendas<\/strong> no mesmo dia - As encomendas s\u00e3o recolhidas, embaladas e enviadas no mesmo dia.<\/p><p><strong>Alcance global<\/strong> - Estabelecemos parcerias com l\u00edderes do sector para garantir a entrega a n\u00edvel mundial com rapidez e precis\u00e3o.<\/p><p><strong>Op\u00e7\u00f5es de envio flex\u00edveis<\/strong> - A Bookazine tem parcerias com fornecedores de transporte para fornecer a melhor solu\u00e7\u00e3o de envio adaptada \u00e0s tuas necessidades.<\/p><p><strong>Acesso completo ao invent\u00e1rio<\/strong> - Acede instantaneamente a mais de 2 milh\u00f5es de t\u00edtulos em todo o mundo, de milhares de editoras.<\/p><p><strong>Integra\u00e7\u00e3o perfeita<\/strong> - As encomendas podem ser efectuadas atrav\u00e9s de FTP, portais de s\u00edtios Web ou sistemas automatizados, o que facilita o seu cumprimento.<\/p><h5 style=\"font-weight: 400\"><strong>Integra\u00e7\u00e3o simplificada em tr\u00eas etapas<\/strong><\/h5><p><strong>Gest\u00e3o de metadados<\/strong> - Acede a detalhes abrangentes do t\u00edtulo, incluindo autor, ISBN e todos os dados-chave.<\/p><p><strong>Alimenta\u00e7\u00e3o de stock em tempo real<\/strong> - Mant\u00e9m-te atualizado com dados de invent\u00e1rio em tempo real, actualizados de hora a hora.<\/p><p>Processamento de encomendas com base <strong>em EDI<\/strong> - Processamento simplificado de encomendas, desde a ordem de compra (PO) \u2192 confirma\u00e7\u00e3o da ordem de compra (POA) \u2192 recolha e embalagem \u2192 aviso de envio antecipado (ASN) \u2192 fatura\u00e7\u00e3o, para uma efici\u00eancia de ponta a ponta.<\/p><\/div>\n\t<\/div>\n\t\t\t\t<\/div>\n\t\t\t\t<\/div>\n\t\t\t\t<\/div>\n\t\t\t\t<\/div>\n\t\t<div style=\"background-image: url(https:\/\/bookazine.com\/wp-content\/uploads\/2025\/02\/new-us.jpg);\" class=\"parallax_section_holder elementor-element elementor-element-8879b36 e-con-full parallax_section_holder e-flex qode_elementor_container_no e-con e-parent\" data-speed=\"0\" data-id=\"8879b36\" data-element_type=\"container\" data-e-type=\"container\" data-settings=\"{&quot;qode_parallax_image&quot;:{&quot;url&quot;:&quot;https:\\\/\\\/bookazine.com\\\/wp-content\\\/uploads\\\/2025\\\/02\\\/new-us.jpg&quot;,&quot;id&quot;:6245,&quot;size&quot;:&quot;&quot;,&quot;alt&quot;:&quot;&quot;,&quot;source&quot;:&quot;library&quot;},&quot;background_background&quot;:&quot;classic&quot;}\">\n\t\t\t\t<div class=\"elementor-element elementor-element-c14972d elementor-widget elementor-widget-qi_addons_for_elementor_banner\" data-id=\"c14972d\" data-element_type=\"widget\" data-e-type=\"widget\" data-widget_type=\"qi_addons_for_elementor_banner.default\">\n\t\t\t\t<div class=\"elementor-widget-container\">\n\t\t\t\t\t<div class=\"qodef-shortcode qodef-m qodef-qi-banner qodef-layout--standard qodef-vertical--middle qodef-horizontal--center qodef-image--hover-zoom\">\n\t<div class=\"qodef-m-image\">\n\t<\/div>\n\t<div class=\"qodef-m-content\">\n\t\t<div class=\"qodef-m-content-inner\">\n\t\t\t\t\t\t\t<h2 class=\"qodef-m-title\">\n\t\tRecursos\t<\/h2>\n\t\t\t\t<p class=\"qodef-m-text\">\n\t\tLorem ipsum dolor sit amet, consectetur adipiscing elit. N\u00e3o te esque\u00e7as de que a tua vida \u00e9 muito mais do que um sonho.  \t<\/p>\n\t\t\t\t<div class=\"qodef-m-button\">\n\t\t<a class=\"qodef-shortcode qodef-m qodef-qi-button qodef-html--link qodef-layout--outlined qodef-type--standard qodef-icon--right qodef-hover--icon-move-horizontal-short\" href=\"#\" target=\"_self\">\t<span class=\"qodef-m-text\">Aprende mais<\/span>\t<\/a>\t<\/div>\n\t\t<\/div>\n\t<\/div>\n\t\t<a itemprop=\"url\" href=\"#\" class=\"qodef-m-banner-link\" target=\"_self\"><\/a>\n<\/div>\n\t\t\t\t<\/div>\n\t\t\t\t<\/div>\n\t\t\t\t<div class=\"elementor-element elementor-element-28a1073 elementor-widget__width-initial elementor-widget elementor-widget-qi_addons_for_elementor_section_title\" data-id=\"28a1073\" data-element_type=\"widget\" data-e-type=\"widget\" data-widget_type=\"qi_addons_for_elementor_section_title.default\">\n\t\t\t\t<div class=\"elementor-widget-container\">\n\t\t\t\t\t<div class=\"qodef-shortcode qodef-m qodef-qi-section-title qodef-decoration--italic qodef-link--underline-draw qodef-subtitle-icon--left\">\n\t\t\t\t\t\t<h1 class=\"qodef-m-title\">\n\t\tCome\u00e7a a trabalhar\t<\/h1>\n\t\t\t<\/div>\n\t\t\t\t<\/div>\n\t\t\t\t<\/div>\n\t\t\t\t<div class=\"elementor-element elementor-element-f0aec6d elementor-widget elementor-widget-bridge_button\" data-id=\"f0aec6d\" data-element_type=\"widget\" data-e-type=\"widget\" data-widget_type=\"bridge_button.default\">\n\t\t\t\t<div class=\"elementor-widget-container\">\n\t\t\t\t\t<a  itemprop=\"url\" href=\"https:\/\/bookazine.com\/sign-up\/\" target=\"_self\" data-hover-background-color=\"#99A1C8\" class=\"qbutton  white default\" style=\"color: #0F173F; background-color:#FFFFFF;\">ABRE UMA CONTA<\/a>\t\t\t\t<\/div>\n\t\t\t\t<\/div>\n\t\t\t\t<\/div>\n\t\t<div class=\"elementor-element elementor-element-a505e4f e-con-full e-flex parallax_section_no qode_elementor_container_no e-con e-parent\" data-id=\"a505e4f\" data-element_type=\"container\" data-e-type=\"container\">\n\t\t\t\t<div class=\"elementor-element elementor-element-74c28fb elementor-view-default elementor-widget elementor-widget-icon\" data-id=\"74c28fb\" data-element_type=\"widget\" data-e-type=\"widget\" data-widget_type=\"icon.default\">\n\t\t\t\t<div class=\"elementor-widget-container\">\n\t\t\t\t\t\t\t<div class=\"elementor-icon-wrapper\">\n\t\t\t<div class=\"elementor-icon\">\n\t\t\t<svg aria-hidden=\"true\" class=\"e-font-icon-svg e-fas-warehouse\" viewBox=\"0 0 640 512\" xmlns=\"http:\/\/www.w3.org\/2000\/svg\"><path d=\"M504 352H136.4c-4.4 0-8 3.6-8 8l-.1 48c0 4.4 3.6 8 8 8H504c4.4 0 8-3.6 8-8v-48c0-4.4-3.6-8-8-8zm0 96H136.1c-4.4 0-8 3.6-8 8l-.1 48c0 4.4 3.6 8 8 8h368c4.4 0 8-3.6 8-8v-48c0-4.4-3.6-8-8-8zm0-192H136.6c-4.4 0-8 3.6-8 8l-.1 48c0 4.4 3.6 8 8 8H504c4.4 0 8-3.6 8-8v-48c0-4.4-3.6-8-8-8zm106.5-139L338.4 3.7a48.15 48.15 0 0 0-36.9 0L29.5 117C11.7 124.5 0 141.9 0 161.3V504c0 4.4 3.6 8 8 8h80c4.4 0 8-3.6 8-8V256c0-17.6 14.6-32 32.6-32h382.8c18 0 32.6 14.4 32.6 32v248c0 4.4 3.6 8 8 8h80c4.4 0 8-3.6 8-8V161.3c0-19.4-11.7-36.8-29.5-44.3z\"><\/path><\/svg>\t\t\t<\/div>\n\t\t<\/div>\n\t\t\t\t\t\t<\/div>\n\t\t\t\t<\/div>\n\t\t\t\t<div class=\"elementor-element elementor-element-d80dfe2 elementor-widget__width-initial elementor-widget elementor-widget-qi_addons_for_elementor_section_title\" data-id=\"d80dfe2\" data-element_type=\"widget\" data-e-type=\"widget\" data-widget_type=\"qi_addons_for_elementor_section_title.default\">\n\t\t\t\t<div class=\"elementor-widget-container\">\n\t\t\t\t\t<div class=\"qodef-shortcode qodef-m qodef-qi-section-title qodef-decoration--italic qodef-link--underline-draw qodef-subtitle-icon--right\">\n\t\t\t\t\t\t<h1 class=\"qodef-m-title\">\n\t\tOs nossos armaz\u00e9ns\t<\/h1>\n\t\t\t<div class=\"qodef-m-text\"><p style=\"font-weight: 400\">Atualmente, temos 2 armaz\u00e9ns em Nova Jersey.<\/p><p style=\"font-weight: 400\"><br><strong>\ud83d\udccdBayonne, NJ<br><br><\/strong><strong>\ud83d\udccdWharton, NJ<\/strong><\/p><\/div>\n\t<\/div>\n\t\t\t\t<\/div>\n\t\t\t\t<\/div>\n\t\t\t\t<\/div>\n\t\t<div class=\"elementor-element elementor-element-8c049ab e-con-full e-flex parallax_section_no qode_elementor_container_no e-con e-parent\" data-id=\"8c049ab\" data-element_type=\"container\" data-e-type=\"container\">\n\t\t<div class=\"elementor-element elementor-element-b4c778c e-con-full e-flex parallax_section_no qode_elementor_container_no e-con e-child\" data-id=\"b4c778c\" data-element_type=\"container\" data-e-type=\"container\">\n\t\t\t\t<div class=\"elementor-element elementor-element-c8f715e elementor-widget elementor-widget-qi_addons_for_elementor_banner\" data-id=\"c8f715e\" data-element_type=\"widget\" data-e-type=\"widget\" data-widget_type=\"qi_addons_for_elementor_banner.default\">\n\t\t\t\t<div class=\"elementor-widget-container\">\n\t\t\t\t\t<div class=\"qodef-shortcode qodef-m qodef-qi-banner qodef-layout--standard qodef-vertical--middle qodef-horizontal--center qodef-image--hover-zoom\">\n\t<div class=\"qodef-m-image\">\n\t<img fetchpriority=\"high\" decoding=\"async\" width=\"1300\" height=\"740\" src=\"https:\/\/www.bookazine.com\/wp-content\/uploads\/2025\/01\/search.jpg\" class=\"attachment-full size-full\" alt=\"\" srcset=\"https:\/\/www.bookazine.com\/wp-content\/uploads\/2025\/01\/search.jpg 1300w, https:\/\/www.bookazine.com\/wp-content\/uploads\/2025\/01\/search-300x171.jpg 300w, https:\/\/www.bookazine.com\/wp-content\/uploads\/2025\/01\/search-1024x583.jpg 1024w, https:\/\/www.bookazine.com\/wp-content\/uploads\/2025\/01\/search-768x437.jpg 768w, https:\/\/www.bookazine.com\/wp-content\/uploads\/2025\/01\/search-700x398.jpg 700w\" sizes=\"(max-width: 1300px) 100vw, 1300px\" \/><\/div>\n\t<div class=\"qodef-m-content\">\n\t\t<div class=\"qodef-m-content-inner\">\n\t\t\t\t\t\t\t<h2 class=\"qodef-m-title\">\n\t\tProcura no cat\u00e1logo\t<\/h2>\n\t\t\t\t<p class=\"qodef-m-text\">\n\t\tNavega pelo nosso cat\u00e1logo para veres os \u00faltimos lan\u00e7amentos e muito mais.\t<\/p>\n\t\t\t\t<div class=\"qodef-m-button\">\n\t\t<a class=\"qodef-shortcode qodef-m qodef-qi-button qodef-html--link qodef-layout--outlined qodef-type--standard qodef-icon--right qodef-hover--icon-move-horizontal-short\" href=\"https:\/\/orders.bookazine.com\" target=\"_self\">\t<span class=\"qodef-m-text\">PESQUISA<\/span>\t<\/a>\t<\/div>\n\t\t<\/div>\n\t<\/div>\n\t\t<a itemprop=\"url\" href=\"https:\/\/orders.bookazine.com\" class=\"qodef-m-banner-link\" target=\"_self\"><\/a>\n<\/div>\n\t\t\t\t<\/div>\n\t\t\t\t<\/div>\n\t\t\t\t<\/div>\n\t\t<div class=\"elementor-element elementor-element-c722517 e-con-full e-flex parallax_section_no qode_elementor_container_no e-con e-child\" data-id=\"c722517\" data-element_type=\"container\" data-e-type=\"container\">\n\t\t\t\t<div class=\"elementor-element elementor-element-cdcdf38 elementor-widget elementor-widget-qi_addons_for_elementor_banner\" data-id=\"cdcdf38\" data-element_type=\"widget\" data-e-type=\"widget\" data-widget_type=\"qi_addons_for_elementor_banner.default\">\n\t\t\t\t<div class=\"elementor-widget-container\">\n\t\t\t\t\t<div class=\"qodef-shortcode qodef-m qodef-qi-banner qodef-layout--standard qodef-vertical--middle qodef-horizontal--center qodef-image--hover-zoom\">\n\t<div class=\"qodef-m-image\">\n\t<img decoding=\"async\" width=\"1300\" height=\"740\" src=\"https:\/\/www.bookazine.com\/wp-content\/uploads\/2025\/01\/resources2.jpg\" class=\"attachment-full size-full\" alt=\"\" srcset=\"https:\/\/www.bookazine.com\/wp-content\/uploads\/2025\/01\/resources2.jpg 1300w, https:\/\/www.bookazine.com\/wp-content\/uploads\/2025\/01\/resources2-300x171.jpg 300w, https:\/\/www.bookazine.com\/wp-content\/uploads\/2025\/01\/resources2-1024x583.jpg 1024w, https:\/\/www.bookazine.com\/wp-content\/uploads\/2025\/01\/resources2-768x437.jpg 768w, https:\/\/www.bookazine.com\/wp-content\/uploads\/2025\/01\/resources2-700x398.jpg 700w\" sizes=\"(max-width: 1300px) 100vw, 1300px\" \/><\/div>\n\t<div class=\"qodef-m-content\">\n\t\t<div class=\"qodef-m-content-inner\">\n\t\t\t\t\t\t\t<h2 class=\"qodef-m-title\">\n\t\tPERGUNTAS?\t<\/h2>\n\t\t\t\t<p class=\"qodef-m-text\">\n\t\tA nossa equipa especializada de apoio ao cliente est\u00e1 pronta a ajudar e a esclarecer quaisquer d\u00favidas.\t<\/p>\n\t\t\t\t<div class=\"qodef-m-button\">\n\t\t<a class=\"qodef-shortcode qodef-m qodef-qi-button qodef-html--link qodef-layout--outlined qodef-type--standard qodef-icon--right qodef-hover--icon-move-horizontal-short\" href=\"https:\/\/bookazine.com\/contact-us\/\" target=\"_self\">\t<span class=\"qodef-m-text\">CONTACTA-NOS<\/span>\t<\/a>\t<\/div>\n\t\t<\/div>\n\t<\/div>\n\t\t<a itemprop=\"url\" href=\"https:\/\/bookazine.com\/contact-us\/\" class=\"qodef-m-banner-link\" target=\"_self\"><\/a>\n<\/div>\n\t\t\t\t<\/div>\n\t\t\t\t<\/div>\n\t\t\t\t<\/div>\n\t\t\t\t<\/div>\n\t\t\t\t<\/div>\n\t\t","protected":false},"excerpt":{"rendered":"<p>Servi\u00e7os de cumprimento direto pelo consumidor (CDF) Solu\u00e7\u00f5es de cumprimento global simplificadas e escal\u00e1veis O Consumer Diret Fulfillment (CDF) permite-lhe expandir o seu neg\u00f3cio sem esfor\u00e7o, enviando produtos diretamente para os seus clientes &#8211; sem necessidade de espa\u00e7o de armaz\u00e9m adicional ou de expans\u00e3o da&#8230;<\/p>\n","protected":false},"author":1,"featured_media":0,"parent":0,"menu_order":0,"comment_status":"closed","ping_status":"closed","template":"full_width.php","meta":{"footnotes":""},"class_list":["post-7893","page","type-page","status-publish","hentry"],"yoast_head":"<!-- This site is optimized with the Yoast SEO plugin v27.3 - https:\/\/yoast.com\/product\/yoast-seo-wordpress\/ -->\n<title>E-Commerce e CDF Fulfillment | Bookazine<\/title>\n<meta name=\"description\" content=\"Melhora a tua livraria online com os nossos servi\u00e7os eficientes de com\u00e9rcio eletr\u00f3nico e de Consumer Diret Fulfillment, garantindo a entrega atempada aos clientes.\" \/>\n<meta name=\"robots\" content=\"index, follow, max-snippet:-1, max-image-preview:large, max-video-preview:-1\" \/>\n<link rel=\"canonical\" href=\"https:\/\/www.bookazine.com\/pt-pt\/livreiros-de-comercio-eletronico\/\" \/>\n<meta property=\"og:locale\" content=\"pt_PT\" \/>\n<meta property=\"og:type\" content=\"article\" \/>\n<meta property=\"og:title\" content=\"E-Commerce e CDF Fulfillment | Bookazine\" \/>\n<meta property=\"og:description\" content=\"Melhora a tua livraria online com os nossos servi\u00e7os eficientes de com\u00e9rcio eletr\u00f3nico e de Consumer Diret Fulfillment, garantindo a entrega atempada aos clientes.\" \/>\n<meta property=\"og:url\" content=\"https:\/\/www.bookazine.com\/pt-pt\/livreiros-de-comercio-eletronico\/\" \/>\n<meta property=\"og:site_name\" content=\"Revista\" \/>\n<meta property=\"article:modified_time\" content=\"2025-02-22T21:14:10+00:00\" \/>\n<meta property=\"og:image\" content=\"https:\/\/www.bookazine.com\/wp-content\/uploads\/2025\/02\/internet1.jpg\" \/>\n<meta name=\"twitter:card\" content=\"summary_large_image\" \/>\n<meta name=\"twitter:label1\" content=\"Tempo estimado de leitura \" \/>\n\t<meta name=\"twitter:data1\" content=\"3 minutos\" \/>\n<script type=\"application\/ld+json\" class=\"yoast-schema-graph\">{\"@context\":\"https:\\\/\\\/schema.org\",\"@graph\":[{\"@type\":\"WebPage\",\"@id\":\"https:\\\/\\\/www.bookazine.com\\\/pt-pt\\\/livreiros-de-comercio-eletronico\\\/\",\"url\":\"https:\\\/\\\/www.bookazine.com\\\/pt-pt\\\/livreiros-de-comercio-eletronico\\\/\",\"name\":\"E-Commerce e CDF Fulfillment | Bookazine\",\"isPartOf\":{\"@id\":\"https:\\\/\\\/www.bookazine.com\\\/pt-pt\\\/#website\"},\"primaryImageOfPage\":{\"@id\":\"https:\\\/\\\/www.bookazine.com\\\/pt-pt\\\/livreiros-de-comercio-eletronico\\\/#primaryimage\"},\"image\":{\"@id\":\"https:\\\/\\\/www.bookazine.com\\\/pt-pt\\\/livreiros-de-comercio-eletronico\\\/#primaryimage\"},\"thumbnailUrl\":\"https:\\\/\\\/www.bookazine.com\\\/wp-content\\\/uploads\\\/2025\\\/02\\\/internet1.jpg\",\"datePublished\":\"2025-02-03T02:42:19+00:00\",\"dateModified\":\"2025-02-22T21:14:10+00:00\",\"description\":\"Melhora a tua livraria online com os nossos servi\u00e7os eficientes de com\u00e9rcio eletr\u00f3nico e de Consumer Diret Fulfillment, garantindo a entrega atempada aos clientes.\",\"breadcrumb\":{\"@id\":\"https:\\\/\\\/www.bookazine.com\\\/pt-pt\\\/livreiros-de-comercio-eletronico\\\/#breadcrumb\"},\"inLanguage\":\"pt-PT\",\"potentialAction\":[{\"@type\":\"ReadAction\",\"target\":[\"https:\\\/\\\/www.bookazine.com\\\/pt-pt\\\/livreiros-de-comercio-eletronico\\\/\"]}]},{\"@type\":\"ImageObject\",\"inLanguage\":\"pt-PT\",\"@id\":\"https:\\\/\\\/www.bookazine.com\\\/pt-pt\\\/livreiros-de-comercio-eletronico\\\/#primaryimage\",\"url\":\"https:\\\/\\\/www.bookazine.com\\\/wp-content\\\/uploads\\\/2025\\\/02\\\/internet1.jpg\",\"contentUrl\":\"https:\\\/\\\/www.bookazine.com\\\/wp-content\\\/uploads\\\/2025\\\/02\\\/internet1.jpg\"},{\"@type\":\"BreadcrumbList\",\"@id\":\"https:\\\/\\\/www.bookazine.com\\\/pt-pt\\\/livreiros-de-comercio-eletronico\\\/#breadcrumb\",\"itemListElement\":[{\"@type\":\"ListItem\",\"position\":1,\"name\":\"Casa\",\"item\":\"https:\\\/\\\/www.bookazine.com\\\/pt-pt\\\/\"},{\"@type\":\"ListItem\",\"position\":2,\"name\":\"Livreiros de com\u00e9rcio eletr\u00f3nico\"}]},{\"@type\":\"WebSite\",\"@id\":\"https:\\\/\\\/www.bookazine.com\\\/pt-pt\\\/#website\",\"url\":\"https:\\\/\\\/www.bookazine.com\\\/pt-pt\\\/\",\"name\":\"Revista\",\"description\":\"Um dos principais grossistas de livros a n\u00edvel mundial\",\"potentialAction\":[{\"@type\":\"SearchAction\",\"target\":{\"@type\":\"EntryPoint\",\"urlTemplate\":\"https:\\\/\\\/www.bookazine.com\\\/pt-pt\\\/?s={search_term_string}\"},\"query-input\":{\"@type\":\"PropertyValueSpecification\",\"valueRequired\":true,\"valueName\":\"search_term_string\"}}],\"inLanguage\":\"pt-PT\"}]}<\/script>\n<!-- \/ Yoast SEO plugin. -->","yoast_head_json":{"title":"E-Commerce e CDF Fulfillment | Bookazine","description":"Melhora a tua livraria online com os nossos servi\u00e7os eficientes de com\u00e9rcio eletr\u00f3nico e de Consumer Diret Fulfillment, garantindo a entrega atempada aos clientes.","robots":{"index":"index","follow":"follow","max-snippet":"max-snippet:-1","max-image-preview":"max-image-preview:large","max-video-preview":"max-video-preview:-1"},"canonical":"https:\/\/www.bookazine.com\/pt-pt\/livreiros-de-comercio-eletronico\/","og_locale":"pt_PT","og_type":"article","og_title":"E-Commerce e CDF Fulfillment | Bookazine","og_description":"Melhora a tua livraria online com os nossos servi\u00e7os eficientes de com\u00e9rcio eletr\u00f3nico e de Consumer Diret Fulfillment, garantindo a entrega atempada aos clientes.","og_url":"https:\/\/www.bookazine.com\/pt-pt\/livreiros-de-comercio-eletronico\/","og_site_name":"Revista","article_modified_time":"2025-02-22T21:14:10+00:00","og_image":[{"url":"https:\/\/www.bookazine.com\/wp-content\/uploads\/2025\/02\/internet1.jpg","type":"","width":"","height":""}],"twitter_card":"summary_large_image","twitter_misc":{"Tempo estimado de leitura ":"3 minutos"},"schema":{"@context":"https:\/\/schema.org","@graph":[{"@type":"WebPage","@id":"https:\/\/www.bookazine.com\/pt-pt\/livreiros-de-comercio-eletronico\/","url":"https:\/\/www.bookazine.com\/pt-pt\/livreiros-de-comercio-eletronico\/","name":"E-Commerce e CDF Fulfillment | Bookazine","isPartOf":{"@id":"https:\/\/www.bookazine.com\/pt-pt\/#website"},"primaryImageOfPage":{"@id":"https:\/\/www.bookazine.com\/pt-pt\/livreiros-de-comercio-eletronico\/#primaryimage"},"image":{"@id":"https:\/\/www.bookazine.com\/pt-pt\/livreiros-de-comercio-eletronico\/#primaryimage"},"thumbnailUrl":"https:\/\/www.bookazine.com\/wp-content\/uploads\/2025\/02\/internet1.jpg","datePublished":"2025-02-03T02:42:19+00:00","dateModified":"2025-02-22T21:14:10+00:00","description":"Melhora a tua livraria online com os nossos servi\u00e7os eficientes de com\u00e9rcio eletr\u00f3nico e de Consumer Diret Fulfillment, garantindo a entrega atempada aos clientes.","breadcrumb":{"@id":"https:\/\/www.bookazine.com\/pt-pt\/livreiros-de-comercio-eletronico\/#breadcrumb"},"inLanguage":"pt-PT","potentialAction":[{"@type":"ReadAction","target":["https:\/\/www.bookazine.com\/pt-pt\/livreiros-de-comercio-eletronico\/"]}]},{"@type":"ImageObject","inLanguage":"pt-PT","@id":"https:\/\/www.bookazine.com\/pt-pt\/livreiros-de-comercio-eletronico\/#primaryimage","url":"https:\/\/www.bookazine.com\/wp-content\/uploads\/2025\/02\/internet1.jpg","contentUrl":"https:\/\/www.bookazine.com\/wp-content\/uploads\/2025\/02\/internet1.jpg"},{"@type":"BreadcrumbList","@id":"https:\/\/www.bookazine.com\/pt-pt\/livreiros-de-comercio-eletronico\/#breadcrumb","itemListElement":[{"@type":"ListItem","position":1,"name":"Casa","item":"https:\/\/www.bookazine.com\/pt-pt\/"},{"@type":"ListItem","position":2,"name":"Livreiros de com\u00e9rcio eletr\u00f3nico"}]},{"@type":"WebSite","@id":"https:\/\/www.bookazine.com\/pt-pt\/#website","url":"https:\/\/www.bookazine.com\/pt-pt\/","name":"Revista","description":"Um dos principais grossistas de livros a n\u00edvel mundial","potentialAction":[{"@type":"SearchAction","target":{"@type":"EntryPoint","urlTemplate":"https:\/\/www.bookazine.com\/pt-pt\/?s={search_term_string}"},"query-input":{"@type":"PropertyValueSpecification","valueRequired":true,"valueName":"search_term_string"}}],"inLanguage":"pt-PT"}]}},"_links":{"self":[{"href":"https:\/\/www.bookazine.com\/pt-pt\/wp-json\/wp\/v2\/pages\/7893","targetHints":{"allow":["GET"]}}],"collection":[{"href":"https:\/\/www.bookazine.com\/pt-pt\/wp-json\/wp\/v2\/pages"}],"about":[{"href":"https:\/\/www.bookazine.com\/pt-pt\/wp-json\/wp\/v2\/types\/page"}],"author":[{"embeddable":true,"href":"https:\/\/www.bookazine.com\/pt-pt\/wp-json\/wp\/v2\/users\/1"}],"replies":[{"embeddable":true,"href":"https:\/\/www.bookazine.com\/pt-pt\/wp-json\/wp\/v2\/comments?post=7893"}],"version-history":[{"count":1,"href":"https:\/\/www.bookazine.com\/pt-pt\/wp-json\/wp\/v2\/pages\/7893\/revisions"}],"predecessor-version":[{"id":7895,"href":"https:\/\/www.bookazine.com\/pt-pt\/wp-json\/wp\/v2\/pages\/7893\/revisions\/7895"}],"wp:attachment":[{"href":"https:\/\/www.bookazine.com\/pt-pt\/wp-json\/wp\/v2\/media?parent=7893"}],"curies":[{"name":"wp","href":"https:\/\/api.w.org\/{rel}","templated":true}]}}