{"id":7872,"date":"2025-02-03T02:40:00","date_gmt":"2025-02-03T02:40:00","guid":{"rendered":"https:\/\/www.bookazine.com\/bibliotecas\/"},"modified":"2025-02-22T21:13:59","modified_gmt":"2025-02-22T21:13:59","slug":"bibliotecas","status":"publish","type":"page","link":"https:\/\/www.bookazine.com\/pt-pt\/bibliotecas\/","title":{"rendered":"Bibliotecas"},"content":{"rendered":"\t\t<div data-elementor-type=\"wp-page\" data-elementor-id=\"7872\" class=\"elementor elementor-7872 elementor-5725\">\n\t\t\t\t<div class=\"elementor-element elementor-element-5ec29c6 e-con-full qode_elementor_container_inner e-flex parallax_section_no e-con e-parent\" data-id=\"5ec29c6\" data-element_type=\"container\" data-e-type=\"container\">\n\t\t<div class=\"elementor-element elementor-element-996e0e6 e-con-full e-flex parallax_section_no qode_elementor_container_no e-con e-child\" data-id=\"996e0e6\" data-element_type=\"container\" data-e-type=\"container\">\n\t\t\t\t<div class=\"elementor-element elementor-element-e1a841c elementor-widget elementor-widget-qi_addons_for_elementor_section_title\" data-id=\"e1a841c\" data-element_type=\"widget\" data-e-type=\"widget\" data-widget_type=\"qi_addons_for_elementor_section_title.default\">\n\t\t\t\t<div class=\"elementor-widget-container\">\n\t\t\t\t\t<div class=\"qodef-shortcode qodef-m qodef-qi-section-title qodef-decoration--italic qodef-link--underline-draw qodef-subtitle-icon--left\">\n\t\t\t\t\t\t<h1 class=\"qodef-m-title\">\n\t\tBookazine: O teu parceiro grossista de confian\u00e7a na distribui\u00e7\u00e3o de livros para bibliotecas\t<\/h1>\n\t\t\t<div class=\"qodef-m-text\"><p style=\"font-weight: 400\"><strong>A Bookazine<\/strong> \u00e9 um grossista de livros dedicado a apoiar as bibliotecas na constru\u00e7\u00e3o de colec\u00e7\u00f5es diversificadas e din\u00e2micas. O nosso apoio log\u00edstico abrangente e completo - adaptado aos m\u00e9todos preferidos da tua biblioteca - juntamente com uma conta altamente personalizada e assist\u00eancia ao cliente, velocidade, precis\u00e3o, consist\u00eancia e servi\u00e7o fi\u00e1vel l\u00edderes do setor, n\u00e3o tem paralelo na ind\u00fastria. Fornecemos assist\u00eancia personalizada para o desenvolvimento de colec\u00e7\u00f5es, espec\u00edfica para as necessidades da tua biblioteca, para criar uma cole\u00e7\u00e3o que se identifique com a tua comunidade.    <strong>Estamos bem equipados para satisfazer as necessidades espec\u00edficas das bibliotecas de todo o mundo.<\/strong><\/p><\/div>\n\t<\/div>\n\t\t\t\t<\/div>\n\t\t\t\t<\/div>\n\t\t\t\t<\/div>\n\t\t<div class=\"elementor-element elementor-element-ddf1103 e-con-full e-flex parallax_section_no qode_elementor_container_no e-con e-child\" data-id=\"ddf1103\" data-element_type=\"container\" data-e-type=\"container\">\n\t\t\t\t<div class=\"elementor-element elementor-element-6389491 elementor-widget elementor-widget-bridge_image_hover\" data-id=\"6389491\" data-element_type=\"widget\" data-e-type=\"widget\" data-widget_type=\"bridge_image_hover.default\">\n\t\t\t\t<div class=\"elementor-widget-container\">\n\t\t\t\t\t<div class=\"image_hover \" data-transition-delay=\"\"><div class=\"images_holder\"><img decoding=\"async\" itemprop=\"image\" class=\"\" src=\"https:\/\/www.bookazine.com\/wp-content\/uploads\/2025\/02\/lib1.jpg\" alt=\"Main Image\" style=\"\" \/><\/div><\/div>\t\t\t\t<\/div>\n\t\t\t\t<\/div>\n\t\t\t\t<\/div>\n\t\t\t\t<\/div>\n\t\t<div class=\"elementor-element elementor-element-1df9b27 e-con-full qode_elementor_container_inner e-flex parallax_section_no e-con e-parent\" data-id=\"1df9b27\" data-element_type=\"container\" data-e-type=\"container\">\n\t\t<div class=\"elementor-element elementor-element-841fe0f e-con-full e-flex parallax_section_no qode_elementor_container_no e-con e-child\" data-id=\"841fe0f\" data-element_type=\"container\" data-e-type=\"container\">\n\t\t\t\t<div class=\"elementor-element elementor-element-dbf8206 elementor-widget elementor-widget-bridge_image_hover\" data-id=\"dbf8206\" data-element_type=\"widget\" data-e-type=\"widget\" data-widget_type=\"bridge_image_hover.default\">\n\t\t\t\t<div class=\"elementor-widget-container\">\n\t\t\t\t\t<div class=\"image_hover \" data-transition-delay=\"\"><div class=\"images_holder\"><img decoding=\"async\" itemprop=\"image\" class=\"\" src=\"https:\/\/www.bookazine.com\/wp-content\/uploads\/2025\/02\/lib2.jpg\" alt=\"Main Image\" style=\"\" \/><\/div><\/div>\t\t\t\t<\/div>\n\t\t\t\t<\/div>\n\t\t\t\t<\/div>\n\t\t<div class=\"elementor-element elementor-element-050c0d2 e-con-full e-flex parallax_section_no qode_elementor_container_no e-con e-child\" data-id=\"050c0d2\" data-element_type=\"container\" data-e-type=\"container\">\n\t\t\t\t<div class=\"elementor-element elementor-element-33b6607 elementor-widget elementor-widget-qi_addons_for_elementor_section_title\" data-id=\"33b6607\" data-element_type=\"widget\" data-e-type=\"widget\" data-widget_type=\"qi_addons_for_elementor_section_title.default\">\n\t\t\t\t<div class=\"elementor-widget-container\">\n\t\t\t\t\t<div class=\"qodef-shortcode qodef-m qodef-qi-section-title qodef-decoration--italic qodef-link--underline-draw qodef-subtitle-icon--left\">\n\t\t\t\t\t\t<h1 class=\"qodef-m-title\">\n\t\tAumenta o impacto da tua biblioteca com os nossos servi\u00e7os especializados\t<\/h1>\n\t\t\t<div class=\"qodef-m-text\"><h5 style=\"font-weight: 400\"><strong>Encomendas e gest\u00e3o de contas simplificadas<\/strong><\/h5><p style=\"font-weight: 400\">A nossa plataforma online de f\u00e1cil utiliza\u00e7\u00e3o permite uma gest\u00e3o eficiente das encomendas e das contas. As carater\u00edsticas incluem: <\/p><ul style=\"font-weight: 400\"><li>Capacidades de pesquisa avan\u00e7ada<\/li><li>Op\u00e7\u00f5es de carregamento em massa<\/li><li>Atualiza\u00e7\u00e3o do invent\u00e1rio em tempo real<\/li><li>Interfaces de encomendas electr\u00f3nicas - atrav\u00e9s de sistemas integrados em EDI e plataformas de fornecedores<\/li><\/ul><h5 style=\"font-weight: 400\"><strong><br>Cumprimento r\u00e1pido e fi\u00e1vel<\/strong><\/h5><ul style=\"font-weight: 400\"><li>Flexibilidade nas encomendas<\/li><li>Processamento e envio r\u00e1pidos e precisos<\/li><li>Envio no mesmo dia para encomendas em stock efectuadas at\u00e9 \u00e0s nossas horas limite<\/li><li>Controlo de qualidade em cada envio<\/li><\/ul><h5> <\/h5><h5 style=\"font-weight: 400\"><strong>Rede de distribui\u00e7\u00e3o global<\/strong><\/h5><p style=\"font-weight: 400\">A Bookazine fornece livros a bibliotecas nos EUA e em todo o mundo, garantindo uma entrega atempada e um servi\u00e7o excecional.<\/p><\/div>\n\t<\/div>\n\t\t\t\t<\/div>\n\t\t\t\t<\/div>\n\t\t\t\t<\/div>\n\t\t\t\t<\/div>\n\t\t<div style=\"background-image: url(https:\/\/bookazine.com\/wp-content\/uploads\/2025\/02\/new-us.jpg);\" class=\"parallax_section_holder elementor-element elementor-element-8879b36 e-con-full parallax_section_holder e-flex qode_elementor_container_no e-con e-parent\" data-speed=\"0\" data-id=\"8879b36\" data-element_type=\"container\" data-e-type=\"container\" data-settings=\"{&quot;qode_parallax_image&quot;:{&quot;url&quot;:&quot;https:\\\/\\\/bookazine.com\\\/wp-content\\\/uploads\\\/2025\\\/02\\\/new-us.jpg&quot;,&quot;id&quot;:6245,&quot;size&quot;:&quot;&quot;,&quot;alt&quot;:&quot;&quot;,&quot;source&quot;:&quot;library&quot;},&quot;background_background&quot;:&quot;classic&quot;}\">\n\t\t\t\t<div class=\"elementor-element elementor-element-c14972d elementor-widget elementor-widget-qi_addons_for_elementor_banner\" data-id=\"c14972d\" data-element_type=\"widget\" data-e-type=\"widget\" data-widget_type=\"qi_addons_for_elementor_banner.default\">\n\t\t\t\t<div class=\"elementor-widget-container\">\n\t\t\t\t\t<div class=\"qodef-shortcode qodef-m qodef-qi-banner qodef-layout--standard qodef-vertical--middle qodef-horizontal--center qodef-image--hover-zoom\">\n\t<div class=\"qodef-m-image\">\n\t<\/div>\n\t<div class=\"qodef-m-content\">\n\t\t<div class=\"qodef-m-content-inner\">\n\t\t\t\t\t\t\t<h2 class=\"qodef-m-title\">\n\t\tRecursos\t<\/h2>\n\t\t\t\t<p class=\"qodef-m-text\">\n\t\tLorem ipsum dolor sit amet, consectetur adipiscing elit. N\u00e3o te esque\u00e7as de que a tua vida \u00e9 mais do que um sonho.   \t<\/p>\n\t\t\t\t<div class=\"qodef-m-button\">\n\t\t<a class=\"qodef-shortcode qodef-m qodef-qi-button qodef-html--link qodef-layout--outlined qodef-type--standard qodef-icon--right qodef-hover--icon-move-horizontal-short\" href=\"#\" target=\"_self\">\t<span class=\"qodef-m-text\">Aprende mais<\/span>\t<\/a>\t<\/div>\n\t\t<\/div>\n\t<\/div>\n\t\t<a itemprop=\"url\" href=\"#\" class=\"qodef-m-banner-link\" target=\"_self\"><\/a>\n<\/div>\n\t\t\t\t<\/div>\n\t\t\t\t<\/div>\n\t\t\t\t<div class=\"elementor-element elementor-element-28a1073 elementor-widget__width-initial elementor-widget elementor-widget-qi_addons_for_elementor_section_title\" data-id=\"28a1073\" data-element_type=\"widget\" data-e-type=\"widget\" data-widget_type=\"qi_addons_for_elementor_section_title.default\">\n\t\t\t\t<div class=\"elementor-widget-container\">\n\t\t\t\t\t<div class=\"qodef-shortcode qodef-m qodef-qi-section-title qodef-decoration--italic qodef-link--underline-draw qodef-subtitle-icon--left\">\n\t\t\t\t\t\t<h1 class=\"qodef-m-title\">\n\t\tCome\u00e7a a trabalhar\t<\/h1>\n\t\t\t<\/div>\n\t\t\t\t<\/div>\n\t\t\t\t<\/div>\n\t\t\t\t<div class=\"elementor-element elementor-element-f0aec6d elementor-widget elementor-widget-bridge_button\" data-id=\"f0aec6d\" data-element_type=\"widget\" data-e-type=\"widget\" data-widget_type=\"bridge_button.default\">\n\t\t\t\t<div class=\"elementor-widget-container\">\n\t\t\t\t\t<a  itemprop=\"url\" href=\"https:\/\/bookazine.com\/sign-up\/\" target=\"_self\" data-hover-background-color=\"#99A1C8\" class=\"qbutton  white default\" style=\"color: #0F173F; background-color:#FFFFFF;\">ABRE UMA CONTA<\/a>\t\t\t\t<\/div>\n\t\t\t\t<\/div>\n\t\t\t\t<\/div>\n\t\t<div class=\"elementor-element elementor-element-a505e4f e-con-full e-flex parallax_section_no qode_elementor_container_no e-con e-parent\" data-id=\"a505e4f\" data-element_type=\"container\" data-e-type=\"container\">\n\t\t\t\t<div class=\"elementor-element elementor-element-74c28fb elementor-view-default elementor-widget elementor-widget-icon\" data-id=\"74c28fb\" data-element_type=\"widget\" data-e-type=\"widget\" data-widget_type=\"icon.default\">\n\t\t\t\t<div class=\"elementor-widget-container\">\n\t\t\t\t\t\t\t<div class=\"elementor-icon-wrapper\">\n\t\t\t<div class=\"elementor-icon\">\n\t\t\t<svg aria-hidden=\"true\" class=\"e-font-icon-svg e-fas-star\" viewBox=\"0 0 576 512\" xmlns=\"http:\/\/www.w3.org\/2000\/svg\"><path d=\"M259.3 17.8L194 150.2 47.9 171.5c-26.2 3.8-36.7 36.1-17.7 54.6l105.7 103-25 145.5c-4.5 26.3 23.2 46 46.4 33.7L288 439.6l130.7 68.7c23.2 12.2 50.9-7.4 46.4-33.7l-25-145.5 105.7-103c19-18.5 8.5-50.8-17.7-54.6L382 150.2 316.7 17.8c-11.7-23.6-45.6-23.9-57.4 0z\"><\/path><\/svg>\t\t\t<\/div>\n\t\t<\/div>\n\t\t\t\t\t\t<\/div>\n\t\t\t\t<\/div>\n\t\t\t\t<div class=\"elementor-element elementor-element-d80dfe2 elementor-widget__width-initial elementor-widget elementor-widget-qi_addons_for_elementor_section_title\" data-id=\"d80dfe2\" data-element_type=\"widget\" data-e-type=\"widget\" data-widget_type=\"qi_addons_for_elementor_section_title.default\">\n\t\t\t\t<div class=\"elementor-widget-container\">\n\t\t\t\t\t<div class=\"qodef-shortcode qodef-m qodef-qi-section-title qodef-decoration--italic qodef-link--underline-draw qodef-subtitle-icon--right\">\n\t\t\t\t\t\t<h1 class=\"qodef-m-title\">\n\t\tVERDADEIRO SERVI\u00c7O AO CLIENTE\t<\/h1>\n\t\t\t<div class=\"qodef-m-text\"><p class=\"p1\"><span class=\"s1\">Durante mais de 90 anos, a Bookazine tem sido um parceiro de confian\u00e7a para as comunidades de retalho e de publica\u00e7\u00e3o, fornecendo um servi\u00e7o e apoio sem paralelo. Estamos empenhados em ajudar-te a fazer crescer o teu neg\u00f3cio, fornecendo uma assist\u00eancia perfeita em todas as fases - desde a encomenda inicial at\u00e9 ao dia da entrega. A nossa equipa dedicada assegura um processo suave e eficiente, facilitando o seu sucesso e o dos seus clientes. \u00c0 medida que o teu neg\u00f3cio evolui, os nossos servi\u00e7os crescem contigo, adaptando-se \u00e0s tuas necessidades em constante mudan\u00e7a. Na Bookazine, o teu sucesso \u00e9 a nossa prioridade.    <\/span><\/p><\/div>\n\t<\/div>\n\t\t\t\t<\/div>\n\t\t\t\t<\/div>\n\t\t\t\t<\/div>\n\t\t<div class=\"elementor-element elementor-element-8c049ab e-con-full e-flex parallax_section_no qode_elementor_container_no e-con e-parent\" data-id=\"8c049ab\" data-element_type=\"container\" data-e-type=\"container\">\n\t\t<div class=\"elementor-element elementor-element-b4c778c e-con-full e-flex parallax_section_no qode_elementor_container_no e-con e-child\" data-id=\"b4c778c\" data-element_type=\"container\" data-e-type=\"container\">\n\t\t\t\t<div class=\"elementor-element elementor-element-c8f715e elementor-widget elementor-widget-qi_addons_for_elementor_banner\" data-id=\"c8f715e\" data-element_type=\"widget\" data-e-type=\"widget\" data-widget_type=\"qi_addons_for_elementor_banner.default\">\n\t\t\t\t<div class=\"elementor-widget-container\">\n\t\t\t\t\t<div class=\"qodef-shortcode qodef-m qodef-qi-banner qodef-layout--standard qodef-vertical--middle qodef-horizontal--center qodef-image--hover-zoom\">\n\t<div class=\"qodef-m-image\">\n\t<img fetchpriority=\"high\" decoding=\"async\" width=\"1300\" height=\"740\" src=\"https:\/\/www.bookazine.com\/wp-content\/uploads\/2025\/01\/search.jpg\" class=\"attachment-full size-full\" alt=\"\" srcset=\"https:\/\/www.bookazine.com\/wp-content\/uploads\/2025\/01\/search.jpg 1300w, https:\/\/www.bookazine.com\/wp-content\/uploads\/2025\/01\/search-300x171.jpg 300w, https:\/\/www.bookazine.com\/wp-content\/uploads\/2025\/01\/search-1024x583.jpg 1024w, https:\/\/www.bookazine.com\/wp-content\/uploads\/2025\/01\/search-768x437.jpg 768w, https:\/\/www.bookazine.com\/wp-content\/uploads\/2025\/01\/search-700x398.jpg 700w\" sizes=\"(max-width: 1300px) 100vw, 1300px\" \/><\/div>\n\t<div class=\"qodef-m-content\">\n\t\t<div class=\"qodef-m-content-inner\">\n\t\t\t\t\t\t\t<h2 class=\"qodef-m-title\">\n\t\tProcura no cat\u00e1logo\t<\/h2>\n\t\t\t\t<p class=\"qodef-m-text\">\n\t\tNavega pelo nosso cat\u00e1logo para veres os \u00faltimos lan\u00e7amentos e muito mais.  \t<\/p>\n\t\t\t\t<div class=\"qodef-m-button\">\n\t\t<a class=\"qodef-shortcode qodef-m qodef-qi-button qodef-html--link qodef-layout--outlined qodef-type--standard qodef-icon--right qodef-hover--icon-move-horizontal-short\" href=\"https:\/\/orders.bookazine.com\" target=\"_self\">\t<span class=\"qodef-m-text\">PESQUISA<\/span>\t<\/a>\t<\/div>\n\t\t<\/div>\n\t<\/div>\n\t\t<a itemprop=\"url\" href=\"https:\/\/orders.bookazine.com\" class=\"qodef-m-banner-link\" target=\"_self\"><\/a>\n<\/div>\n\t\t\t\t<\/div>\n\t\t\t\t<\/div>\n\t\t\t\t<\/div>\n\t\t<div class=\"elementor-element elementor-element-c722517 e-con-full e-flex parallax_section_no qode_elementor_container_no e-con e-child\" data-id=\"c722517\" data-element_type=\"container\" data-e-type=\"container\">\n\t\t\t\t<div class=\"elementor-element elementor-element-cdcdf38 elementor-widget elementor-widget-qi_addons_for_elementor_banner\" data-id=\"cdcdf38\" data-element_type=\"widget\" data-e-type=\"widget\" data-widget_type=\"qi_addons_for_elementor_banner.default\">\n\t\t\t\t<div class=\"elementor-widget-container\">\n\t\t\t\t\t<div class=\"qodef-shortcode qodef-m qodef-qi-banner qodef-layout--standard qodef-vertical--middle qodef-horizontal--center qodef-image--hover-zoom\">\n\t<div class=\"qodef-m-image\">\n\t<img decoding=\"async\" width=\"1300\" height=\"740\" src=\"https:\/\/www.bookazine.com\/wp-content\/uploads\/2025\/01\/resources2.jpg\" class=\"attachment-full size-full\" alt=\"\" srcset=\"https:\/\/www.bookazine.com\/wp-content\/uploads\/2025\/01\/resources2.jpg 1300w, https:\/\/www.bookazine.com\/wp-content\/uploads\/2025\/01\/resources2-300x171.jpg 300w, https:\/\/www.bookazine.com\/wp-content\/uploads\/2025\/01\/resources2-1024x583.jpg 1024w, https:\/\/www.bookazine.com\/wp-content\/uploads\/2025\/01\/resources2-768x437.jpg 768w, https:\/\/www.bookazine.com\/wp-content\/uploads\/2025\/01\/resources2-700x398.jpg 700w\" sizes=\"(max-width: 1300px) 100vw, 1300px\" \/><\/div>\n\t<div class=\"qodef-m-content\">\n\t\t<div class=\"qodef-m-content-inner\">\n\t\t\t\t\t\t\t<h2 class=\"qodef-m-title\">\n\t\tPERGUNTAS?\t<\/h2>\n\t\t\t\t<p class=\"qodef-m-text\">\n\t\tA nossa equipa especializada de apoio ao cliente est\u00e1 pronta a ajudar-te com quaisquer quest\u00f5es.\t<\/p>\n\t\t\t\t<div class=\"qodef-m-button\">\n\t\t<a class=\"qodef-shortcode qodef-m qodef-qi-button qodef-html--link qodef-layout--outlined qodef-type--standard qodef-icon--right qodef-hover--icon-move-horizontal-short\" href=\"https:\/\/bookazine.com\/contact-us\/\" target=\"_self\">\t<span class=\"qodef-m-text\">CONTACTA-NOS<\/span>\t<\/a>\t<\/div>\n\t\t<\/div>\n\t<\/div>\n\t\t<a itemprop=\"url\" href=\"https:\/\/bookazine.com\/contact-us\/\" class=\"qodef-m-banner-link\" target=\"_self\"><\/a>\n<\/div>\n\t\t\t\t<\/div>\n\t\t\t\t<\/div>\n\t\t\t\t<\/div>\n\t\t\t\t<\/div>\n\t\t\t\t<\/div>\n\t\t","protected":false},"excerpt":{"rendered":"<p>Bookazine: O teu parceiro grossista de confian\u00e7a na distribui\u00e7\u00e3o de livros para bibliotecas A Bookazine \u00e9 um grossista de livros dedicado a apoiar as bibliotecas na constru\u00e7\u00e3o de colec\u00e7\u00f5es diversificadas e din\u00e2micas. O nosso apoio log\u00edstico abrangente e completo &#8211; adaptado aos m\u00e9todos preferidos da&#8230;<\/p>\n","protected":false},"author":1,"featured_media":0,"parent":0,"menu_order":0,"comment_status":"closed","ping_status":"closed","template":"full_width.php","meta":{"footnotes":""},"class_list":["post-7872","page","type-page","status-publish","hentry"],"yoast_head":"<!-- This site is optimized with the Yoast SEO plugin v27.3 - https:\/\/yoast.com\/product\/yoast-seo-wordpress\/ -->\n<title>Bookazine para bibliotecas | Extensas colec\u00e7\u00f5es de livros e servi\u00e7os<\/title>\n<meta name=\"description\" content=\"Equipa a tua biblioteca com uma gama diversificada de t\u00edtulos e servi\u00e7os especializados da Bookazine, apoiando o enriquecimento educacional e comunit\u00e1rio.\" \/>\n<meta name=\"robots\" content=\"index, follow, max-snippet:-1, max-image-preview:large, max-video-preview:-1\" \/>\n<link rel=\"canonical\" href=\"https:\/\/www.bookazine.com\/pt-pt\/bibliotecas\/\" \/>\n<meta property=\"og:locale\" content=\"pt_PT\" \/>\n<meta property=\"og:type\" content=\"article\" \/>\n<meta property=\"og:title\" content=\"Bookazine para bibliotecas | Extensas colec\u00e7\u00f5es de livros e servi\u00e7os\" \/>\n<meta property=\"og:description\" content=\"Equipa a tua biblioteca com uma gama diversificada de t\u00edtulos e servi\u00e7os especializados da Bookazine, apoiando o enriquecimento educacional e comunit\u00e1rio.\" \/>\n<meta property=\"og:url\" content=\"https:\/\/www.bookazine.com\/pt-pt\/bibliotecas\/\" \/>\n<meta property=\"og:site_name\" content=\"Revista\" \/>\n<meta property=\"article:modified_time\" content=\"2025-02-22T21:13:59+00:00\" \/>\n<meta property=\"og:image\" content=\"https:\/\/www.bookazine.com\/wp-content\/uploads\/2025\/02\/lib1.jpg\" \/>\n<meta name=\"twitter:card\" content=\"summary_large_image\" \/>\n<meta name=\"twitter:label1\" content=\"Tempo estimado de leitura \" \/>\n\t<meta name=\"twitter:data1\" content=\"2 minutos\" \/>\n<script type=\"application\/ld+json\" class=\"yoast-schema-graph\">{\"@context\":\"https:\\\/\\\/schema.org\",\"@graph\":[{\"@type\":\"WebPage\",\"@id\":\"https:\\\/\\\/www.bookazine.com\\\/pt-pt\\\/bibliotecas\\\/\",\"url\":\"https:\\\/\\\/www.bookazine.com\\\/pt-pt\\\/bibliotecas\\\/\",\"name\":\"Bookazine para bibliotecas | Extensas colec\u00e7\u00f5es de livros e servi\u00e7os\",\"isPartOf\":{\"@id\":\"https:\\\/\\\/www.bookazine.com\\\/pt-pt\\\/#website\"},\"primaryImageOfPage\":{\"@id\":\"https:\\\/\\\/www.bookazine.com\\\/pt-pt\\\/bibliotecas\\\/#primaryimage\"},\"image\":{\"@id\":\"https:\\\/\\\/www.bookazine.com\\\/pt-pt\\\/bibliotecas\\\/#primaryimage\"},\"thumbnailUrl\":\"https:\\\/\\\/www.bookazine.com\\\/wp-content\\\/uploads\\\/2025\\\/02\\\/lib1.jpg\",\"datePublished\":\"2025-02-03T02:40:00+00:00\",\"dateModified\":\"2025-02-22T21:13:59+00:00\",\"description\":\"Equipa a tua biblioteca com uma gama diversificada de t\u00edtulos e servi\u00e7os especializados da Bookazine, apoiando o enriquecimento educacional e comunit\u00e1rio.\",\"breadcrumb\":{\"@id\":\"https:\\\/\\\/www.bookazine.com\\\/pt-pt\\\/bibliotecas\\\/#breadcrumb\"},\"inLanguage\":\"pt-PT\",\"potentialAction\":[{\"@type\":\"ReadAction\",\"target\":[\"https:\\\/\\\/www.bookazine.com\\\/pt-pt\\\/bibliotecas\\\/\"]}]},{\"@type\":\"ImageObject\",\"inLanguage\":\"pt-PT\",\"@id\":\"https:\\\/\\\/www.bookazine.com\\\/pt-pt\\\/bibliotecas\\\/#primaryimage\",\"url\":\"https:\\\/\\\/www.bookazine.com\\\/wp-content\\\/uploads\\\/2025\\\/02\\\/lib1.jpg\",\"contentUrl\":\"https:\\\/\\\/www.bookazine.com\\\/wp-content\\\/uploads\\\/2025\\\/02\\\/lib1.jpg\"},{\"@type\":\"BreadcrumbList\",\"@id\":\"https:\\\/\\\/www.bookazine.com\\\/pt-pt\\\/bibliotecas\\\/#breadcrumb\",\"itemListElement\":[{\"@type\":\"ListItem\",\"position\":1,\"name\":\"Casa\",\"item\":\"https:\\\/\\\/www.bookazine.com\\\/pt-pt\\\/\"},{\"@type\":\"ListItem\",\"position\":2,\"name\":\"Bibliotecas\"}]},{\"@type\":\"WebSite\",\"@id\":\"https:\\\/\\\/www.bookazine.com\\\/pt-pt\\\/#website\",\"url\":\"https:\\\/\\\/www.bookazine.com\\\/pt-pt\\\/\",\"name\":\"Revista\",\"description\":\"Um dos principais grossistas de livros a n\u00edvel mundial\",\"potentialAction\":[{\"@type\":\"SearchAction\",\"target\":{\"@type\":\"EntryPoint\",\"urlTemplate\":\"https:\\\/\\\/www.bookazine.com\\\/pt-pt\\\/?s={search_term_string}\"},\"query-input\":{\"@type\":\"PropertyValueSpecification\",\"valueRequired\":true,\"valueName\":\"search_term_string\"}}],\"inLanguage\":\"pt-PT\"}]}<\/script>\n<!-- \/ Yoast SEO plugin. -->","yoast_head_json":{"title":"Bookazine para bibliotecas | Extensas colec\u00e7\u00f5es de livros e servi\u00e7os","description":"Equipa a tua biblioteca com uma gama diversificada de t\u00edtulos e servi\u00e7os especializados da Bookazine, apoiando o enriquecimento educacional e comunit\u00e1rio.","robots":{"index":"index","follow":"follow","max-snippet":"max-snippet:-1","max-image-preview":"max-image-preview:large","max-video-preview":"max-video-preview:-1"},"canonical":"https:\/\/www.bookazine.com\/pt-pt\/bibliotecas\/","og_locale":"pt_PT","og_type":"article","og_title":"Bookazine para bibliotecas | Extensas colec\u00e7\u00f5es de livros e servi\u00e7os","og_description":"Equipa a tua biblioteca com uma gama diversificada de t\u00edtulos e servi\u00e7os especializados da Bookazine, apoiando o enriquecimento educacional e comunit\u00e1rio.","og_url":"https:\/\/www.bookazine.com\/pt-pt\/bibliotecas\/","og_site_name":"Revista","article_modified_time":"2025-02-22T21:13:59+00:00","og_image":[{"url":"https:\/\/www.bookazine.com\/wp-content\/uploads\/2025\/02\/lib1.jpg","type":"","width":"","height":""}],"twitter_card":"summary_large_image","twitter_misc":{"Tempo estimado de leitura ":"2 minutos"},"schema":{"@context":"https:\/\/schema.org","@graph":[{"@type":"WebPage","@id":"https:\/\/www.bookazine.com\/pt-pt\/bibliotecas\/","url":"https:\/\/www.bookazine.com\/pt-pt\/bibliotecas\/","name":"Bookazine para bibliotecas | Extensas colec\u00e7\u00f5es de livros e servi\u00e7os","isPartOf":{"@id":"https:\/\/www.bookazine.com\/pt-pt\/#website"},"primaryImageOfPage":{"@id":"https:\/\/www.bookazine.com\/pt-pt\/bibliotecas\/#primaryimage"},"image":{"@id":"https:\/\/www.bookazine.com\/pt-pt\/bibliotecas\/#primaryimage"},"thumbnailUrl":"https:\/\/www.bookazine.com\/wp-content\/uploads\/2025\/02\/lib1.jpg","datePublished":"2025-02-03T02:40:00+00:00","dateModified":"2025-02-22T21:13:59+00:00","description":"Equipa a tua biblioteca com uma gama diversificada de t\u00edtulos e servi\u00e7os especializados da Bookazine, apoiando o enriquecimento educacional e comunit\u00e1rio.","breadcrumb":{"@id":"https:\/\/www.bookazine.com\/pt-pt\/bibliotecas\/#breadcrumb"},"inLanguage":"pt-PT","potentialAction":[{"@type":"ReadAction","target":["https:\/\/www.bookazine.com\/pt-pt\/bibliotecas\/"]}]},{"@type":"ImageObject","inLanguage":"pt-PT","@id":"https:\/\/www.bookazine.com\/pt-pt\/bibliotecas\/#primaryimage","url":"https:\/\/www.bookazine.com\/wp-content\/uploads\/2025\/02\/lib1.jpg","contentUrl":"https:\/\/www.bookazine.com\/wp-content\/uploads\/2025\/02\/lib1.jpg"},{"@type":"BreadcrumbList","@id":"https:\/\/www.bookazine.com\/pt-pt\/bibliotecas\/#breadcrumb","itemListElement":[{"@type":"ListItem","position":1,"name":"Casa","item":"https:\/\/www.bookazine.com\/pt-pt\/"},{"@type":"ListItem","position":2,"name":"Bibliotecas"}]},{"@type":"WebSite","@id":"https:\/\/www.bookazine.com\/pt-pt\/#website","url":"https:\/\/www.bookazine.com\/pt-pt\/","name":"Revista","description":"Um dos principais grossistas de livros a n\u00edvel mundial","potentialAction":[{"@type":"SearchAction","target":{"@type":"EntryPoint","urlTemplate":"https:\/\/www.bookazine.com\/pt-pt\/?s={search_term_string}"},"query-input":{"@type":"PropertyValueSpecification","valueRequired":true,"valueName":"search_term_string"}}],"inLanguage":"pt-PT"}]}},"_links":{"self":[{"href":"https:\/\/www.bookazine.com\/pt-pt\/wp-json\/wp\/v2\/pages\/7872","targetHints":{"allow":["GET"]}}],"collection":[{"href":"https:\/\/www.bookazine.com\/pt-pt\/wp-json\/wp\/v2\/pages"}],"about":[{"href":"https:\/\/www.bookazine.com\/pt-pt\/wp-json\/wp\/v2\/types\/page"}],"author":[{"embeddable":true,"href":"https:\/\/www.bookazine.com\/pt-pt\/wp-json\/wp\/v2\/users\/1"}],"replies":[{"embeddable":true,"href":"https:\/\/www.bookazine.com\/pt-pt\/wp-json\/wp\/v2\/comments?post=7872"}],"version-history":[{"count":1,"href":"https:\/\/www.bookazine.com\/pt-pt\/wp-json\/wp\/v2\/pages\/7872\/revisions"}],"predecessor-version":[{"id":7874,"href":"https:\/\/www.bookazine.com\/pt-pt\/wp-json\/wp\/v2\/pages\/7872\/revisions\/7874"}],"wp:attachment":[{"href":"https:\/\/www.bookazine.com\/pt-pt\/wp-json\/wp\/v2\/media?parent=7872"}],"curies":[{"name":"wp","href":"https:\/\/api.w.org\/{rel}","templated":true}]}}