{"id":7841,"date":"2023-11-14T10:27:00","date_gmt":"2023-11-14T10:27:00","guid":{"rendered":"https:\/\/www.bookazine.com\/contacta-nos\/"},"modified":"2025-02-22T21:13:42","modified_gmt":"2025-02-22T21:13:42","slug":"contacta-nos","status":"publish","type":"page","link":"https:\/\/www.bookazine.com\/pt-pt\/contacta-nos\/","title":{"rendered":"Contacta-nos"},"content":{"rendered":"\t\t<div data-elementor-type=\"wp-page\" data-elementor-id=\"7841\" class=\"elementor elementor-7841 elementor-4100\">\n\t\t\t\t<div class=\"elementor-element elementor-element-7ecec7a1 e-con-full qode_elementor_container_inner e-flex parallax_section_no e-con e-parent\" data-id=\"7ecec7a1\" data-element_type=\"container\" data-e-type=\"container\">\n\t\t<div class=\"elementor-element elementor-element-4bcf6ae4 e-flex e-con-boxed parallax_section_no qode_elementor_container_no e-con e-child\" data-id=\"4bcf6ae4\" data-element_type=\"container\" data-e-type=\"container\">\n\t\t\t\t\t<div class=\"e-con-inner\">\n\t\t\t\t<div class=\"elementor-element elementor-element-3833325e elementor-widget elementor-widget-qi_addons_for_elementor_section_title\" data-id=\"3833325e\" data-element_type=\"widget\" data-e-type=\"widget\" data-widget_type=\"qi_addons_for_elementor_section_title.default\">\n\t\t\t\t<div class=\"elementor-widget-container\">\n\t\t\t\t\t<div class=\"qodef-shortcode qodef-m qodef-qi-section-title qodef-decoration--italic qodef-link--underline-draw qodef-subtitle-icon--left\">\n\t\t\t\t<h5 class=\"qodef-m-subtitle\">\n\t\tENTRA EM CONTACTO\t\t\t<\/h5>\n\t\t\t<h1 class=\"qodef-m-title\">\n\t\tA nossa equipa est\u00e1 aqui para ajudar\t<\/h1>\n\t\t\t<div class=\"qodef-m-text\"><div class=\"qodef-m-text\">Se tiveres alguma d\u00favida ou precisares de ajuda, liga-nos ou envia-nos um e-mail e um representante do servi\u00e7o de apoio ao cliente entrar\u00e1 em contacto contigo em breve.<\/div><\/div>\n\t<\/div>\n\t\t\t\t<\/div>\n\t\t\t\t<\/div>\n\t\t<div class=\"elementor-element elementor-element-6ee3bbe3 e-flex e-con-boxed parallax_section_no qode_elementor_container_no e-con e-child\" data-id=\"6ee3bbe3\" data-element_type=\"container\" data-e-type=\"container\">\n\t\t\t\t\t<div class=\"e-con-inner\">\n\t\t\t\t<div class=\"elementor-element elementor-element-464053e1 elementor-widget__width-initial elementor-widget elementor-widget-text-editor\" data-id=\"464053e1\" data-element_type=\"widget\" data-e-type=\"widget\" data-widget_type=\"text-editor.default\">\n\t\t\t\t<div class=\"elementor-widget-container\">\n\t\t\t\t\t\t\t\t\t<h5>BOOKAZINE<\/h5><p>75 Hook Road, <br>Bayonne, NJ 07002 <br>USA<\/p><p><a href=\"mailto:inquire@bookazine.com?Subject=Website%20Inquiry\" target=\"_blank\" rel=\"noopener\">inquire@bookazine.com<\/a><\/p><h4><strong><br>+1 800.221.8112<br><br><\/strong><strong>+1 201.339.7777<\/strong><\/h4>\t\t\t\t\t\t\t\t<\/div>\n\t\t\t\t<\/div>\n\t\t\t\t\t<\/div>\n\t\t\t\t<\/div>\n\t\t\t\t\t<\/div>\n\t\t\t\t<\/div>\n\t\t<div class=\"elementor-element elementor-element-505a9b40 e-flex e-con-boxed parallax_section_no qode_elementor_container_no e-con e-child\" data-id=\"505a9b40\" data-element_type=\"container\" data-e-type=\"container\">\n\t\t\t\t\t<div class=\"e-con-inner\">\n\t\t\t\t<div class=\"elementor-element elementor-element-363957f4 elementor-widget-tablet__width-initial elementor-widget elementor-widget-bridge_cf_7\" data-id=\"363957f4\" data-element_type=\"widget\" data-e-type=\"widget\" data-widget_type=\"bridge_cf_7.default\">\n\t\t\t\t<div class=\"elementor-widget-container\">\n\t\t\t\t\t    <div class=\"qode-contact-form-7 qode-contact-form-7-0\">\n    \n<div class=\"wpcf7 no-js\" id=\"wpcf7-f7804-o1\" lang=\"pt-PT\" dir=\"ltr\" data-wpcf7-id=\"7804\">\n<div class=\"screen-reader-response\"><p role=\"status\" aria-live=\"polite\" aria-atomic=\"true\"><\/p> <ul><\/ul><\/div>\n<form action=\"\/pt-pt\/wp-json\/wp\/v2\/pages\/7841#wpcf7-f7804-o1\" method=\"post\" class=\"wpcf7-form init cf7_custom_style_3\" aria-label=\"Formul\u00e1rio de contacto\" novalidate=\"novalidate\" data-status=\"init\">\n<fieldset class=\"hidden-fields-container\"><input type=\"hidden\" name=\"_wpcf7\" value=\"7804\" \/><input type=\"hidden\" name=\"_wpcf7_version\" value=\"6.1.5\" \/><input type=\"hidden\" name=\"_wpcf7_locale\" value=\"pt_PT\" \/><input type=\"hidden\" name=\"_wpcf7_unit_tag\" value=\"wpcf7-f7804-o1\" \/><input type=\"hidden\" name=\"_wpcf7_container_post\" value=\"0\" \/><input type=\"hidden\" name=\"_wpcf7_posted_data_hash\" value=\"\" \/>\n<\/fieldset>\n<label>  Nome completo\n    <span class=\"wpcf7-form-control-wrap\" data-name=\"your-name\"><input size=\"40\" maxlength=\"400\" class=\"wpcf7-form-control wpcf7-text wpcf7-validates-as-required\" autocomplete=\"name\" aria-required=\"true\" aria-invalid=\"false\" value=\"\" type=\"text\" name=\"your-name\" \/><\/span> <\/label><br>\n<label>  Correio eletr\u00f3nico\n    <span class=\"wpcf7-form-control-wrap\" data-name=\"your-email\"><input size=\"40\" maxlength=\"400\" class=\"wpcf7-form-control wpcf7-email wpcf7-validates-as-required wpcf7-text wpcf7-validates-as-email\" autocomplete=\"email\" aria-required=\"true\" aria-invalid=\"false\" value=\"\" type=\"email\" name=\"your-email\" \/><\/span> <\/label><br>\n<label>  N\u00famero de telefone\n    <span class=\"wpcf7-form-control-wrap\" data-name=\"your-phone\"><input size=\"40\" maxlength=\"400\" class=\"wpcf7-form-control wpcf7-text wpcf7-validates-as-required\" aria-required=\"true\" aria-invalid=\"false\" value=\"\" type=\"text\" name=\"your-phone\" \/><\/span> <\/label><br>\n<label>  Estado \/ Pa\u00eds\n    <span class=\"wpcf7-form-control-wrap\" data-name=\"country-state\"><input size=\"40\" maxlength=\"400\" class=\"wpcf7-form-control wpcf7-text wpcf7-validates-as-required\" aria-required=\"true\" aria-invalid=\"false\" value=\"\" type=\"text\" name=\"country-state\" \/><\/span> <\/label><br>\n<label>  Tipo de neg\u00f3cio\n<span class=\"wpcf7-form-control-wrap\" data-name=\"business-type\"><select class=\"wpcf7-form-control wpcf7-select wpcf7-validates-as-required\" aria-required=\"true\" aria-invalid=\"false\" name=\"business-type\"><option value=\"Retalhista\">Retalhista<\/option><option value=\"Editor\">Editor<\/option><\/select><\/span><\/label><br>\n<label>  Empresa \/ Organiza\u00e7\u00e3o\n    <span class=\"wpcf7-form-control-wrap\" data-name=\"your-company\"><input size=\"40\" maxlength=\"400\" class=\"wpcf7-form-control wpcf7-text wpcf7-validates-as-required\" aria-required=\"true\" aria-invalid=\"false\" value=\"\" type=\"text\" name=\"your-company\" \/><\/span> <\/label><br>\n<label>  Tipo de Entidade\n<span class=\"wpcf7-form-control-wrap\" data-name=\"entity-type\"><select class=\"wpcf7-form-control wpcf7-select wpcf7-validates-as-required\" aria-required=\"true\" aria-invalid=\"false\" name=\"entity-type\"><option value=\"Loja online (principalmente livros)\">Loja online (principalmente livros)<\/option><option value=\"Loja online (principalmente n\u00e3o-livros)\">Loja online (principalmente n\u00e3o-livros)<\/option><option value=\"Bricks n Mortar (principalmente livros)\">Bricks n Mortar (principalmente livros)<\/option><option value=\"Bricks n Mortar (principalmente n\u00e3o-livros)\">Bricks n Mortar (principalmente n\u00e3o-livros)<\/option><option value=\"Loja m\u00f3vel ou Pop-Up\">Loja m\u00f3vel ou Pop-Up<\/option><option value=\"Escola\">Escola<\/option><option value=\"Biblioteca\">Biblioteca<\/option><option value=\"Outra\">Outra<\/option><\/select><\/span><\/label><br>\n<label>  Anos de atividade\n<span class=\"wpcf7-form-control-wrap\" data-name=\"year-type\"><select class=\"wpcf7-form-control wpcf7-select wpcf7-validates-as-required\" aria-required=\"true\" aria-invalid=\"false\" name=\"year-type\"><option value=\"0 (ainda n\u00e3o est\u00e1 em atividade)\">0 (ainda n\u00e3o est\u00e1 em atividade)<\/option><option value=\"1-5\">1-5<\/option><option value=\"5+\">5+<\/option><\/select><\/span><\/label><br>\n<label>  URL do s\u00edtio Web\n    <span class=\"wpcf7-form-control-wrap\" data-name=\"your-website\"><input size=\"40\" maxlength=\"400\" class=\"wpcf7-form-control wpcf7-text wpcf7-validates-as-required\" aria-required=\"true\" aria-invalid=\"false\" value=\"\" type=\"text\" name=\"your-website\" \/><\/span> <\/label><br>\n<br><span id=\"wpcf7-69f00555ea2e3-wrapper\" class=\"wpcf7-form-control-wrap honeypot-927-wrap\" style=\"display:none !important; visibility:hidden !important;\"><label for=\"wpcf7-69f00555ea2e3-field\" class=\"hp-message\">Please leave this field empty.<\/label><input id=\"wpcf7-69f00555ea2e3-field\"  class=\"wpcf7-form-control wpcf7-text\" type=\"text\" name=\"honeypot-927\" value=\"\" size=\"40\" tabindex=\"-1\" autocomplete=\"off\" \/><\/span>\n<input class=\"wpcf7-form-control wpcf7-submit has-spinner\" type=\"submit\" value=\"Submete\" \/><div class=\"wpcf7-response-output\" aria-hidden=\"true\"><\/div>\n<\/form>\n<\/div>\n    <\/div>\n\t\t\t\t<\/div>\n\t\t\t\t<\/div>\n\t\t\t\t\t<\/div>\n\t\t\t\t<\/div>\n\t\t\t\t<\/div>\n\t\t<div class=\"elementor-element elementor-element-6fbac3dd e-con-full e-flex parallax_section_no qode_elementor_container_no e-con e-parent\" data-id=\"6fbac3dd\" data-element_type=\"container\" data-e-type=\"container\" data-settings=\"{&quot;background_background&quot;:&quot;classic&quot;}\">\n\t\t\t\t<div class=\"elementor-element elementor-element-2443c17f elementor-widget elementor-widget-qi_addons_for_elementor_icon_with_text\" data-id=\"2443c17f\" data-element_type=\"widget\" data-e-type=\"widget\" data-widget_type=\"qi_addons_for_elementor_icon_with_text.default\">\n\t\t\t\t<div class=\"elementor-widget-container\">\n\t\t\t\t\t<div class=\"qodef-shortcode qodef-m qodef-qi-icon-with-text qodef-layout--before-content qodef--icon-pack qodef-column-responsive--never\" >\n\t\t\t<div class=\"qodef-m-icon-wrapper\">\n\t\t\t\t<a itemprop=\"url\" href=\"https:\/\/www.facebook.com\/BookazineNJ\/\" target=\"_self\">\n\t<div class=\"qodef-m-icon-holder\">\n\t\t<svg aria-hidden=\"true\" class=\"e-font-icon-svg e-fab-facebook\" viewBox=\"0 0 512 512\" xmlns=\"http:\/\/www.w3.org\/2000\/svg\"><path d=\"M504 256C504 119 393 8 256 8S8 119 8 256c0 123.78 90.69 226.38 209.25 245V327.69h-63V256h63v-54.64c0-62.15 37-96.48 93.67-96.48 27.14 0 55.52 4.84 55.52 4.84v61h-31.28c-30.8 0-40.41 19.12-40.41 38.73V256h68.78l-11 71.69h-57.78V501C413.31 482.38 504 379.78 504 256z\"><\/path><\/svg>\t<\/div>\n\t<\/a>\n\t\t<\/div>\n\t\t<div class=\"qodef-m-content\">\n\t\t\t\t\t\t\t<div class=\"qodef-m-text\"><p>Segue-nos no Facebook<\/p><\/div>\n\t\t\t<\/div>\n<\/div>\n\t\t\t\t<\/div>\n\t\t\t\t<\/div>\n\t\t\t\t<\/div>\n\t\t\t\t<\/div>\n\t\t","protected":false},"excerpt":{"rendered":"<p>ENTRA EM CONTACTO A nossa equipa est\u00e1 aqui para ajudar Se tiveres alguma d\u00favida ou precisares de ajuda, liga-nos ou envia-nos um e-mail e um representante do servi\u00e7o de apoio ao cliente entrar\u00e1 em contacto contigo em breve. BOOKAZINE 75 Hook Road, Bayonne, NJ 07002&#8230;<\/p>\n","protected":false},"author":1,"featured_media":0,"parent":0,"menu_order":0,"comment_status":"closed","ping_status":"closed","template":"full_width.php","meta":{"footnotes":""},"class_list":["post-7841","page","type-page","status-publish","hentry"],"yoast_head":"<!-- This site is optimized with the Yoast SEO plugin v27.3 - https:\/\/yoast.com\/product\/yoast-seo-wordpress\/ -->\n<title>Contacta a Bookazine | Liga-te \u00e0 nossa equipa<\/title>\n<meta name=\"description\" content=\"Entra em contacto com a Bookazine para obteres informa\u00e7\u00f5es sobre os nossos servi\u00e7os, parcerias ou quaisquer outras quest\u00f5es. Estamos aqui para te ajudar.\" \/>\n<meta name=\"robots\" content=\"index, follow, max-snippet:-1, max-image-preview:large, max-video-preview:-1\" \/>\n<link rel=\"canonical\" href=\"https:\/\/www.bookazine.com\/pt-pt\/contacta-nos\/\" \/>\n<meta property=\"og:locale\" content=\"pt_PT\" \/>\n<meta property=\"og:type\" content=\"article\" \/>\n<meta property=\"og:title\" content=\"Contacta a Bookazine | Liga-te \u00e0 nossa equipa\" \/>\n<meta property=\"og:description\" content=\"Entra em contacto com a Bookazine para obteres informa\u00e7\u00f5es sobre os nossos servi\u00e7os, parcerias ou quaisquer outras quest\u00f5es. Estamos aqui para te ajudar.\" \/>\n<meta property=\"og:url\" content=\"https:\/\/www.bookazine.com\/pt-pt\/contacta-nos\/\" \/>\n<meta property=\"og:site_name\" content=\"Revista\" \/>\n<meta property=\"article:modified_time\" content=\"2025-02-22T21:13:42+00:00\" \/>\n<meta name=\"twitter:card\" content=\"summary_large_image\" \/>\n<script type=\"application\/ld+json\" class=\"yoast-schema-graph\">{\"@context\":\"https:\\\/\\\/schema.org\",\"@graph\":[{\"@type\":\"WebPage\",\"@id\":\"https:\\\/\\\/www.bookazine.com\\\/pt-pt\\\/contacta-nos\\\/\",\"url\":\"https:\\\/\\\/www.bookazine.com\\\/pt-pt\\\/contacta-nos\\\/\",\"name\":\"Contacta a Bookazine | Liga-te \u00e0 nossa equipa\",\"isPartOf\":{\"@id\":\"https:\\\/\\\/www.bookazine.com\\\/pt-pt\\\/#website\"},\"datePublished\":\"2023-11-14T10:27:00+00:00\",\"dateModified\":\"2025-02-22T21:13:42+00:00\",\"description\":\"Entra em contacto com a Bookazine para obteres informa\u00e7\u00f5es sobre os nossos servi\u00e7os, parcerias ou quaisquer outras quest\u00f5es. Estamos aqui para te ajudar.\",\"breadcrumb\":{\"@id\":\"https:\\\/\\\/www.bookazine.com\\\/pt-pt\\\/contacta-nos\\\/#breadcrumb\"},\"inLanguage\":\"pt-PT\",\"potentialAction\":[{\"@type\":\"ReadAction\",\"target\":[\"https:\\\/\\\/www.bookazine.com\\\/pt-pt\\\/contacta-nos\\\/\"]}]},{\"@type\":\"BreadcrumbList\",\"@id\":\"https:\\\/\\\/www.bookazine.com\\\/pt-pt\\\/contacta-nos\\\/#breadcrumb\",\"itemListElement\":[{\"@type\":\"ListItem\",\"position\":1,\"name\":\"Casa\",\"item\":\"https:\\\/\\\/www.bookazine.com\\\/pt-pt\\\/\"},{\"@type\":\"ListItem\",\"position\":2,\"name\":\"Contacta-nos\"}]},{\"@type\":\"WebSite\",\"@id\":\"https:\\\/\\\/www.bookazine.com\\\/pt-pt\\\/#website\",\"url\":\"https:\\\/\\\/www.bookazine.com\\\/pt-pt\\\/\",\"name\":\"Revista\",\"description\":\"Um dos principais grossistas de livros a n\u00edvel mundial\",\"potentialAction\":[{\"@type\":\"SearchAction\",\"target\":{\"@type\":\"EntryPoint\",\"urlTemplate\":\"https:\\\/\\\/www.bookazine.com\\\/pt-pt\\\/?s={search_term_string}\"},\"query-input\":{\"@type\":\"PropertyValueSpecification\",\"valueRequired\":true,\"valueName\":\"search_term_string\"}}],\"inLanguage\":\"pt-PT\"}]}<\/script>\n<!-- \/ Yoast SEO plugin. -->","yoast_head_json":{"title":"Contacta a Bookazine | Liga-te \u00e0 nossa equipa","description":"Entra em contacto com a Bookazine para obteres informa\u00e7\u00f5es sobre os nossos servi\u00e7os, parcerias ou quaisquer outras quest\u00f5es. Estamos aqui para te ajudar.","robots":{"index":"index","follow":"follow","max-snippet":"max-snippet:-1","max-image-preview":"max-image-preview:large","max-video-preview":"max-video-preview:-1"},"canonical":"https:\/\/www.bookazine.com\/pt-pt\/contacta-nos\/","og_locale":"pt_PT","og_type":"article","og_title":"Contacta a Bookazine | Liga-te \u00e0 nossa equipa","og_description":"Entra em contacto com a Bookazine para obteres informa\u00e7\u00f5es sobre os nossos servi\u00e7os, parcerias ou quaisquer outras quest\u00f5es. Estamos aqui para te ajudar.","og_url":"https:\/\/www.bookazine.com\/pt-pt\/contacta-nos\/","og_site_name":"Revista","article_modified_time":"2025-02-22T21:13:42+00:00","twitter_card":"summary_large_image","schema":{"@context":"https:\/\/schema.org","@graph":[{"@type":"WebPage","@id":"https:\/\/www.bookazine.com\/pt-pt\/contacta-nos\/","url":"https:\/\/www.bookazine.com\/pt-pt\/contacta-nos\/","name":"Contacta a Bookazine | Liga-te \u00e0 nossa equipa","isPartOf":{"@id":"https:\/\/www.bookazine.com\/pt-pt\/#website"},"datePublished":"2023-11-14T10:27:00+00:00","dateModified":"2025-02-22T21:13:42+00:00","description":"Entra em contacto com a Bookazine para obteres informa\u00e7\u00f5es sobre os nossos servi\u00e7os, parcerias ou quaisquer outras quest\u00f5es. Estamos aqui para te ajudar.","breadcrumb":{"@id":"https:\/\/www.bookazine.com\/pt-pt\/contacta-nos\/#breadcrumb"},"inLanguage":"pt-PT","potentialAction":[{"@type":"ReadAction","target":["https:\/\/www.bookazine.com\/pt-pt\/contacta-nos\/"]}]},{"@type":"BreadcrumbList","@id":"https:\/\/www.bookazine.com\/pt-pt\/contacta-nos\/#breadcrumb","itemListElement":[{"@type":"ListItem","position":1,"name":"Casa","item":"https:\/\/www.bookazine.com\/pt-pt\/"},{"@type":"ListItem","position":2,"name":"Contacta-nos"}]},{"@type":"WebSite","@id":"https:\/\/www.bookazine.com\/pt-pt\/#website","url":"https:\/\/www.bookazine.com\/pt-pt\/","name":"Revista","description":"Um dos principais grossistas de livros a n\u00edvel mundial","potentialAction":[{"@type":"SearchAction","target":{"@type":"EntryPoint","urlTemplate":"https:\/\/www.bookazine.com\/pt-pt\/?s={search_term_string}"},"query-input":{"@type":"PropertyValueSpecification","valueRequired":true,"valueName":"search_term_string"}}],"inLanguage":"pt-PT"}]}},"_links":{"self":[{"href":"https:\/\/www.bookazine.com\/pt-pt\/wp-json\/wp\/v2\/pages\/7841","targetHints":{"allow":["GET"]}}],"collection":[{"href":"https:\/\/www.bookazine.com\/pt-pt\/wp-json\/wp\/v2\/pages"}],"about":[{"href":"https:\/\/www.bookazine.com\/pt-pt\/wp-json\/wp\/v2\/types\/page"}],"author":[{"embeddable":true,"href":"https:\/\/www.bookazine.com\/pt-pt\/wp-json\/wp\/v2\/users\/1"}],"replies":[{"embeddable":true,"href":"https:\/\/www.bookazine.com\/pt-pt\/wp-json\/wp\/v2\/comments?post=7841"}],"version-history":[{"count":4,"href":"https:\/\/www.bookazine.com\/pt-pt\/wp-json\/wp\/v2\/pages\/7841\/revisions"}],"predecessor-version":[{"id":7859,"href":"https:\/\/www.bookazine.com\/pt-pt\/wp-json\/wp\/v2\/pages\/7841\/revisions\/7859"}],"wp:attachment":[{"href":"https:\/\/www.bookazine.com\/pt-pt\/wp-json\/wp\/v2\/media?parent=7841"}],"curies":[{"name":"wp","href":"https:\/\/api.w.org\/{rel}","templated":true}]}}