{"id":7857,"date":"2023-11-14T10:27:00","date_gmt":"2023-11-14T10:27:00","guid":{"rendered":"https:\/\/www.bookazine.com\/contactez-nous\/"},"modified":"2025-07-30T02:33:21","modified_gmt":"2025-07-30T02:33:21","slug":"contactez-nous","status":"publish","type":"page","link":"https:\/\/www.bookazine.com\/fr\/contactez-nous\/","title":{"rendered":"Contactez nous"},"content":{"rendered":"\t\t<div data-elementor-type=\"wp-page\" data-elementor-id=\"7857\" class=\"elementor elementor-7857 elementor-4100\">\n\t\t\t\t<div class=\"elementor-element elementor-element-7ecec7a1 e-con-full qode_elementor_container_inner e-flex parallax_section_no e-con e-parent\" data-id=\"7ecec7a1\" data-element_type=\"container\" data-e-type=\"container\">\n\t\t<div class=\"elementor-element elementor-element-4bcf6ae4 e-flex e-con-boxed parallax_section_no qode_elementor_container_no e-con e-child\" data-id=\"4bcf6ae4\" data-element_type=\"container\" data-e-type=\"container\">\n\t\t\t\t\t<div class=\"e-con-inner\">\n\t\t\t\t<div class=\"elementor-element elementor-element-3833325e elementor-widget elementor-widget-qi_addons_for_elementor_section_title\" data-id=\"3833325e\" data-element_type=\"widget\" data-e-type=\"widget\" data-widget_type=\"qi_addons_for_elementor_section_title.default\">\n\t\t\t\t<div class=\"elementor-widget-container\">\n\t\t\t\t\t<div class=\"qodef-shortcode qodef-m qodef-qi-section-title qodef-decoration--italic qodef-link--underline-draw qodef-subtitle-icon--left\">\n\t\t\t\t<h5 class=\"qodef-m-subtitle\">\n\t\tCONTACTEZ-NOUS\t\t\t<\/h5>\n\t\t\t<h1 class=\"qodef-m-title\">\n\t\tNotre \u00e9quipe est l\u00e0 pour vous aider\t<\/h1>\n\t\t\t<div class=\"qodef-m-text\"><div class=\"qodef-m-text\">Si vous avez des questions ou si vous avez besoin d'aide, n'h\u00e9sitez pas \u00e0 nous appeler ou \u00e0 nous envoyer un e-mail et un repr\u00e9sentant du service client\u00e8le vous contactera dans les plus brefs d\u00e9lais.<\/div><\/div>\n\t<\/div>\n\t\t\t\t<\/div>\n\t\t\t\t<\/div>\n\t\t<div class=\"elementor-element elementor-element-6ee3bbe3 e-flex e-con-boxed parallax_section_no qode_elementor_container_no e-con e-child\" data-id=\"6ee3bbe3\" data-element_type=\"container\" data-e-type=\"container\">\n\t\t\t\t\t<div class=\"e-con-inner\">\n\t\t\t\t<div class=\"elementor-element elementor-element-464053e1 elementor-widget__width-initial elementor-widget elementor-widget-text-editor\" data-id=\"464053e1\" data-element_type=\"widget\" data-e-type=\"widget\" data-widget_type=\"text-editor.default\">\n\t\t\t\t<div class=\"elementor-widget-container\">\n\t\t\t\t\t\t\t\t\t<h5>BOOKAZINE<\/h5><p>75 Hook Road, <br>Bayonne, NJ 07002 <br>USA<\/p><p><a href=\"mailto:inquire@bookazine.com?Subject=Website%20Inquiry\" target=\"_blank\" rel=\"noopener\">inquire@bookazine.com<\/a><\/p><h4><strong><br>+1 800.221.8112<br><br><\/strong><strong>+1 201.339.7777<\/strong><\/h4>\t\t\t\t\t\t\t\t<\/div>\n\t\t\t\t<\/div>\n\t\t\t\t\t<\/div>\n\t\t\t\t<\/div>\n\t\t\t\t\t<\/div>\n\t\t\t\t<\/div>\n\t\t<div class=\"elementor-element elementor-element-505a9b40 e-flex e-con-boxed parallax_section_no qode_elementor_container_no e-con e-child\" data-id=\"505a9b40\" data-element_type=\"container\" data-e-type=\"container\">\n\t\t\t\t\t<div class=\"e-con-inner\">\n\t\t\t\t<div class=\"elementor-element elementor-element-363957f4 elementor-widget-tablet__width-initial elementor-widget elementor-widget-bridge_cf_7\" data-id=\"363957f4\" data-element_type=\"widget\" data-e-type=\"widget\" data-widget_type=\"bridge_cf_7.default\">\n\t\t\t\t<div class=\"elementor-widget-container\">\n\t\t\t\t\t    <div class=\"qode-contact-form-7 qode-contact-form-7-0\">\n    \n<div class=\"wpcf7 no-js\" id=\"wpcf7-f7807-o1\" lang=\"fr-FR\" dir=\"ltr\" data-wpcf7-id=\"7807\">\n<div class=\"screen-reader-response\"><p role=\"status\" aria-live=\"polite\" aria-atomic=\"true\"><\/p> <ul><\/ul><\/div>\n<form action=\"\/fr\/wp-json\/wp\/v2\/pages\/7857#wpcf7-f7807-o1\" method=\"post\" class=\"wpcf7-form init cf7_custom_style_3\" aria-label=\"Formulaire de contact\" novalidate=\"novalidate\" data-status=\"init\">\n<fieldset class=\"hidden-fields-container\"><input type=\"hidden\" name=\"_wpcf7\" value=\"7807\" \/><input type=\"hidden\" name=\"_wpcf7_version\" value=\"6.1.5\" \/><input type=\"hidden\" name=\"_wpcf7_locale\" value=\"fr_FR\" \/><input type=\"hidden\" name=\"_wpcf7_unit_tag\" value=\"wpcf7-f7807-o1\" \/><input type=\"hidden\" name=\"_wpcf7_container_post\" value=\"0\" \/><input type=\"hidden\" name=\"_wpcf7_posted_data_hash\" value=\"\" \/>\n<\/fieldset>\n<label>  Nom complet\n    <span class=\"wpcf7-form-control-wrap\" data-name=\"your-name\"><input size=\"40\" maxlength=\"400\" class=\"wpcf7-form-control wpcf7-text wpcf7-validates-as-required\" autocomplete=\"name\" aria-required=\"true\" aria-invalid=\"false\" value=\"\" type=\"text\" name=\"your-name\" \/><\/span> <\/label><br>\n<label>  Courriel\n    <span class=\"wpcf7-form-control-wrap\" data-name=\"your-email\"><input size=\"40\" maxlength=\"400\" class=\"wpcf7-form-control wpcf7-email wpcf7-validates-as-required wpcf7-text wpcf7-validates-as-email\" autocomplete=\"email\" aria-required=\"true\" aria-invalid=\"false\" value=\"\" type=\"email\" name=\"your-email\" \/><\/span> <\/label><br>\n<label>  Num\u00e9ro de t\u00e9l\u00e9phone\n    <span class=\"wpcf7-form-control-wrap\" data-name=\"your-phone\"><input size=\"40\" maxlength=\"400\" class=\"wpcf7-form-control wpcf7-text wpcf7-validates-as-required\" aria-required=\"true\" aria-invalid=\"false\" value=\"\" type=\"text\" name=\"your-phone\" \/><\/span> <\/label><br>\n<label>  Etat \/ Pays\n    <span class=\"wpcf7-form-control-wrap\" data-name=\"country-state\"><input size=\"40\" maxlength=\"400\" class=\"wpcf7-form-control wpcf7-text wpcf7-validates-as-required\" aria-required=\"true\" aria-invalid=\"false\" value=\"\" type=\"text\" name=\"country-state\" \/><\/span> <\/label><br>\n<label>  Type d'entreprise\n<span class=\"wpcf7-form-control-wrap\" data-name=\"business-type\"><select class=\"wpcf7-form-control wpcf7-select wpcf7-validates-as-required\" aria-required=\"true\" aria-invalid=\"false\" name=\"business-type\"><option value=\"D\u00e9taillant\">D\u00e9taillant<\/option><option value=\"\u00c9diteur\">\u00c9diteur<\/option><\/select><\/span><\/label><br>\n<label>  Entreprise \/ Organisation\n    <span class=\"wpcf7-form-control-wrap\" data-name=\"your-company\"><input size=\"40\" maxlength=\"400\" class=\"wpcf7-form-control wpcf7-text wpcf7-validates-as-required\" aria-required=\"true\" aria-invalid=\"false\" value=\"\" type=\"text\" name=\"your-company\" \/><\/span> <\/label><br>\n<label>  Type d'entit\u00e9\n<span class=\"wpcf7-form-control-wrap\" data-name=\"entity-type\"><select class=\"wpcf7-form-control wpcf7-select wpcf7-validates-as-required\" aria-required=\"true\" aria-invalid=\"false\" name=\"entity-type\"><option value=\"Magasin en ligne (principalement des livres)\">Magasin en ligne (principalement des livres)<\/option><option value=\"Magasin en ligne (principalement des produits autres que des livres)\">Magasin en ligne (principalement des produits autres que des livres)<\/option><option value=\"Bricks n Mortar (principalement des livres)\">Bricks n Mortar (principalement des livres)<\/option><option value=\"Bricks n Mortar (principalement des produits autres que des livres)\">Bricks n Mortar (principalement des produits autres que des livres)<\/option><option value=\"Mobile Store or Pop-Up\">Mobile Store or Pop-Up<\/option><option value=\"School\">School<\/option><option value=\"Library\">Library<\/option><option value=\"Other\">Other<\/option><\/select><\/span><\/label><br>\n<label>  Ann\u00e9es d'activit\u00e9\n<span class=\"wpcf7-form-control-wrap\" data-name=\"year-type\"><select class=\"wpcf7-form-control wpcf7-select wpcf7-validates-as-required\" aria-required=\"true\" aria-invalid=\"false\" name=\"year-type\"><option value=\"0 (pas encore en activit\u00e9)\">0 (pas encore en activit\u00e9)<\/option><option value=\"1-5\">1-5<\/option><option value=\"5+\">5+<\/option><\/select><\/span><\/label><br>\n<label>  URL du site web\n    <span class=\"wpcf7-form-control-wrap\" data-name=\"your-website\"><input size=\"40\" maxlength=\"400\" class=\"wpcf7-form-control wpcf7-text wpcf7-validates-as-required\" aria-required=\"true\" aria-invalid=\"false\" value=\"\" type=\"text\" name=\"your-website\" \/><\/span> <\/label><br>\n<br><span id=\"wpcf7-69eff26666a73-wrapper\" class=\"wpcf7-form-control-wrap honeypot-927-wrap\" style=\"display:none !important; visibility:hidden !important;\"><label for=\"wpcf7-69eff26666a73-field\" class=\"hp-message\">Veuillez laisser ce champ vide.<\/label><input id=\"wpcf7-69eff26666a73-field\"  class=\"wpcf7-form-control wpcf7-text\" type=\"text\" name=\"honeypot-927\" value=\"\" size=\"40\" tabindex=\"-1\" autocomplete=\"off\" \/><\/span>\n<input class=\"wpcf7-form-control wpcf7-submit has-spinner\" type=\"submit\" value=\"Soumettre\" \/><div class=\"wpcf7-response-output\" aria-hidden=\"true\"><\/div>\n<\/form>\n<\/div>\n    <\/div>\n\t\t\t\t<\/div>\n\t\t\t\t<\/div>\n\t\t\t\t\t<\/div>\n\t\t\t\t<\/div>\n\t\t\t\t<\/div>\n\t\t<div class=\"elementor-element elementor-element-6fbac3dd e-con-full e-flex parallax_section_no qode_elementor_container_no e-con e-parent\" data-id=\"6fbac3dd\" data-element_type=\"container\" data-e-type=\"container\" data-settings=\"{&quot;background_background&quot;:&quot;classic&quot;}\">\n\t\t\t\t<div class=\"elementor-element elementor-element-2443c17f elementor-widget elementor-widget-qi_addons_for_elementor_icon_with_text\" data-id=\"2443c17f\" data-element_type=\"widget\" data-e-type=\"widget\" data-widget_type=\"qi_addons_for_elementor_icon_with_text.default\">\n\t\t\t\t<div class=\"elementor-widget-container\">\n\t\t\t\t\t<div class=\"qodef-shortcode qodef-m qodef-qi-icon-with-text qodef-layout--before-content qodef--icon-pack qodef-column-responsive--never\" >\n\t\t\t<div class=\"qodef-m-icon-wrapper\">\n\t\t\t\t<a itemprop=\"url\" href=\"https:\/\/www.facebook.com\/BookazineNJ\/\" target=\"_self\">\n\t<div class=\"qodef-m-icon-holder\">\n\t\t<svg aria-hidden=\"true\" class=\"e-font-icon-svg e-fab-facebook\" viewBox=\"0 0 512 512\" xmlns=\"http:\/\/www.w3.org\/2000\/svg\"><path d=\"M504 256C504 119 393 8 256 8S8 119 8 256c0 123.78 90.69 226.38 209.25 245V327.69h-63V256h63v-54.64c0-62.15 37-96.48 93.67-96.48 27.14 0 55.52 4.84 55.52 4.84v61h-31.28c-30.8 0-40.41 19.12-40.41 38.73V256h68.78l-11 71.69h-57.78V501C413.31 482.38 504 379.78 504 256z\"><\/path><\/svg>\t<\/div>\n\t<\/a>\n\t\t<\/div>\n\t\t<div class=\"qodef-m-content\">\n\t\t\t\t\t\t\t<div class=\"qodef-m-text\"><p>Suivez-nous sur Facebook<\/p><\/div>\n\t\t\t<\/div>\n<\/div>\n\t\t\t\t<\/div>\n\t\t\t\t<\/div>\n\t\t\t\t<\/div>\n\t\t\t\t<\/div>\n\t\t","protected":false},"excerpt":{"rendered":"<p>CONTACTEZ-NOUS Notre \u00e9quipe est l\u00e0 pour vous aider Si vous avez des questions ou si vous avez besoin d&rsquo;aide, n&rsquo;h\u00e9sitez pas \u00e0 nous appeler ou \u00e0 nous envoyer un e-mail et un repr\u00e9sentant du service client\u00e8le vous contactera dans les plus brefs d\u00e9lais. BOOKAZINE 75&#8230;<\/p>\n","protected":false},"author":1,"featured_media":0,"parent":0,"menu_order":0,"comment_status":"closed","ping_status":"closed","template":"full_width.php","meta":{"footnotes":""},"class_list":["post-7857","page","type-page","status-publish","hentry"],"yoast_head":"<!-- This site is optimized with the Yoast SEO plugin v27.3 - https:\/\/yoast.com\/product\/yoast-seo-wordpress\/ -->\n<title>Contactez Bookazine | Contactez notre \u00e9quipe<\/title>\n<meta name=\"description\" content=\"Contactez Bookazine pour toute question concernant nos services, nos partenariats ou toute autre question. Nous sommes l\u00e0 pour vous aider.\" \/>\n<meta name=\"robots\" content=\"index, follow, max-snippet:-1, max-image-preview:large, max-video-preview:-1\" \/>\n<link rel=\"canonical\" href=\"https:\/\/www.bookazine.com\/fr\/contactez-nous\/\" \/>\n<meta property=\"og:locale\" content=\"fr_FR\" \/>\n<meta property=\"og:type\" content=\"article\" \/>\n<meta property=\"og:title\" content=\"Contactez Bookazine | Contactez notre \u00e9quipe\" \/>\n<meta property=\"og:description\" content=\"Contactez Bookazine pour toute question concernant nos services, nos partenariats ou toute autre question. Nous sommes l\u00e0 pour vous aider.\" \/>\n<meta property=\"og:url\" content=\"https:\/\/www.bookazine.com\/fr\/contactez-nous\/\" \/>\n<meta property=\"og:site_name\" content=\"Bookazine\" \/>\n<meta property=\"article:modified_time\" content=\"2025-07-30T02:33:21+00:00\" \/>\n<meta name=\"twitter:card\" content=\"summary_large_image\" \/>\n<meta name=\"twitter:label1\" content=\"Dur\u00e9e de lecture estim\u00e9e\" \/>\n\t<meta name=\"twitter:data1\" content=\"1 minute\" \/>\n<script type=\"application\/ld+json\" class=\"yoast-schema-graph\">{\"@context\":\"https:\\\/\\\/schema.org\",\"@graph\":[{\"@type\":\"WebPage\",\"@id\":\"https:\\\/\\\/www.bookazine.com\\\/fr\\\/contactez-nous\\\/\",\"url\":\"https:\\\/\\\/www.bookazine.com\\\/fr\\\/contactez-nous\\\/\",\"name\":\"Contactez Bookazine | Contactez notre \u00e9quipe\",\"isPartOf\":{\"@id\":\"https:\\\/\\\/www.bookazine.com\\\/fr\\\/#website\"},\"datePublished\":\"2023-11-14T10:27:00+00:00\",\"dateModified\":\"2025-07-30T02:33:21+00:00\",\"description\":\"Contactez Bookazine pour toute question concernant nos services, nos partenariats ou toute autre question. Nous sommes l\u00e0 pour vous aider.\",\"breadcrumb\":{\"@id\":\"https:\\\/\\\/www.bookazine.com\\\/fr\\\/contactez-nous\\\/#breadcrumb\"},\"inLanguage\":\"fr-FR\",\"potentialAction\":[{\"@type\":\"ReadAction\",\"target\":[\"https:\\\/\\\/www.bookazine.com\\\/fr\\\/contactez-nous\\\/\"]}]},{\"@type\":\"BreadcrumbList\",\"@id\":\"https:\\\/\\\/www.bookazine.com\\\/fr\\\/contactez-nous\\\/#breadcrumb\",\"itemListElement\":[{\"@type\":\"ListItem\",\"position\":1,\"name\":\"Accueil\",\"item\":\"https:\\\/\\\/www.bookazine.com\\\/fr\\\/accueil-principal\\\/\"},{\"@type\":\"ListItem\",\"position\":2,\"name\":\"Contactez nous\"}]},{\"@type\":\"WebSite\",\"@id\":\"https:\\\/\\\/www.bookazine.com\\\/fr\\\/#website\",\"url\":\"https:\\\/\\\/www.bookazine.com\\\/fr\\\/\",\"name\":\"Bookazine\",\"description\":\"Un des principaux grossistes mondiaux de livres\",\"potentialAction\":[{\"@type\":\"SearchAction\",\"target\":{\"@type\":\"EntryPoint\",\"urlTemplate\":\"https:\\\/\\\/www.bookazine.com\\\/fr\\\/?s={search_term_string}\"},\"query-input\":{\"@type\":\"PropertyValueSpecification\",\"valueRequired\":true,\"valueName\":\"search_term_string\"}}],\"inLanguage\":\"fr-FR\"}]}<\/script>\n<!-- \/ Yoast SEO plugin. -->","yoast_head_json":{"title":"Contactez Bookazine | Contactez notre \u00e9quipe","description":"Contactez Bookazine pour toute question concernant nos services, nos partenariats ou toute autre question. Nous sommes l\u00e0 pour vous aider.","robots":{"index":"index","follow":"follow","max-snippet":"max-snippet:-1","max-image-preview":"max-image-preview:large","max-video-preview":"max-video-preview:-1"},"canonical":"https:\/\/www.bookazine.com\/fr\/contactez-nous\/","og_locale":"fr_FR","og_type":"article","og_title":"Contactez Bookazine | Contactez notre \u00e9quipe","og_description":"Contactez Bookazine pour toute question concernant nos services, nos partenariats ou toute autre question. Nous sommes l\u00e0 pour vous aider.","og_url":"https:\/\/www.bookazine.com\/fr\/contactez-nous\/","og_site_name":"Bookazine","article_modified_time":"2025-07-30T02:33:21+00:00","twitter_card":"summary_large_image","twitter_misc":{"Dur\u00e9e de lecture estim\u00e9e":"1 minute"},"schema":{"@context":"https:\/\/schema.org","@graph":[{"@type":"WebPage","@id":"https:\/\/www.bookazine.com\/fr\/contactez-nous\/","url":"https:\/\/www.bookazine.com\/fr\/contactez-nous\/","name":"Contactez Bookazine | Contactez notre \u00e9quipe","isPartOf":{"@id":"https:\/\/www.bookazine.com\/fr\/#website"},"datePublished":"2023-11-14T10:27:00+00:00","dateModified":"2025-07-30T02:33:21+00:00","description":"Contactez Bookazine pour toute question concernant nos services, nos partenariats ou toute autre question. Nous sommes l\u00e0 pour vous aider.","breadcrumb":{"@id":"https:\/\/www.bookazine.com\/fr\/contactez-nous\/#breadcrumb"},"inLanguage":"fr-FR","potentialAction":[{"@type":"ReadAction","target":["https:\/\/www.bookazine.com\/fr\/contactez-nous\/"]}]},{"@type":"BreadcrumbList","@id":"https:\/\/www.bookazine.com\/fr\/contactez-nous\/#breadcrumb","itemListElement":[{"@type":"ListItem","position":1,"name":"Accueil","item":"https:\/\/www.bookazine.com\/fr\/accueil-principal\/"},{"@type":"ListItem","position":2,"name":"Contactez nous"}]},{"@type":"WebSite","@id":"https:\/\/www.bookazine.com\/fr\/#website","url":"https:\/\/www.bookazine.com\/fr\/","name":"Bookazine","description":"Un des principaux grossistes mondiaux de livres","potentialAction":[{"@type":"SearchAction","target":{"@type":"EntryPoint","urlTemplate":"https:\/\/www.bookazine.com\/fr\/?s={search_term_string}"},"query-input":{"@type":"PropertyValueSpecification","valueRequired":true,"valueName":"search_term_string"}}],"inLanguage":"fr-FR"}]}},"_links":{"self":[{"href":"https:\/\/www.bookazine.com\/fr\/wp-json\/wp\/v2\/pages\/7857","targetHints":{"allow":["GET"]}}],"collection":[{"href":"https:\/\/www.bookazine.com\/fr\/wp-json\/wp\/v2\/pages"}],"about":[{"href":"https:\/\/www.bookazine.com\/fr\/wp-json\/wp\/v2\/types\/page"}],"author":[{"embeddable":true,"href":"https:\/\/www.bookazine.com\/fr\/wp-json\/wp\/v2\/users\/1"}],"replies":[{"embeddable":true,"href":"https:\/\/www.bookazine.com\/fr\/wp-json\/wp\/v2\/comments?post=7857"}],"version-history":[{"count":5,"href":"https:\/\/www.bookazine.com\/fr\/wp-json\/wp\/v2\/pages\/7857\/revisions"}],"predecessor-version":[{"id":8299,"href":"https:\/\/www.bookazine.com\/fr\/wp-json\/wp\/v2\/pages\/7857\/revisions\/8299"}],"wp:attachment":[{"href":"https:\/\/www.bookazine.com\/fr\/wp-json\/wp\/v2\/media?parent=7857"}],"curies":[{"name":"wp","href":"https:\/\/api.w.org\/{rel}","templated":true}]}}