{"id":7909,"date":"2025-02-11T03:54:48","date_gmt":"2025-02-11T03:54:48","guid":{"rendered":"https:\/\/www.bookazine.com\/abrir-una-cuenta-nueva\/"},"modified":"2025-03-04T05:24:14","modified_gmt":"2025-03-04T05:24:14","slug":"abrir-una-cuenta-nueva","status":"publish","type":"page","link":"https:\/\/www.bookazine.com\/es\/abrir-una-cuenta-nueva\/","title":{"rendered":"Abrir una cuenta nueva"},"content":{"rendered":"\t\t<div data-elementor-type=\"wp-page\" data-elementor-id=\"7909\" class=\"elementor elementor-7909 elementor-5871\">\n\t\t\t\t<div class=\"elementor-element elementor-element-7ecec7a1 e-con-full qode_elementor_container_inner e-flex parallax_section_no e-con e-parent\" data-id=\"7ecec7a1\" data-element_type=\"container\" data-e-type=\"container\">\n\t\t<div class=\"elementor-element elementor-element-4bcf6ae4 e-flex e-con-boxed parallax_section_no qode_elementor_container_no e-con e-child\" data-id=\"4bcf6ae4\" data-element_type=\"container\" data-e-type=\"container\">\n\t\t\t\t\t<div class=\"e-con-inner\">\n\t\t\t\t<div class=\"elementor-element elementor-element-3833325e elementor-widget elementor-widget-qi_addons_for_elementor_section_title\" data-id=\"3833325e\" data-element_type=\"widget\" data-e-type=\"widget\" data-widget_type=\"qi_addons_for_elementor_section_title.default\">\n\t\t\t\t<div class=\"elementor-widget-container\">\n\t\t\t\t\t<div class=\"qodef-shortcode qodef-m qodef-qi-section-title qodef-decoration--italic qodef-link--underline-draw qodef-subtitle-icon--left\">\n\t\t\t\t\t\t<h1 class=\"qodef-m-title\">\n\t\tAs\u00f3ciate con Bookazine\t<\/h1>\n\t\t\t<div class=\"qodef-m-text\"><h5 class=\"qodef-m-text\">\u00bfEres nuevo en Bookazine?<\/h5><p class=\"qodef-m-text\">Crear una cuenta es r\u00e1pido y f\u00e1cil. Nuestro equipo est\u00e1 preparado para ayudarte a agilizar tu proceso de contrataci\u00f3n y satisfacer tus necesidades espec\u00edficas.<\/p><p>Rellena la siguiente informaci\u00f3n de contacto y un representante del equipo se pondr\u00e1 en contacto contigo en breve.<\/p><\/div>\n\t<\/div>\n\t\t\t\t<\/div>\n\t\t\t\t<\/div>\n\t\t<div class=\"elementor-element elementor-element-6ee3bbe3 e-flex e-con-boxed parallax_section_no qode_elementor_container_no e-con e-child\" data-id=\"6ee3bbe3\" data-element_type=\"container\" data-e-type=\"container\">\n\t\t\t\t\t<div class=\"e-con-inner\">\n\t\t\t\t<div class=\"elementor-element elementor-element-464053e1 elementor-widget__width-initial elementor-widget elementor-widget-text-editor\" data-id=\"464053e1\" data-element_type=\"widget\" data-e-type=\"widget\" data-widget_type=\"text-editor.default\">\n\t\t\t\t<div class=\"elementor-widget-container\">\n\t\t\t\t\t\t\t\t\t<h5>\u00bfPreguntas sobre la cuenta?<\/h5><p>Si tienes alguna duda sobre c\u00f3mo crear una cuenta nueva, ll\u00e1manos y un especialista del equipo responder\u00e1 a cualquier pregunta que tengas sobre la cuenta.<\/p><h4><strong><br>+1 800.221.8112<\/strong><\/h4><h4><strong><br><\/strong><strong>+1 201.339.7777<\/strong><\/h4>\t\t\t\t\t\t\t\t<\/div>\n\t\t\t\t<\/div>\n\t\t\t\t\t<\/div>\n\t\t\t\t<\/div>\n\t\t\t\t\t<\/div>\n\t\t\t\t<\/div>\n\t\t<div class=\"elementor-element elementor-element-505a9b40 e-flex e-con-boxed parallax_section_no qode_elementor_container_no e-con e-child\" data-id=\"505a9b40\" data-element_type=\"container\" data-e-type=\"container\">\n\t\t\t\t\t<div class=\"e-con-inner\">\n\t\t\t\t<div class=\"elementor-element elementor-element-363957f4 elementor-widget-tablet__width-initial elementor-widget elementor-widget-bridge_cf_7\" data-id=\"363957f4\" data-element_type=\"widget\" data-e-type=\"widget\" data-widget_type=\"bridge_cf_7.default\">\n\t\t\t\t<div class=\"elementor-widget-container\">\n\t\t\t\t\t    <div class=\"qode-contact-form-7 qode-contact-form-7-0\">\n    \n<div class=\"wpcf7 no-js\" id=\"wpcf7-f7809-o1\" lang=\"es-ES\" dir=\"ltr\" data-wpcf7-id=\"7809\">\n<div class=\"screen-reader-response\"><p role=\"status\" aria-live=\"polite\" aria-atomic=\"true\"><\/p> <ul><\/ul><\/div>\n<form action=\"\/es\/wp-json\/wp\/v2\/pages\/7909#wpcf7-f7809-o1\" method=\"post\" class=\"wpcf7-form init cf7_custom_style_3\" aria-label=\"Formulario de contacto\" novalidate=\"novalidate\" data-status=\"init\">\n<fieldset class=\"hidden-fields-container\"><input type=\"hidden\" name=\"_wpcf7\" value=\"7809\" \/><input type=\"hidden\" name=\"_wpcf7_version\" value=\"6.1.5\" \/><input type=\"hidden\" name=\"_wpcf7_locale\" value=\"es_ES\" \/><input type=\"hidden\" name=\"_wpcf7_unit_tag\" value=\"wpcf7-f7809-o1\" \/><input type=\"hidden\" name=\"_wpcf7_container_post\" value=\"0\" \/><input type=\"hidden\" name=\"_wpcf7_posted_data_hash\" value=\"\" \/>\n<\/fieldset>\n<label>  Nombre y apellidos\n    <span class=\"wpcf7-form-control-wrap\" data-name=\"your-name\"><input size=\"40\" maxlength=\"400\" class=\"wpcf7-form-control wpcf7-text wpcf7-validates-as-required\" autocomplete=\"name\" aria-required=\"true\" aria-invalid=\"false\" value=\"\" type=\"text\" name=\"your-name\" \/><\/span> <\/label><br>\n<label>  Env\u00eda un correo electr\u00f3nico a\n    <span class=\"wpcf7-form-control-wrap\" data-name=\"your-email\"><input size=\"40\" maxlength=\"400\" class=\"wpcf7-form-control wpcf7-email wpcf7-validates-as-required wpcf7-text wpcf7-validates-as-email\" autocomplete=\"email\" aria-required=\"true\" aria-invalid=\"false\" value=\"\" type=\"email\" name=\"your-email\" \/><\/span> <\/label><br>\n<label>  N\u00famero de tel\u00e9fono\n    <span class=\"wpcf7-form-control-wrap\" data-name=\"your-phone\"><input size=\"40\" maxlength=\"400\" class=\"wpcf7-form-control wpcf7-text wpcf7-validates-as-required\" aria-required=\"true\" aria-invalid=\"false\" value=\"\" type=\"text\" name=\"your-phone\" \/><\/span> <\/label><br>\n<label>  Estado \/ Pa\u00eds\n    <span class=\"wpcf7-form-control-wrap\" data-name=\"country-state\"><input size=\"40\" maxlength=\"400\" class=\"wpcf7-form-control wpcf7-text wpcf7-validates-as-required\" aria-required=\"true\" aria-invalid=\"false\" value=\"\" type=\"text\" name=\"country-state\" \/><\/span> <\/label><br>\n<label>  Tipo de empresa\n<span class=\"wpcf7-form-control-wrap\" data-name=\"business-type\"><select class=\"wpcf7-form-control wpcf7-select wpcf7-validates-as-required\" aria-required=\"true\" aria-invalid=\"false\" name=\"business-type\"><option value=\"Minorista\">Minorista<\/option><option value=\"Editor\">Editor<\/option><\/select><\/span><\/label><br>\n<label>  Empresa \/ Organizaci\u00f3n\n    <span class=\"wpcf7-form-control-wrap\" data-name=\"your-company\"><input size=\"40\" maxlength=\"400\" class=\"wpcf7-form-control wpcf7-text wpcf7-validates-as-required\" aria-required=\"true\" aria-invalid=\"false\" value=\"\" type=\"text\" name=\"your-company\" \/><\/span> <\/label><br>\n<label>  Tipo de entidad\n<span class=\"wpcf7-form-control-wrap\" data-name=\"entity-type\"><select class=\"wpcf7-form-control wpcf7-select wpcf7-validates-as-required\" aria-required=\"true\" aria-invalid=\"false\" name=\"entity-type\"><option value=\"Tienda en l\u00ednea (principalmente libros)\">Tienda en l\u00ednea (principalmente libros)<\/option><option value=\"Tienda en l\u00ednea (principalmente no libros)\">Tienda en l\u00ednea (principalmente no libros)<\/option><option value=\"Tienda f\u00edsica (principalmente libros)\">Tienda f\u00edsica (principalmente libros)<\/option><option value=\"Tienda f\u00edsica (principalmente no libros)\">Tienda f\u00edsica (principalmente no libros)<\/option><option value=\"Tienda m\u00f3vil o pop-up\">Tienda m\u00f3vil o pop-up<\/option><option value=\"Escuela\">Escuela<\/option><option value=\"Biblioteca\">Biblioteca<\/option><option value=\"Otros\">Otros<\/option><\/select><\/span><\/label><br>\n<label>  A\u00f1os en el negocio\n<span class=\"wpcf7-form-control-wrap\" data-name=\"year-type\"><select class=\"wpcf7-form-control wpcf7-select wpcf7-validates-as-required\" aria-required=\"true\" aria-invalid=\"false\" name=\"year-type\"><option value=\"0 (a\u00fan no est\u00e1 en el negocio)\">0 (a\u00fan no est\u00e1 en el negocio)<\/option><option value=\"1-5\">1-5<\/option><option value=\"5+\">5+<\/option><\/select><\/span><\/label><br>\n<label>  URL del sitio web\n    <span class=\"wpcf7-form-control-wrap\" data-name=\"your-website\"><input size=\"40\" maxlength=\"400\" class=\"wpcf7-form-control wpcf7-text wpcf7-validates-as-required\" aria-required=\"true\" aria-invalid=\"false\" value=\"\" type=\"text\" name=\"your-website\" \/><\/span> <\/label><br>\n<br><span id=\"wpcf7-69eff26e6bcab-wrapper\" class=\"wpcf7-form-control-wrap honeypot-927-wrap\" style=\"display:none !important; visibility:hidden !important;\"><label for=\"wpcf7-69eff26e6bcab-field\" class=\"hp-message\">Por favor, deja este campo vac\u00edo.<\/label><input id=\"wpcf7-69eff26e6bcab-field\"  class=\"wpcf7-form-control wpcf7-text\" type=\"text\" name=\"honeypot-927\" value=\"\" size=\"40\" tabindex=\"-1\" autocomplete=\"off\" \/><\/span>\n<input class=\"wpcf7-form-control wpcf7-submit has-spinner\" type=\"submit\" value=\"Env\u00eda\" \/><div class=\"wpcf7-response-output\" aria-hidden=\"true\"><\/div>\n<\/form>\n<\/div>\n    <\/div>\n\t\t\t\t<\/div>\n\t\t\t\t<\/div>\n\t\t\t\t\t<\/div>\n\t\t\t\t<\/div>\n\t\t\t\t<\/div>\n\t\t<div class=\"elementor-element elementor-element-6fbac3dd e-con-full e-flex parallax_section_no qode_elementor_container_no e-con e-parent\" data-id=\"6fbac3dd\" data-element_type=\"container\" data-e-type=\"container\" data-settings=\"{&quot;background_background&quot;:&quot;classic&quot;}\">\n\t\t\t\t<div class=\"elementor-element elementor-element-2443c17f elementor-widget elementor-widget-qi_addons_for_elementor_icon_with_text\" data-id=\"2443c17f\" data-element_type=\"widget\" data-e-type=\"widget\" data-widget_type=\"qi_addons_for_elementor_icon_with_text.default\">\n\t\t\t\t<div class=\"elementor-widget-container\">\n\t\t\t\t\t<div class=\"qodef-shortcode qodef-m qodef-qi-icon-with-text qodef-layout--before-content qodef--icon-pack qodef-column-responsive--never\" >\n\t\t\t<div class=\"qodef-m-icon-wrapper\">\n\t\t\t\t<a itemprop=\"url\" href=\"https:\/\/www.facebook.com\/BookazineNJ\/\" target=\"_self\">\n\t<div class=\"qodef-m-icon-holder\">\n\t\t<svg aria-hidden=\"true\" class=\"e-font-icon-svg e-fab-facebook\" viewBox=\"0 0 512 512\" xmlns=\"http:\/\/www.w3.org\/2000\/svg\"><path d=\"M504 256C504 119 393 8 256 8S8 119 8 256c0 123.78 90.69 226.38 209.25 245V327.69h-63V256h63v-54.64c0-62.15 37-96.48 93.67-96.48 27.14 0 55.52 4.84 55.52 4.84v61h-31.28c-30.8 0-40.41 19.12-40.41 38.73V256h68.78l-11 71.69h-57.78V501C413.31 482.38 504 379.78 504 256z\"><\/path><\/svg>\t<\/div>\n\t<\/a>\n\t\t<\/div>\n\t\t<div class=\"qodef-m-content\">\n\t\t\t\t\t\t\t<div class=\"qodef-m-text\"><p>S\u00edguenos en Facebook<\/p><\/div>\n\t\t\t<\/div>\n<\/div>\n\t\t\t\t<\/div>\n\t\t\t\t<\/div>\n\t\t\t\t<\/div>\n\t\t\t\t<\/div>\n\t\t","protected":false},"excerpt":{"rendered":"<p>As\u00f3ciate con Bookazine \u00bfEres nuevo en Bookazine? Crear una cuenta es r\u00e1pido y f\u00e1cil. Nuestro equipo est\u00e1 preparado para ayudarte a agilizar tu proceso de contrataci\u00f3n y satisfacer tus necesidades espec\u00edficas. Rellena la siguiente informaci\u00f3n de contacto y un representante del equipo se pondr\u00e1 en&#8230;<\/p>\n","protected":false},"author":1,"featured_media":0,"parent":0,"menu_order":0,"comment_status":"closed","ping_status":"closed","template":"full_width.php","meta":{"footnotes":""},"class_list":["post-7909","page","type-page","status-publish","hentry"],"yoast_head":"<!-- This site is optimized with the Yoast SEO plugin v27.3 - https:\/\/yoast.com\/product\/yoast-seo-wordpress\/ -->\n<title>Crea una cuenta en Bookazine | Inicia hoy tu asociaci\u00f3n<\/title>\n<meta name=\"description\" content=\"\u00danete a la red de minoristas de Bookazine y accede a los mejores servicios de venta de libros al por mayor creando tu cuenta hoy mismo.\" \/>\n<meta name=\"robots\" content=\"index, follow, max-snippet:-1, max-image-preview:large, max-video-preview:-1\" \/>\n<link rel=\"canonical\" href=\"https:\/\/www.bookazine.com\/es\/abrir-una-cuenta-nueva\/\" \/>\n<meta property=\"og:locale\" content=\"es_ES\" \/>\n<meta property=\"og:type\" content=\"article\" \/>\n<meta property=\"og:title\" content=\"Crea una cuenta en Bookazine | Inicia hoy tu asociaci\u00f3n\" \/>\n<meta property=\"og:description\" content=\"\u00danete a la red de minoristas de Bookazine y accede a los mejores servicios de venta de libros al por mayor creando tu cuenta hoy mismo.\" \/>\n<meta property=\"og:url\" content=\"https:\/\/www.bookazine.com\/es\/abrir-una-cuenta-nueva\/\" \/>\n<meta property=\"og:site_name\" content=\"Revista de libros\" \/>\n<meta property=\"article:modified_time\" content=\"2025-03-04T05:24:14+00:00\" \/>\n<meta name=\"twitter:card\" content=\"summary_large_image\" \/>\n<meta name=\"twitter:label1\" content=\"Tiempo de lectura\" \/>\n\t<meta name=\"twitter:data1\" content=\"1 minuto\" \/>\n<script type=\"application\/ld+json\" class=\"yoast-schema-graph\">{\"@context\":\"https:\\\/\\\/schema.org\",\"@graph\":[{\"@type\":\"WebPage\",\"@id\":\"https:\\\/\\\/www.bookazine.com\\\/es\\\/abrir-una-cuenta-nueva\\\/\",\"url\":\"https:\\\/\\\/www.bookazine.com\\\/es\\\/abrir-una-cuenta-nueva\\\/\",\"name\":\"Crea una cuenta en Bookazine | Inicia hoy tu asociaci\u00f3n\",\"isPartOf\":{\"@id\":\"https:\\\/\\\/www.bookazine.com\\\/es\\\/#website\"},\"datePublished\":\"2025-02-11T03:54:48+00:00\",\"dateModified\":\"2025-03-04T05:24:14+00:00\",\"description\":\"\u00danete a la red de minoristas de Bookazine y accede a los mejores servicios de venta de libros al por mayor creando tu cuenta hoy mismo.\",\"breadcrumb\":{\"@id\":\"https:\\\/\\\/www.bookazine.com\\\/es\\\/abrir-una-cuenta-nueva\\\/#breadcrumb\"},\"inLanguage\":\"es\",\"potentialAction\":[{\"@type\":\"ReadAction\",\"target\":[\"https:\\\/\\\/www.bookazine.com\\\/es\\\/abrir-una-cuenta-nueva\\\/\"]}]},{\"@type\":\"BreadcrumbList\",\"@id\":\"https:\\\/\\\/www.bookazine.com\\\/es\\\/abrir-una-cuenta-nueva\\\/#breadcrumb\",\"itemListElement\":[{\"@type\":\"ListItem\",\"position\":1,\"name\":\"Inicio\",\"item\":\"https:\\\/\\\/www.bookazine.com\\\/es\\\/pagina-principal\\\/\"},{\"@type\":\"ListItem\",\"position\":2,\"name\":\"Abrir una cuenta nueva\"}]},{\"@type\":\"WebSite\",\"@id\":\"https:\\\/\\\/www.bookazine.com\\\/es\\\/#website\",\"url\":\"https:\\\/\\\/www.bookazine.com\\\/es\\\/\",\"name\":\"Revista de libros\",\"description\":\"Un mayorista de libros l\u00edder en el mundo\",\"potentialAction\":[{\"@type\":\"SearchAction\",\"target\":{\"@type\":\"EntryPoint\",\"urlTemplate\":\"https:\\\/\\\/www.bookazine.com\\\/es\\\/?s={search_term_string}\"},\"query-input\":{\"@type\":\"PropertyValueSpecification\",\"valueRequired\":true,\"valueName\":\"search_term_string\"}}],\"inLanguage\":\"es\"}]}<\/script>\n<!-- \/ Yoast SEO plugin. -->","yoast_head_json":{"title":"Crea una cuenta en Bookazine | Inicia hoy tu asociaci\u00f3n","description":"\u00danete a la red de minoristas de Bookazine y accede a los mejores servicios de venta de libros al por mayor creando tu cuenta hoy mismo.","robots":{"index":"index","follow":"follow","max-snippet":"max-snippet:-1","max-image-preview":"max-image-preview:large","max-video-preview":"max-video-preview:-1"},"canonical":"https:\/\/www.bookazine.com\/es\/abrir-una-cuenta-nueva\/","og_locale":"es_ES","og_type":"article","og_title":"Crea una cuenta en Bookazine | Inicia hoy tu asociaci\u00f3n","og_description":"\u00danete a la red de minoristas de Bookazine y accede a los mejores servicios de venta de libros al por mayor creando tu cuenta hoy mismo.","og_url":"https:\/\/www.bookazine.com\/es\/abrir-una-cuenta-nueva\/","og_site_name":"Revista de libros","article_modified_time":"2025-03-04T05:24:14+00:00","twitter_card":"summary_large_image","twitter_misc":{"Tiempo de lectura":"1 minuto"},"schema":{"@context":"https:\/\/schema.org","@graph":[{"@type":"WebPage","@id":"https:\/\/www.bookazine.com\/es\/abrir-una-cuenta-nueva\/","url":"https:\/\/www.bookazine.com\/es\/abrir-una-cuenta-nueva\/","name":"Crea una cuenta en Bookazine | Inicia hoy tu asociaci\u00f3n","isPartOf":{"@id":"https:\/\/www.bookazine.com\/es\/#website"},"datePublished":"2025-02-11T03:54:48+00:00","dateModified":"2025-03-04T05:24:14+00:00","description":"\u00danete a la red de minoristas de Bookazine y accede a los mejores servicios de venta de libros al por mayor creando tu cuenta hoy mismo.","breadcrumb":{"@id":"https:\/\/www.bookazine.com\/es\/abrir-una-cuenta-nueva\/#breadcrumb"},"inLanguage":"es","potentialAction":[{"@type":"ReadAction","target":["https:\/\/www.bookazine.com\/es\/abrir-una-cuenta-nueva\/"]}]},{"@type":"BreadcrumbList","@id":"https:\/\/www.bookazine.com\/es\/abrir-una-cuenta-nueva\/#breadcrumb","itemListElement":[{"@type":"ListItem","position":1,"name":"Inicio","item":"https:\/\/www.bookazine.com\/es\/pagina-principal\/"},{"@type":"ListItem","position":2,"name":"Abrir una cuenta nueva"}]},{"@type":"WebSite","@id":"https:\/\/www.bookazine.com\/es\/#website","url":"https:\/\/www.bookazine.com\/es\/","name":"Revista de libros","description":"Un mayorista de libros l\u00edder en el mundo","potentialAction":[{"@type":"SearchAction","target":{"@type":"EntryPoint","urlTemplate":"https:\/\/www.bookazine.com\/es\/?s={search_term_string}"},"query-input":{"@type":"PropertyValueSpecification","valueRequired":true,"valueName":"search_term_string"}}],"inLanguage":"es"}]}},"_links":{"self":[{"href":"https:\/\/www.bookazine.com\/es\/wp-json\/wp\/v2\/pages\/7909","targetHints":{"allow":["GET"]}}],"collection":[{"href":"https:\/\/www.bookazine.com\/es\/wp-json\/wp\/v2\/pages"}],"about":[{"href":"https:\/\/www.bookazine.com\/es\/wp-json\/wp\/v2\/types\/page"}],"author":[{"embeddable":true,"href":"https:\/\/www.bookazine.com\/es\/wp-json\/wp\/v2\/users\/1"}],"replies":[{"embeddable":true,"href":"https:\/\/www.bookazine.com\/es\/wp-json\/wp\/v2\/comments?post=7909"}],"version-history":[{"count":6,"href":"https:\/\/www.bookazine.com\/es\/wp-json\/wp\/v2\/pages\/7909\/revisions"}],"predecessor-version":[{"id":7999,"href":"https:\/\/www.bookazine.com\/es\/wp-json\/wp\/v2\/pages\/7909\/revisions\/7999"}],"wp:attachment":[{"href":"https:\/\/www.bookazine.com\/es\/wp-json\/wp\/v2\/media?parent=7909"}],"curies":[{"name":"wp","href":"https:\/\/api.w.org\/{rel}","templated":true}]}}