{"id":7889,"date":"2025-02-03T03:10:42","date_gmt":"2025-02-03T03:10:42","guid":{"rendered":"https:\/\/www.bookazine.com\/editoriales\/"},"modified":"2025-02-22T21:14:10","modified_gmt":"2025-02-22T21:14:10","slug":"editoriales","status":"publish","type":"page","link":"https:\/\/www.bookazine.com\/es\/editoriales\/","title":{"rendered":"Editoriales"},"content":{"rendered":"\t\t<div data-elementor-type=\"wp-page\" data-elementor-id=\"7889\" class=\"elementor elementor-7889 elementor-5753\">\n\t\t\t\t<div class=\"elementor-element elementor-element-5ec29c6 e-con-full qode_elementor_container_inner e-flex parallax_section_no e-con e-parent\" data-id=\"5ec29c6\" data-element_type=\"container\" data-e-type=\"container\">\n\t\t<div class=\"elementor-element elementor-element-996e0e6 e-con-full e-flex parallax_section_no qode_elementor_container_no e-con e-child\" data-id=\"996e0e6\" data-element_type=\"container\" data-e-type=\"container\">\n\t\t\t\t<div class=\"elementor-element elementor-element-e1a841c elementor-widget elementor-widget-qi_addons_for_elementor_section_title\" data-id=\"e1a841c\" data-element_type=\"widget\" data-e-type=\"widget\" data-widget_type=\"qi_addons_for_elementor_section_title.default\">\n\t\t\t\t<div class=\"elementor-widget-container\">\n\t\t\t\t\t<div class=\"qodef-shortcode qodef-m qodef-qi-section-title qodef-decoration--italic qodef-link--underline-draw qodef-subtitle-icon--left\">\n\t\t\t\t\t\t<h1 class=\"qodef-m-title\">\n\t\tBeneficios para el editor\t<\/h1>\n\t\t\t<div class=\"qodef-m-text\"><h5>Publicidad<\/h5><p>Ofrecemos a los editores una gran variedad de oportunidades publicitarias, incluidas publicaciones impresas y electr\u00f3nicas. (que puedes encontrar en nuestra <a href=\"https:\/\/bookazine.com\/resources\/\">p\u00e1gina de recursos<\/a>) <\/p><h4> <\/h4><h5>Gesti\u00f3n de cuentas online<\/h5><p>Ahora tienes la posibilidad de ver la informaci\u00f3n sobre devoluciones de cargo por marketing, incluida la prueba de rendimiento, en nuestro sitio web, seg\u00fan te convenga. Puedes acceder a esta informaci\u00f3n a trav\u00e9s de tu cuenta protegida por contrase\u00f1a. <\/p><h5>Suscripci\u00f3n al informe de ventas<\/h5><p>Los suscriptores tienen acceso a informaci\u00f3n crucial sobre el movimiento de t\u00edtulos. Las ventas de tus 500 t\u00edtulos principales se comunican semanal y mensualmente en informes en l\u00ednea que puedes descargar directamente a tu ordenador. Adem\u00e1s de los datos de ventas, se proporciona informaci\u00f3n sobre pedidos y existencias. Tambi\u00e9n recibir\u00e1s informes de ventas con informaci\u00f3n sobre los 500 t\u00edtulos m\u00e1s vendidos de todas las editoriales durante el mismo periodo de tiempo. Esta informaci\u00f3n te ayuda a gestionar la asignaci\u00f3n de existencias, planificar las reimpresiones y prepararte para las llamadas de ventas con nuestros compradores. Ponte en contacto con tu representante de marketing para conocer los precios actuales.     <\/p><\/div>\n\t<\/div>\n\t\t\t\t<\/div>\n\t\t\t\t<\/div>\n\t\t\t\t<\/div>\n\t\t<div class=\"elementor-element elementor-element-ddf1103 e-con-full e-flex parallax_section_no qode_elementor_container_no e-con e-child\" data-id=\"ddf1103\" data-element_type=\"container\" data-e-type=\"container\">\n\t\t\t\t<div class=\"elementor-element elementor-element-6389491 elementor-widget elementor-widget-bridge_image_hover\" data-id=\"6389491\" data-element_type=\"widget\" data-e-type=\"widget\" data-widget_type=\"bridge_image_hover.default\">\n\t\t\t\t<div class=\"elementor-widget-container\">\n\t\t\t\t\t<div class=\"image_hover \" data-transition-delay=\"\"><div class=\"images_holder\"><img decoding=\"async\" itemprop=\"image\" class=\"\" src=\"https:\/\/www.bookazine.com\/wp-content\/uploads\/2025\/02\/pub1.jpg\" alt=\"Main Image\" style=\"\" \/><\/div><\/div>\t\t\t\t<\/div>\n\t\t\t\t<\/div>\n\t\t\t\t<\/div>\n\t\t\t\t<\/div>\n\t\t<div class=\"elementor-element elementor-element-1df9b27 e-con-full qode_elementor_container_inner e-flex parallax_section_no e-con e-parent\" data-id=\"1df9b27\" data-element_type=\"container\" data-e-type=\"container\">\n\t\t<div class=\"elementor-element elementor-element-841fe0f e-con-full e-flex parallax_section_no qode_elementor_container_no e-con e-child\" data-id=\"841fe0f\" data-element_type=\"container\" data-e-type=\"container\">\n\t\t\t\t<div class=\"elementor-element elementor-element-dbf8206 elementor-widget elementor-widget-bridge_image_hover\" data-id=\"dbf8206\" data-element_type=\"widget\" data-e-type=\"widget\" data-widget_type=\"bridge_image_hover.default\">\n\t\t\t\t<div class=\"elementor-widget-container\">\n\t\t\t\t\t<div class=\"image_hover \" data-transition-delay=\"\"><div class=\"images_holder\"><img decoding=\"async\" itemprop=\"image\" class=\"\" src=\"https:\/\/www.bookazine.com\/wp-content\/uploads\/2025\/02\/books.jpg\" alt=\"Main Image\" style=\"\" \/><\/div><\/div>\t\t\t\t<\/div>\n\t\t\t\t<\/div>\n\t\t\t\t<\/div>\n\t\t<div class=\"elementor-element elementor-element-050c0d2 e-con-full e-flex parallax_section_no qode_elementor_container_no e-con e-child\" data-id=\"050c0d2\" data-element_type=\"container\" data-e-type=\"container\">\n\t\t\t\t<div class=\"elementor-element elementor-element-33b6607 elementor-widget elementor-widget-qi_addons_for_elementor_section_title\" data-id=\"33b6607\" data-element_type=\"widget\" data-e-type=\"widget\" data-widget_type=\"qi_addons_for_elementor_section_title.default\">\n\t\t\t\t<div class=\"elementor-widget-container\">\n\t\t\t\t\t<div class=\"qodef-shortcode qodef-m qodef-qi-section-title qodef-decoration--italic qodef-link--underline-draw qodef-subtitle-icon--left\">\n\t\t\t\t<h5 class=\"qodef-m-subtitle\">\n\t\tNuevos vendedores\t\t\t<\/h5>\n\t\t\t<h1 class=\"qodef-m-title\">\n\t\tSometer t\u00edtulos a consideraci\u00f3n\t<\/h1>\n\t\t\t<div class=\"qodef-m-text\"><p>En Bookazine, acogemos con agrado la presentaci\u00f3n de nuevos libros por parte de las editoriales. Para que tengamos en cuenta tu t\u00edtulo, revisa los siguientes requisitos: <\/p><p> <\/p><h5 class=\"p1\"><span class=\"s1\"><b>Requisitos de presentaci\u00f3n:<\/b><\/span><\/h5><p><span class=\"s1\"><b>ISBN y c\u00f3digo de barras EAN<\/b>: El libro debe tener un ISBN y un c\u00f3digo de barras EAN con un precio impreso. Se hacen excepciones para art\u00edculos que no sean libros. <\/span><\/p><p><b><\/b><span class=\"s1\"><b>Copias f\u00edsicas y material promocional<\/b>: Presenta <b>un ejemplar<\/b> de tu libro junto con <b>dos juegos<\/b> de materiales promocionales (por ejemplo, sobrecubiertas, fotocopias en color, hojas de venta, materiales de marketing).<\/span><\/p><p><b><\/b><span class=\"s1\"><b>Datos de embalaje y publicaci\u00f3n<\/b>: Proporciona informaci\u00f3n sobre el <b>envase de cart\u00f3n<\/b> y el n\u00famero total de unidades publicadas.<\/span><\/p><p><b><\/b><span class=\"s1\"><b>Detalles de ventas y distribuci\u00f3n<\/b>: Especifica qui\u00e9n es responsable de las ventas, el marketing y la distribuci\u00f3n del libro.<\/span><\/p><h5> <\/h5><h5 class=\"p1\"><span class=\"s1\"><b>Notas importantes:<\/b><\/span><\/h5><p><b><\/b><span class=\"s1\"><b>Distribuci\u00f3n mayorista<\/b>: Bookazine es un mayorista internacional, no un servicio de distribuci\u00f3n para editoriales clientes.<\/span><\/p><p><b><\/b><span class=\"s1\"><b>Pedidos al por menor<\/b>: Los libros no se compran de forma especulativa. S\u00f3lo se hacen pedidos si hay demanda de las tiendas minoristas. <\/span><\/p><p><b><\/b><span class=\"s1\"><b>Proceso de aprobaci\u00f3n<\/b>: Los nuevos editores deben firmar un acuerdo de condiciones y recibir la aprobaci\u00f3n del <b>Vicepresidente de Merchandising<\/b>.<\/span><\/p><p><b><\/b><span class=\"s1\"><b>Plazo de revisi\u00f3n<\/b>: Nos esforzamos por revisar detenidamente todos los env\u00edos. Si nos interesa tu libro, nos pondremos en contacto contigo en un plazo de <b>cuatro semanas<\/b>. Si no recibes noticias nuestras en ese plazo, nuestro Departamento de Comercializaci\u00f3n ha determinado que no podemos comercializar con \u00e9xito tu t\u00edtulo.  <\/span><\/p><p><b><\/b><span class=\"s1\"><b>Sin seguimiento<\/b>: Por favor, abstente de ponerte en contacto con nuestra oficina en relaci\u00f3n con el estado de tu presentaci\u00f3n.<\/span><\/p><\/div>\n\t<\/div>\n\t\t\t\t<\/div>\n\t\t\t\t<\/div>\n\t\t\t\t<\/div>\n\t\t\t\t<\/div>\n\t\t<div style=\"background-image: url(https:\/\/bookazine.com\/wp-content\/uploads\/2025\/02\/new-us.jpg);\" class=\"parallax_section_holder elementor-element elementor-element-8879b36 e-con-full parallax_section_holder e-flex qode_elementor_container_no e-con e-parent\" data-speed=\"0\" data-id=\"8879b36\" data-element_type=\"container\" data-e-type=\"container\" data-settings=\"{&quot;qode_parallax_image&quot;:{&quot;url&quot;:&quot;https:\\\/\\\/bookazine.com\\\/wp-content\\\/uploads\\\/2025\\\/02\\\/new-us.jpg&quot;,&quot;id&quot;:6245,&quot;size&quot;:&quot;&quot;,&quot;alt&quot;:&quot;&quot;,&quot;source&quot;:&quot;library&quot;},&quot;background_background&quot;:&quot;classic&quot;}\">\n\t\t\t\t<div class=\"elementor-element elementor-element-c14972d elementor-widget elementor-widget-qi_addons_for_elementor_banner\" data-id=\"c14972d\" data-element_type=\"widget\" data-e-type=\"widget\" data-widget_type=\"qi_addons_for_elementor_banner.default\">\n\t\t\t\t<div class=\"elementor-widget-container\">\n\t\t\t\t\t<div class=\"qodef-shortcode qodef-m qodef-qi-banner qodef-layout--standard qodef-vertical--middle qodef-horizontal--center qodef-image--hover-zoom\">\n\t<div class=\"qodef-m-image\">\n\t<\/div>\n\t<div class=\"qodef-m-content\">\n\t\t<div class=\"qodef-m-content-inner\">\n\t\t\t\t\t\t\t<h2 class=\"qodef-m-title\">\n\t\tRecursos\t<\/h2>\n\t\t\t\t<p class=\"qodef-m-text\">\n\t\tLorem ipsum dolor sit amet, consectetur adipiscing elit. Mauris tempus nisl vitae magna pulvinar laoreet.   \t<\/p>\n\t\t\t\t<div class=\"qodef-m-button\">\n\t\t<a class=\"qodef-shortcode qodef-m qodef-qi-button qodef-html--link qodef-layout--outlined qodef-type--standard qodef-icon--right qodef-hover--icon-move-horizontal-short\" href=\"#\" target=\"_self\">\t<span class=\"qodef-m-text\">Saber m\u00e1s<\/span>\t<\/a>\t<\/div>\n\t\t<\/div>\n\t<\/div>\n\t\t<a itemprop=\"url\" href=\"#\" class=\"qodef-m-banner-link\" target=\"_self\"><\/a>\n<\/div>\n\t\t\t\t<\/div>\n\t\t\t\t<\/div>\n\t\t\t\t<div class=\"elementor-element elementor-element-28a1073 elementor-widget__width-initial elementor-widget elementor-widget-qi_addons_for_elementor_section_title\" data-id=\"28a1073\" data-element_type=\"widget\" data-e-type=\"widget\" data-widget_type=\"qi_addons_for_elementor_section_title.default\">\n\t\t\t\t<div class=\"elementor-widget-container\">\n\t\t\t\t\t<div class=\"qodef-shortcode qodef-m qodef-qi-section-title qodef-decoration--italic qodef-link--underline-draw qodef-subtitle-icon--left\">\n\t\t\t\t\t\t<h1 class=\"qodef-m-title\">\n\t\tEmpecemos\t<\/h1>\n\t\t\t<\/div>\n\t\t\t\t<\/div>\n\t\t\t\t<\/div>\n\t\t\t\t<div class=\"elementor-element elementor-element-f0aec6d elementor-widget elementor-widget-bridge_button\" data-id=\"f0aec6d\" data-element_type=\"widget\" data-e-type=\"widget\" data-widget_type=\"bridge_button.default\">\n\t\t\t\t<div class=\"elementor-widget-container\">\n\t\t\t\t\t<a  itemprop=\"url\" href=\"https:\/\/bookazine.com\/sign-up\/\" target=\"_self\" data-hover-background-color=\"#99A1C8\" class=\"qbutton  white default\" style=\"color: #0F173F; background-color:#FFFFFF;\">ABRIR UNA CUENTA<\/a>\t\t\t\t<\/div>\n\t\t\t\t<\/div>\n\t\t\t\t<\/div>\n\t\t<div class=\"elementor-element elementor-element-a505e4f e-con-full e-flex parallax_section_no qode_elementor_container_no e-con e-parent\" data-id=\"a505e4f\" data-element_type=\"container\" data-e-type=\"container\">\n\t\t\t\t<div class=\"elementor-element elementor-element-74c28fb elementor-view-default elementor-widget elementor-widget-icon\" data-id=\"74c28fb\" data-element_type=\"widget\" data-e-type=\"widget\" data-widget_type=\"icon.default\">\n\t\t\t\t<div class=\"elementor-widget-container\">\n\t\t\t\t\t\t\t<div class=\"elementor-icon-wrapper\">\n\t\t\t<div class=\"elementor-icon\">\n\t\t\t<svg aria-hidden=\"true\" class=\"e-font-icon-svg e-fas-star\" viewBox=\"0 0 576 512\" xmlns=\"http:\/\/www.w3.org\/2000\/svg\"><path d=\"M259.3 17.8L194 150.2 47.9 171.5c-26.2 3.8-36.7 36.1-17.7 54.6l105.7 103-25 145.5c-4.5 26.3 23.2 46 46.4 33.7L288 439.6l130.7 68.7c23.2 12.2 50.9-7.4 46.4-33.7l-25-145.5 105.7-103c19-18.5 8.5-50.8-17.7-54.6L382 150.2 316.7 17.8c-11.7-23.6-45.6-23.9-57.4 0z\"><\/path><\/svg>\t\t\t<\/div>\n\t\t<\/div>\n\t\t\t\t\t\t<\/div>\n\t\t\t\t<\/div>\n\t\t\t\t<div class=\"elementor-element elementor-element-d80dfe2 elementor-widget__width-initial elementor-widget elementor-widget-qi_addons_for_elementor_section_title\" data-id=\"d80dfe2\" data-element_type=\"widget\" data-e-type=\"widget\" data-widget_type=\"qi_addons_for_elementor_section_title.default\">\n\t\t\t\t<div class=\"elementor-widget-container\">\n\t\t\t\t\t<div class=\"qodef-shortcode qodef-m qodef-qi-section-title qodef-decoration--italic qodef-link--underline-draw qodef-subtitle-icon--right\">\n\t\t\t\t\t\t<h1 class=\"qodef-m-title\">\n\t\tVERDADERO SERVICIO AL CLIENTE\t<\/h1>\n\t\t\t<div class=\"qodef-m-text\"><p class=\"p1\"><span class=\"s1\">Durante m\u00e1s de 90 a\u00f1os, Bookazine ha sido un socio de confianza para las comunidades minorista y editorial, ofreciendo un servicio y una asistencia inigualables. Nos comprometemos a ayudarte a hacer crecer tu negocio ofreci\u00e9ndote una asistencia sin fisuras en cada fase, desde el pedido inicial hasta el d\u00eda de la entrega. Nuestro equipo especializado garantiza un proceso fluido y eficaz, facilitando tu \u00e9xito y el de tus clientes. A medida que tu negocio evoluciona, nuestros servicios crecen contigo, adapt\u00e1ndose a tus necesidades cambiantes. En Bookazine, tu \u00e9xito es nuestra prioridad.    <\/span><\/p><\/div>\n\t<\/div>\n\t\t\t\t<\/div>\n\t\t\t\t<\/div>\n\t\t\t\t<\/div>\n\t\t<div class=\"elementor-element elementor-element-8c049ab e-con-full e-flex parallax_section_no qode_elementor_container_no e-con e-parent\" data-id=\"8c049ab\" data-element_type=\"container\" data-e-type=\"container\">\n\t\t<div class=\"elementor-element elementor-element-b4c778c e-con-full e-flex parallax_section_no qode_elementor_container_no e-con e-child\" data-id=\"b4c778c\" data-element_type=\"container\" data-e-type=\"container\">\n\t\t\t\t<div class=\"elementor-element elementor-element-c8f715e elementor-widget elementor-widget-qi_addons_for_elementor_banner\" data-id=\"c8f715e\" data-element_type=\"widget\" data-e-type=\"widget\" data-widget_type=\"qi_addons_for_elementor_banner.default\">\n\t\t\t\t<div class=\"elementor-widget-container\">\n\t\t\t\t\t<div class=\"qodef-shortcode qodef-m qodef-qi-banner qodef-layout--standard qodef-vertical--middle qodef-horizontal--center qodef-image--hover-zoom\">\n\t<div class=\"qodef-m-image\">\n\t<img fetchpriority=\"high\" decoding=\"async\" width=\"1300\" height=\"740\" src=\"https:\/\/www.bookazine.com\/wp-content\/uploads\/2025\/01\/search.jpg\" class=\"attachment-full size-full\" alt=\"\" srcset=\"https:\/\/www.bookazine.com\/wp-content\/uploads\/2025\/01\/search.jpg 1300w, https:\/\/www.bookazine.com\/wp-content\/uploads\/2025\/01\/search-300x171.jpg 300w, https:\/\/www.bookazine.com\/wp-content\/uploads\/2025\/01\/search-1024x583.jpg 1024w, https:\/\/www.bookazine.com\/wp-content\/uploads\/2025\/01\/search-768x437.jpg 768w, https:\/\/www.bookazine.com\/wp-content\/uploads\/2025\/01\/search-700x398.jpg 700w\" sizes=\"(max-width: 1300px) 100vw, 1300px\" \/><\/div>\n\t<div class=\"qodef-m-content\">\n\t\t<div class=\"qodef-m-content-inner\">\n\t\t\t\t\t\t\t<h2 class=\"qodef-m-title\">\n\t\tInformes de ventas\t<\/h2>\n\t\t\t\t<p class=\"qodef-m-text\">\n\t\tLos clientes actuales pueden acceder a sus informes de ventas aqu\u00ed.\t<\/p>\n\t\t\t\t<div class=\"qodef-m-button\">\n\t\t<a class=\"qodef-shortcode qodef-m qodef-qi-button qodef-html--link qodef-layout--outlined qodef-type--standard qodef-icon--right qodef-hover--icon-move-horizontal-short\" href=\"http:\/\/www3.bookazine.com\/salesreports.nsf\" target=\"_self\">\t<span class=\"qodef-m-text\">INFORMES DE ACCESO<\/span>\t<\/a>\t<\/div>\n\t\t<\/div>\n\t<\/div>\n\t\t<a itemprop=\"url\" href=\"http:\/\/www3.bookazine.com\/salesreports.nsf\" class=\"qodef-m-banner-link\" target=\"_self\"><\/a>\n<\/div>\n\t\t\t\t<\/div>\n\t\t\t\t<\/div>\n\t\t\t\t<\/div>\n\t\t<div class=\"elementor-element elementor-element-c722517 e-con-full e-flex parallax_section_no qode_elementor_container_no e-con e-child\" data-id=\"c722517\" data-element_type=\"container\" data-e-type=\"container\">\n\t\t\t\t<div class=\"elementor-element elementor-element-cdcdf38 elementor-widget elementor-widget-qi_addons_for_elementor_banner\" data-id=\"cdcdf38\" data-element_type=\"widget\" data-e-type=\"widget\" data-widget_type=\"qi_addons_for_elementor_banner.default\">\n\t\t\t\t<div class=\"elementor-widget-container\">\n\t\t\t\t\t<div class=\"qodef-shortcode qodef-m qodef-qi-banner qodef-layout--standard qodef-vertical--middle qodef-horizontal--center qodef-image--hover-zoom\">\n\t<div class=\"qodef-m-image\">\n\t<img decoding=\"async\" width=\"1300\" height=\"740\" src=\"https:\/\/www.bookazine.com\/wp-content\/uploads\/2025\/01\/resources2.jpg\" class=\"attachment-full size-full\" alt=\"\" srcset=\"https:\/\/www.bookazine.com\/wp-content\/uploads\/2025\/01\/resources2.jpg 1300w, https:\/\/www.bookazine.com\/wp-content\/uploads\/2025\/01\/resources2-300x171.jpg 300w, https:\/\/www.bookazine.com\/wp-content\/uploads\/2025\/01\/resources2-1024x583.jpg 1024w, https:\/\/www.bookazine.com\/wp-content\/uploads\/2025\/01\/resources2-768x437.jpg 768w, https:\/\/www.bookazine.com\/wp-content\/uploads\/2025\/01\/resources2-700x398.jpg 700w\" sizes=\"(max-width: 1300px) 100vw, 1300px\" \/><\/div>\n\t<div class=\"qodef-m-content\">\n\t\t<div class=\"qodef-m-content-inner\">\n\t\t\t\t\t\t\t<h2 class=\"qodef-m-title\">\n\t\t\u00bfPREGUNTAS?\t<\/h2>\n\t\t\t\t<p class=\"qodef-m-text\">\n\t\tNuestro experto equipo de atenci\u00f3n al cliente est\u00e1 a tu disposici\u00f3n para responder a cualquier pregunta.\t<\/p>\n\t\t\t\t<div class=\"qodef-m-button\">\n\t\t<a class=\"qodef-shortcode qodef-m qodef-qi-button qodef-html--link qodef-layout--outlined qodef-type--standard qodef-icon--right qodef-hover--icon-move-horizontal-short\" href=\"https:\/\/bookazine.com\/contact-us\/\" target=\"_self\">\t<span class=\"qodef-m-text\">CONT\u00c1CTANOS<\/span>\t<\/a>\t<\/div>\n\t\t<\/div>\n\t<\/div>\n\t\t<a itemprop=\"url\" href=\"https:\/\/bookazine.com\/contact-us\/\" class=\"qodef-m-banner-link\" target=\"_self\"><\/a>\n<\/div>\n\t\t\t\t<\/div>\n\t\t\t\t<\/div>\n\t\t\t\t<\/div>\n\t\t\t\t<\/div>\n\t\t\t\t<\/div>\n\t\t","protected":false},"excerpt":{"rendered":"<p>Beneficios para el editor Publicidad Ofrecemos a los editores una gran variedad de oportunidades publicitarias, incluidas publicaciones impresas y electr\u00f3nicas. (que puedes encontrar en nuestra p\u00e1gina de recursos) Gesti\u00f3n de cuentas online Ahora tienes la posibilidad de ver la informaci\u00f3n sobre devoluciones de cargo por&#8230;<\/p>\n","protected":false},"author":1,"featured_media":0,"parent":0,"menu_order":0,"comment_status":"closed","ping_status":"closed","template":"full_width.php","meta":{"footnotes":""},"class_list":["post-7889","page","type-page","status-publish","hentry"],"yoast_head":"<!-- This site is optimized with the Yoast SEO plugin v27.3 - https:\/\/yoast.com\/product\/yoast-seo-wordpress\/ -->\n<title>As\u00f3ciate con Bookazine | Premier Publisher Services<\/title>\n<meta name=\"description\" content=\"Ampl\u00eda tu alcance asoci\u00e1ndote con Bookazine, que ofrece a los editores soluciones integrales de distribuci\u00f3n y marketing.\" \/>\n<meta name=\"robots\" content=\"index, follow, max-snippet:-1, max-image-preview:large, max-video-preview:-1\" \/>\n<link rel=\"canonical\" href=\"https:\/\/www.bookazine.com\/es\/editoriales\/\" \/>\n<meta property=\"og:locale\" content=\"es_ES\" \/>\n<meta property=\"og:type\" content=\"article\" \/>\n<meta property=\"og:title\" content=\"As\u00f3ciate con Bookazine | Premier Publisher Services\" \/>\n<meta property=\"og:description\" content=\"Ampl\u00eda tu alcance asoci\u00e1ndote con Bookazine, que ofrece a los editores soluciones integrales de distribuci\u00f3n y marketing.\" \/>\n<meta property=\"og:url\" content=\"https:\/\/www.bookazine.com\/es\/editoriales\/\" \/>\n<meta property=\"og:site_name\" content=\"Revista de libros\" \/>\n<meta property=\"article:modified_time\" content=\"2025-02-22T21:14:10+00:00\" \/>\n<meta property=\"og:image\" content=\"https:\/\/www.bookazine.com\/wp-content\/uploads\/2025\/02\/pub1.jpg\" \/>\n<meta name=\"twitter:card\" content=\"summary_large_image\" \/>\n<meta name=\"twitter:label1\" content=\"Tiempo de lectura\" \/>\n\t<meta name=\"twitter:data1\" content=\"3 minutos\" \/>\n<script type=\"application\/ld+json\" class=\"yoast-schema-graph\">{\"@context\":\"https:\\\/\\\/schema.org\",\"@graph\":[{\"@type\":\"WebPage\",\"@id\":\"https:\\\/\\\/www.bookazine.com\\\/es\\\/editoriales\\\/\",\"url\":\"https:\\\/\\\/www.bookazine.com\\\/es\\\/editoriales\\\/\",\"name\":\"As\u00f3ciate con Bookazine | Premier Publisher Services\",\"isPartOf\":{\"@id\":\"https:\\\/\\\/www.bookazine.com\\\/es\\\/#website\"},\"primaryImageOfPage\":{\"@id\":\"https:\\\/\\\/www.bookazine.com\\\/es\\\/editoriales\\\/#primaryimage\"},\"image\":{\"@id\":\"https:\\\/\\\/www.bookazine.com\\\/es\\\/editoriales\\\/#primaryimage\"},\"thumbnailUrl\":\"https:\\\/\\\/www.bookazine.com\\\/wp-content\\\/uploads\\\/2025\\\/02\\\/pub1.jpg\",\"datePublished\":\"2025-02-03T03:10:42+00:00\",\"dateModified\":\"2025-02-22T21:14:10+00:00\",\"description\":\"Ampl\u00eda tu alcance asoci\u00e1ndote con Bookazine, que ofrece a los editores soluciones integrales de distribuci\u00f3n y marketing.\",\"breadcrumb\":{\"@id\":\"https:\\\/\\\/www.bookazine.com\\\/es\\\/editoriales\\\/#breadcrumb\"},\"inLanguage\":\"es\",\"potentialAction\":[{\"@type\":\"ReadAction\",\"target\":[\"https:\\\/\\\/www.bookazine.com\\\/es\\\/editoriales\\\/\"]}]},{\"@type\":\"ImageObject\",\"inLanguage\":\"es\",\"@id\":\"https:\\\/\\\/www.bookazine.com\\\/es\\\/editoriales\\\/#primaryimage\",\"url\":\"https:\\\/\\\/www.bookazine.com\\\/wp-content\\\/uploads\\\/2025\\\/02\\\/pub1.jpg\",\"contentUrl\":\"https:\\\/\\\/www.bookazine.com\\\/wp-content\\\/uploads\\\/2025\\\/02\\\/pub1.jpg\"},{\"@type\":\"BreadcrumbList\",\"@id\":\"https:\\\/\\\/www.bookazine.com\\\/es\\\/editoriales\\\/#breadcrumb\",\"itemListElement\":[{\"@type\":\"ListItem\",\"position\":1,\"name\":\"Inicio\",\"item\":\"https:\\\/\\\/www.bookazine.com\\\/es\\\/pagina-principal\\\/\"},{\"@type\":\"ListItem\",\"position\":2,\"name\":\"Editoriales\"}]},{\"@type\":\"WebSite\",\"@id\":\"https:\\\/\\\/www.bookazine.com\\\/es\\\/#website\",\"url\":\"https:\\\/\\\/www.bookazine.com\\\/es\\\/\",\"name\":\"Revista de libros\",\"description\":\"Un mayorista de libros l\u00edder en el mundo\",\"potentialAction\":[{\"@type\":\"SearchAction\",\"target\":{\"@type\":\"EntryPoint\",\"urlTemplate\":\"https:\\\/\\\/www.bookazine.com\\\/es\\\/?s={search_term_string}\"},\"query-input\":{\"@type\":\"PropertyValueSpecification\",\"valueRequired\":true,\"valueName\":\"search_term_string\"}}],\"inLanguage\":\"es\"}]}<\/script>\n<!-- \/ Yoast SEO plugin. -->","yoast_head_json":{"title":"As\u00f3ciate con Bookazine | Premier Publisher Services","description":"Ampl\u00eda tu alcance asoci\u00e1ndote con Bookazine, que ofrece a los editores soluciones integrales de distribuci\u00f3n y marketing.","robots":{"index":"index","follow":"follow","max-snippet":"max-snippet:-1","max-image-preview":"max-image-preview:large","max-video-preview":"max-video-preview:-1"},"canonical":"https:\/\/www.bookazine.com\/es\/editoriales\/","og_locale":"es_ES","og_type":"article","og_title":"As\u00f3ciate con Bookazine | Premier Publisher Services","og_description":"Ampl\u00eda tu alcance asoci\u00e1ndote con Bookazine, que ofrece a los editores soluciones integrales de distribuci\u00f3n y marketing.","og_url":"https:\/\/www.bookazine.com\/es\/editoriales\/","og_site_name":"Revista de libros","article_modified_time":"2025-02-22T21:14:10+00:00","og_image":[{"url":"https:\/\/www.bookazine.com\/wp-content\/uploads\/2025\/02\/pub1.jpg","type":"","width":"","height":""}],"twitter_card":"summary_large_image","twitter_misc":{"Tiempo de lectura":"3 minutos"},"schema":{"@context":"https:\/\/schema.org","@graph":[{"@type":"WebPage","@id":"https:\/\/www.bookazine.com\/es\/editoriales\/","url":"https:\/\/www.bookazine.com\/es\/editoriales\/","name":"As\u00f3ciate con Bookazine | Premier Publisher Services","isPartOf":{"@id":"https:\/\/www.bookazine.com\/es\/#website"},"primaryImageOfPage":{"@id":"https:\/\/www.bookazine.com\/es\/editoriales\/#primaryimage"},"image":{"@id":"https:\/\/www.bookazine.com\/es\/editoriales\/#primaryimage"},"thumbnailUrl":"https:\/\/www.bookazine.com\/wp-content\/uploads\/2025\/02\/pub1.jpg","datePublished":"2025-02-03T03:10:42+00:00","dateModified":"2025-02-22T21:14:10+00:00","description":"Ampl\u00eda tu alcance asoci\u00e1ndote con Bookazine, que ofrece a los editores soluciones integrales de distribuci\u00f3n y marketing.","breadcrumb":{"@id":"https:\/\/www.bookazine.com\/es\/editoriales\/#breadcrumb"},"inLanguage":"es","potentialAction":[{"@type":"ReadAction","target":["https:\/\/www.bookazine.com\/es\/editoriales\/"]}]},{"@type":"ImageObject","inLanguage":"es","@id":"https:\/\/www.bookazine.com\/es\/editoriales\/#primaryimage","url":"https:\/\/www.bookazine.com\/wp-content\/uploads\/2025\/02\/pub1.jpg","contentUrl":"https:\/\/www.bookazine.com\/wp-content\/uploads\/2025\/02\/pub1.jpg"},{"@type":"BreadcrumbList","@id":"https:\/\/www.bookazine.com\/es\/editoriales\/#breadcrumb","itemListElement":[{"@type":"ListItem","position":1,"name":"Inicio","item":"https:\/\/www.bookazine.com\/es\/pagina-principal\/"},{"@type":"ListItem","position":2,"name":"Editoriales"}]},{"@type":"WebSite","@id":"https:\/\/www.bookazine.com\/es\/#website","url":"https:\/\/www.bookazine.com\/es\/","name":"Revista de libros","description":"Un mayorista de libros l\u00edder en el mundo","potentialAction":[{"@type":"SearchAction","target":{"@type":"EntryPoint","urlTemplate":"https:\/\/www.bookazine.com\/es\/?s={search_term_string}"},"query-input":{"@type":"PropertyValueSpecification","valueRequired":true,"valueName":"search_term_string"}}],"inLanguage":"es"}]}},"_links":{"self":[{"href":"https:\/\/www.bookazine.com\/es\/wp-json\/wp\/v2\/pages\/7889","targetHints":{"allow":["GET"]}}],"collection":[{"href":"https:\/\/www.bookazine.com\/es\/wp-json\/wp\/v2\/pages"}],"about":[{"href":"https:\/\/www.bookazine.com\/es\/wp-json\/wp\/v2\/types\/page"}],"author":[{"embeddable":true,"href":"https:\/\/www.bookazine.com\/es\/wp-json\/wp\/v2\/users\/1"}],"replies":[{"embeddable":true,"href":"https:\/\/www.bookazine.com\/es\/wp-json\/wp\/v2\/comments?post=7889"}],"version-history":[{"count":1,"href":"https:\/\/www.bookazine.com\/es\/wp-json\/wp\/v2\/pages\/7889\/revisions"}],"predecessor-version":[{"id":7891,"href":"https:\/\/www.bookazine.com\/es\/wp-json\/wp\/v2\/pages\/7889\/revisions\/7891"}],"wp:attachment":[{"href":"https:\/\/www.bookazine.com\/es\/wp-json\/wp\/v2\/media?parent=7889"}],"curies":[{"name":"wp","href":"https:\/\/api.w.org\/{rel}","templated":true}]}}