{"id":7888,"date":"2025-02-03T02:42:19","date_gmt":"2025-02-03T02:42:19","guid":{"rendered":"https:\/\/www.bookazine.com\/librerias-de-comercio-electronico\/"},"modified":"2025-02-22T21:14:10","modified_gmt":"2025-02-22T21:14:10","slug":"librerias-de-comercio-electronico","status":"publish","type":"page","link":"https:\/\/www.bookazine.com\/es\/librerias-de-comercio-electronico\/","title":{"rendered":"Librer\u00edas de comercio electr\u00f3nico"},"content":{"rendered":"\t\t<div data-elementor-type=\"wp-page\" data-elementor-id=\"7888\" class=\"elementor elementor-7888 elementor-5730\">\n\t\t\t\t<div class=\"elementor-element elementor-element-5ec29c6 e-con-full qode_elementor_container_inner e-flex parallax_section_no e-con e-parent\" data-id=\"5ec29c6\" data-element_type=\"container\" data-e-type=\"container\">\n\t\t<div class=\"elementor-element elementor-element-996e0e6 e-con-full e-flex parallax_section_no qode_elementor_container_no e-con e-child\" data-id=\"996e0e6\" data-element_type=\"container\" data-e-type=\"container\">\n\t\t\t\t<div class=\"elementor-element elementor-element-e1a841c elementor-widget elementor-widget-qi_addons_for_elementor_section_title\" data-id=\"e1a841c\" data-element_type=\"widget\" data-e-type=\"widget\" data-widget_type=\"qi_addons_for_elementor_section_title.default\">\n\t\t\t\t<div class=\"elementor-widget-container\">\n\t\t\t\t\t<div class=\"qodef-shortcode qodef-m qodef-qi-section-title qodef-decoration--italic qodef-link--underline-draw qodef-subtitle-icon--left\">\n\t\t\t\t\t\t<h1 class=\"qodef-m-title\">\n\t\tServicios de Cumplimiento Directo con el Consumidor (CDF)\t<\/h1>\n\t\t\t<div class=\"qodef-m-text\"><h5 style=\"font-weight: 400\"><strong>Soluciones de cumplimiento globales, escalables y racionalizadas<\/strong><\/h5><p style=\"font-weight: 400\"><strong>El Cumplimiento Directo con el Consumidor (CDF)<\/strong> te permite ampliar tu negocio sin esfuerzo enviando productos directamente a tus clientes, sin necesidad de espacio adicional en el almac\u00e9n ni de ampliar la plantilla. Como <strong>socio de cumplimiento fiable y coherente<\/strong>, proporcionamos soluciones log\u00edsticas<strong> fiables<\/strong> para la distribuci\u00f3n global. Nuestros servicios <strong>rentables y sin fisuras<\/strong> ayudan a optimizar la eficacia, minimizar el tiempo de manipulaci\u00f3n y mejorar la satisfacci\u00f3n del cliente.  <\/p><\/div>\n\t<\/div>\n\t\t\t\t<\/div>\n\t\t\t\t<\/div>\n\t\t\t\t<\/div>\n\t\t<div class=\"elementor-element elementor-element-ddf1103 e-con-full e-flex parallax_section_no qode_elementor_container_no e-con e-child\" data-id=\"ddf1103\" data-element_type=\"container\" data-e-type=\"container\">\n\t\t\t\t<div class=\"elementor-element elementor-element-6389491 elementor-widget elementor-widget-bridge_image_hover\" data-id=\"6389491\" data-element_type=\"widget\" data-e-type=\"widget\" data-widget_type=\"bridge_image_hover.default\">\n\t\t\t\t<div class=\"elementor-widget-container\">\n\t\t\t\t\t<div class=\"image_hover \" data-transition-delay=\"\"><div class=\"images_holder\"><img decoding=\"async\" itemprop=\"image\" class=\"\" src=\"https:\/\/www.bookazine.com\/wp-content\/uploads\/2025\/02\/internet1.jpg\" alt=\"Main Image\" style=\"\" \/><\/div><\/div>\t\t\t\t<\/div>\n\t\t\t\t<\/div>\n\t\t\t\t<\/div>\n\t\t\t\t<\/div>\n\t\t<div class=\"elementor-element elementor-element-1df9b27 e-con-full qode_elementor_container_inner e-flex parallax_section_no e-con e-parent\" data-id=\"1df9b27\" data-element_type=\"container\" data-e-type=\"container\">\n\t\t<div class=\"elementor-element elementor-element-841fe0f e-con-full e-flex parallax_section_no qode_elementor_container_no e-con e-child\" data-id=\"841fe0f\" data-element_type=\"container\" data-e-type=\"container\">\n\t\t\t\t<div class=\"elementor-element elementor-element-dbf8206 elementor-widget elementor-widget-bridge_image_hover\" data-id=\"dbf8206\" data-element_type=\"widget\" data-e-type=\"widget\" data-widget_type=\"bridge_image_hover.default\">\n\t\t\t\t<div class=\"elementor-widget-container\">\n\t\t\t\t\t<div class=\"image_hover \" data-transition-delay=\"\"><div class=\"images_holder\"><img decoding=\"async\" itemprop=\"image\" class=\"\" src=\"https:\/\/www.bookazine.com\/wp-content\/uploads\/2025\/02\/internet2.jpg\" alt=\"Main Image\" style=\"\" \/><\/div><\/div>\t\t\t\t<\/div>\n\t\t\t\t<\/div>\n\t\t\t\t<\/div>\n\t\t<div class=\"elementor-element elementor-element-050c0d2 e-con-full e-flex parallax_section_no qode_elementor_container_no e-con e-child\" data-id=\"050c0d2\" data-element_type=\"container\" data-e-type=\"container\">\n\t\t\t\t<div class=\"elementor-element elementor-element-33b6607 elementor-widget elementor-widget-qi_addons_for_elementor_section_title\" data-id=\"33b6607\" data-element_type=\"widget\" data-e-type=\"widget\" data-widget_type=\"qi_addons_for_elementor_section_title.default\">\n\t\t\t\t<div class=\"elementor-widget-container\">\n\t\t\t\t\t<div class=\"qodef-shortcode qodef-m qodef-qi-section-title qodef-decoration--italic qodef-link--underline-draw qodef-subtitle-icon--left\">\n\t\t\t\t\t\t<h1 class=\"qodef-m-title\">\n\t\tOfrecer excelencia, directamente a tus clientes\t<\/h1>\n\t\t\t<div class=\"qodef-m-text\"><h5 style=\"font-weight: 400\"><strong>C\u00f3mo funciona:<\/strong><\/h5><p><strong>Accede a nuestro inventario<\/strong>: explora nuestra amplia disponibilidad de existencias en tiempo real mediante FTP o acceso al sitio web.<\/p><p><strong>Haz tu pedido<\/strong> - Env\u00eda pedidos a trav\u00e9s de EDI o del sitio web.<\/p><p><strong>Procesamiento y cumplimiento del pedido<\/strong> - Tus art\u00edculos se seleccionan cuidadosamente, se empaquetan y se env\u00edan el mismo d\u00eda (si se realizan antes de la hora l\u00edmite).<\/p><p><strong>Entrega r\u00e1pida<\/strong> - Los pedidos se env\u00edan directamente a tus clientes con rapidez y precisi\u00f3n.<\/p><h5 style=\"font-weight: 400\"><strong>\u00bfPor qu\u00e9 elegir nuestros servicios CDF?<\/strong><\/h5><p><strong>Procesamiento de pedidos el mismo d\u00eda<\/strong> - Los pedidos se recogen, empaquetan y env\u00edan el mismo d\u00eda.<\/p><p><strong>Alcance mundial<\/strong> - Nos asociamos con l\u00edderes del sector para garantizar la entrega en todo el mundo con rapidez y precisi\u00f3n.<\/p><p><strong>Opciones de env\u00edo flexibles<\/strong>: Bookazine colabora con proveedores de transporte para ofrecerte la mejor soluci\u00f3n de env\u00edo adaptada a tus necesidades.<\/p><p><strong>Acceso completo al inventario<\/strong> - Accede instant\u00e1neamente a m\u00e1s de 2 millones de t\u00edtulos en todo el mundo, de miles de editoriales.<\/p><p><strong>Integraci\u00f3n perfecta<\/strong>: los pedidos se pueden realizar a trav\u00e9s de FTP, portales web o sistemas automatizados, lo que facilita su tramitaci\u00f3n.<\/p><h5 style=\"font-weight: 400\"><strong>Integraci\u00f3n simplificada en tres pasos<\/strong><\/h5><p><strong>Gesti\u00f3n de metadatos<\/strong> - Accede a los detalles completos del t\u00edtulo, incluyendo autor, ISBN y todos los datos clave.<\/p><p><strong>Informaci\u00f3n de existencias en tiempo real<\/strong> - Mantente al d\u00eda con los datos de existencias en tiempo real, actualizados cada hora.<\/p><p><strong>Cumplimiento habilitado para EDI<\/strong> - Procesamiento de pedidos racionalizado desde la Orden de Compra (PO) \u2192 Acuse de Recibo de la Orden de Compra (POA) \u2192 Recogida y Embalaje \u2192 Aviso de Env\u00edo Avanzado (ASN) \u2192 Facturaci\u00f3n para una eficiencia de principio a fin.<\/p><\/div>\n\t<\/div>\n\t\t\t\t<\/div>\n\t\t\t\t<\/div>\n\t\t\t\t<\/div>\n\t\t\t\t<\/div>\n\t\t<div style=\"background-image: url(https:\/\/bookazine.com\/wp-content\/uploads\/2025\/02\/new-us.jpg);\" class=\"parallax_section_holder elementor-element elementor-element-8879b36 e-con-full parallax_section_holder e-flex qode_elementor_container_no e-con e-parent\" data-speed=\"0\" data-id=\"8879b36\" data-element_type=\"container\" data-e-type=\"container\" data-settings=\"{&quot;qode_parallax_image&quot;:{&quot;url&quot;:&quot;https:\\\/\\\/bookazine.com\\\/wp-content\\\/uploads\\\/2025\\\/02\\\/new-us.jpg&quot;,&quot;id&quot;:6245,&quot;size&quot;:&quot;&quot;,&quot;alt&quot;:&quot;&quot;,&quot;source&quot;:&quot;library&quot;},&quot;background_background&quot;:&quot;classic&quot;}\">\n\t\t\t\t<div class=\"elementor-element elementor-element-c14972d elementor-widget elementor-widget-qi_addons_for_elementor_banner\" data-id=\"c14972d\" data-element_type=\"widget\" data-e-type=\"widget\" data-widget_type=\"qi_addons_for_elementor_banner.default\">\n\t\t\t\t<div class=\"elementor-widget-container\">\n\t\t\t\t\t<div class=\"qodef-shortcode qodef-m qodef-qi-banner qodef-layout--standard qodef-vertical--middle qodef-horizontal--center qodef-image--hover-zoom\">\n\t<div class=\"qodef-m-image\">\n\t<\/div>\n\t<div class=\"qodef-m-content\">\n\t\t<div class=\"qodef-m-content-inner\">\n\t\t\t\t\t\t\t<h2 class=\"qodef-m-title\">\n\t\tRecursos\t<\/h2>\n\t\t\t\t<p class=\"qodef-m-text\">\n\t\tLorem ipsum dolor sit amet, consectetur adipiscing elit. Mauris tempus nisl vitae magna pulvinar laoreet.   \t<\/p>\n\t\t\t\t<div class=\"qodef-m-button\">\n\t\t<a class=\"qodef-shortcode qodef-m qodef-qi-button qodef-html--link qodef-layout--outlined qodef-type--standard qodef-icon--right qodef-hover--icon-move-horizontal-short\" href=\"#\" target=\"_self\">\t<span class=\"qodef-m-text\">Saber m\u00e1s<\/span>\t<\/a>\t<\/div>\n\t\t<\/div>\n\t<\/div>\n\t\t<a itemprop=\"url\" href=\"#\" class=\"qodef-m-banner-link\" target=\"_self\"><\/a>\n<\/div>\n\t\t\t\t<\/div>\n\t\t\t\t<\/div>\n\t\t\t\t<div class=\"elementor-element elementor-element-28a1073 elementor-widget__width-initial elementor-widget elementor-widget-qi_addons_for_elementor_section_title\" data-id=\"28a1073\" data-element_type=\"widget\" data-e-type=\"widget\" data-widget_type=\"qi_addons_for_elementor_section_title.default\">\n\t\t\t\t<div class=\"elementor-widget-container\">\n\t\t\t\t\t<div class=\"qodef-shortcode qodef-m qodef-qi-section-title qodef-decoration--italic qodef-link--underline-draw qodef-subtitle-icon--left\">\n\t\t\t\t\t\t<h1 class=\"qodef-m-title\">\n\t\tEmpecemos\t<\/h1>\n\t\t\t<\/div>\n\t\t\t\t<\/div>\n\t\t\t\t<\/div>\n\t\t\t\t<div class=\"elementor-element elementor-element-f0aec6d elementor-widget elementor-widget-bridge_button\" data-id=\"f0aec6d\" data-element_type=\"widget\" data-e-type=\"widget\" data-widget_type=\"bridge_button.default\">\n\t\t\t\t<div class=\"elementor-widget-container\">\n\t\t\t\t\t<a  itemprop=\"url\" href=\"https:\/\/bookazine.com\/sign-up\/\" target=\"_self\" data-hover-background-color=\"#99A1C8\" class=\"qbutton  white default\" style=\"color: #0F173F; background-color:#FFFFFF;\">ABRIR UNA CUENTA<\/a>\t\t\t\t<\/div>\n\t\t\t\t<\/div>\n\t\t\t\t<\/div>\n\t\t<div class=\"elementor-element elementor-element-a505e4f e-con-full e-flex parallax_section_no qode_elementor_container_no e-con e-parent\" data-id=\"a505e4f\" data-element_type=\"container\" data-e-type=\"container\">\n\t\t\t\t<div class=\"elementor-element elementor-element-74c28fb elementor-view-default elementor-widget elementor-widget-icon\" data-id=\"74c28fb\" data-element_type=\"widget\" data-e-type=\"widget\" data-widget_type=\"icon.default\">\n\t\t\t\t<div class=\"elementor-widget-container\">\n\t\t\t\t\t\t\t<div class=\"elementor-icon-wrapper\">\n\t\t\t<div class=\"elementor-icon\">\n\t\t\t<svg aria-hidden=\"true\" class=\"e-font-icon-svg e-fas-warehouse\" viewBox=\"0 0 640 512\" xmlns=\"http:\/\/www.w3.org\/2000\/svg\"><path d=\"M504 352H136.4c-4.4 0-8 3.6-8 8l-.1 48c0 4.4 3.6 8 8 8H504c4.4 0 8-3.6 8-8v-48c0-4.4-3.6-8-8-8zm0 96H136.1c-4.4 0-8 3.6-8 8l-.1 48c0 4.4 3.6 8 8 8h368c4.4 0 8-3.6 8-8v-48c0-4.4-3.6-8-8-8zm0-192H136.6c-4.4 0-8 3.6-8 8l-.1 48c0 4.4 3.6 8 8 8H504c4.4 0 8-3.6 8-8v-48c0-4.4-3.6-8-8-8zm106.5-139L338.4 3.7a48.15 48.15 0 0 0-36.9 0L29.5 117C11.7 124.5 0 141.9 0 161.3V504c0 4.4 3.6 8 8 8h80c4.4 0 8-3.6 8-8V256c0-17.6 14.6-32 32.6-32h382.8c18 0 32.6 14.4 32.6 32v248c0 4.4 3.6 8 8 8h80c4.4 0 8-3.6 8-8V161.3c0-19.4-11.7-36.8-29.5-44.3z\"><\/path><\/svg>\t\t\t<\/div>\n\t\t<\/div>\n\t\t\t\t\t\t<\/div>\n\t\t\t\t<\/div>\n\t\t\t\t<div class=\"elementor-element elementor-element-d80dfe2 elementor-widget__width-initial elementor-widget elementor-widget-qi_addons_for_elementor_section_title\" data-id=\"d80dfe2\" data-element_type=\"widget\" data-e-type=\"widget\" data-widget_type=\"qi_addons_for_elementor_section_title.default\">\n\t\t\t\t<div class=\"elementor-widget-container\">\n\t\t\t\t\t<div class=\"qodef-shortcode qodef-m qodef-qi-section-title qodef-decoration--italic qodef-link--underline-draw qodef-subtitle-icon--right\">\n\t\t\t\t\t\t<h1 class=\"qodef-m-title\">\n\t\tNuestros almacenes\t<\/h1>\n\t\t\t<div class=\"qodef-m-text\"><p style=\"font-weight: 400\">Actualmente tenemos 2 almacenes en Nueva Jersey.<\/p><p style=\"font-weight: 400\"><br><strong>\ud83d\udccdBayonne, NJ<br><br><\/strong><strong>\ud83d\udccdWharton, NJ<\/strong><\/p><\/div>\n\t<\/div>\n\t\t\t\t<\/div>\n\t\t\t\t<\/div>\n\t\t\t\t<\/div>\n\t\t<div class=\"elementor-element elementor-element-8c049ab e-con-full e-flex parallax_section_no qode_elementor_container_no e-con e-parent\" data-id=\"8c049ab\" data-element_type=\"container\" data-e-type=\"container\">\n\t\t<div class=\"elementor-element elementor-element-b4c778c e-con-full e-flex parallax_section_no qode_elementor_container_no e-con e-child\" data-id=\"b4c778c\" data-element_type=\"container\" data-e-type=\"container\">\n\t\t\t\t<div class=\"elementor-element elementor-element-c8f715e elementor-widget elementor-widget-qi_addons_for_elementor_banner\" data-id=\"c8f715e\" data-element_type=\"widget\" data-e-type=\"widget\" data-widget_type=\"qi_addons_for_elementor_banner.default\">\n\t\t\t\t<div class=\"elementor-widget-container\">\n\t\t\t\t\t<div class=\"qodef-shortcode qodef-m qodef-qi-banner qodef-layout--standard qodef-vertical--middle qodef-horizontal--center qodef-image--hover-zoom\">\n\t<div class=\"qodef-m-image\">\n\t<img fetchpriority=\"high\" decoding=\"async\" width=\"1300\" height=\"740\" src=\"https:\/\/www.bookazine.com\/wp-content\/uploads\/2025\/01\/search.jpg\" class=\"attachment-full size-full\" alt=\"\" srcset=\"https:\/\/www.bookazine.com\/wp-content\/uploads\/2025\/01\/search.jpg 1300w, https:\/\/www.bookazine.com\/wp-content\/uploads\/2025\/01\/search-300x171.jpg 300w, https:\/\/www.bookazine.com\/wp-content\/uploads\/2025\/01\/search-1024x583.jpg 1024w, https:\/\/www.bookazine.com\/wp-content\/uploads\/2025\/01\/search-768x437.jpg 768w, https:\/\/www.bookazine.com\/wp-content\/uploads\/2025\/01\/search-700x398.jpg 700w\" sizes=\"(max-width: 1300px) 100vw, 1300px\" \/><\/div>\n\t<div class=\"qodef-m-content\">\n\t\t<div class=\"qodef-m-content-inner\">\n\t\t\t\t\t\t\t<h2 class=\"qodef-m-title\">\n\t\tBuscar en el cat\u00e1logo\t<\/h2>\n\t\t\t\t<p class=\"qodef-m-text\">\n\t\tNavega por nuestro cat\u00e1logo para ver los \u00faltimos lanzamientos y mucho m\u00e1s.\t<\/p>\n\t\t\t\t<div class=\"qodef-m-button\">\n\t\t<a class=\"qodef-shortcode qodef-m qodef-qi-button qodef-html--link qodef-layout--outlined qodef-type--standard qodef-icon--right qodef-hover--icon-move-horizontal-short\" href=\"https:\/\/orders.bookazine.com\" target=\"_self\">\t<span class=\"qodef-m-text\">BUSCAR<\/span>\t<\/a>\t<\/div>\n\t\t<\/div>\n\t<\/div>\n\t\t<a itemprop=\"url\" href=\"https:\/\/orders.bookazine.com\" class=\"qodef-m-banner-link\" target=\"_self\"><\/a>\n<\/div>\n\t\t\t\t<\/div>\n\t\t\t\t<\/div>\n\t\t\t\t<\/div>\n\t\t<div class=\"elementor-element elementor-element-c722517 e-con-full e-flex parallax_section_no qode_elementor_container_no e-con e-child\" data-id=\"c722517\" data-element_type=\"container\" data-e-type=\"container\">\n\t\t\t\t<div class=\"elementor-element elementor-element-cdcdf38 elementor-widget elementor-widget-qi_addons_for_elementor_banner\" data-id=\"cdcdf38\" data-element_type=\"widget\" data-e-type=\"widget\" data-widget_type=\"qi_addons_for_elementor_banner.default\">\n\t\t\t\t<div class=\"elementor-widget-container\">\n\t\t\t\t\t<div class=\"qodef-shortcode qodef-m qodef-qi-banner qodef-layout--standard qodef-vertical--middle qodef-horizontal--center qodef-image--hover-zoom\">\n\t<div class=\"qodef-m-image\">\n\t<img decoding=\"async\" width=\"1300\" height=\"740\" src=\"https:\/\/www.bookazine.com\/wp-content\/uploads\/2025\/01\/resources2.jpg\" class=\"attachment-full size-full\" alt=\"\" srcset=\"https:\/\/www.bookazine.com\/wp-content\/uploads\/2025\/01\/resources2.jpg 1300w, https:\/\/www.bookazine.com\/wp-content\/uploads\/2025\/01\/resources2-300x171.jpg 300w, https:\/\/www.bookazine.com\/wp-content\/uploads\/2025\/01\/resources2-1024x583.jpg 1024w, https:\/\/www.bookazine.com\/wp-content\/uploads\/2025\/01\/resources2-768x437.jpg 768w, https:\/\/www.bookazine.com\/wp-content\/uploads\/2025\/01\/resources2-700x398.jpg 700w\" sizes=\"(max-width: 1300px) 100vw, 1300px\" \/><\/div>\n\t<div class=\"qodef-m-content\">\n\t\t<div class=\"qodef-m-content-inner\">\n\t\t\t\t\t\t\t<h2 class=\"qodef-m-title\">\n\t\t\u00bfPREGUNTAS?\t<\/h2>\n\t\t\t\t<p class=\"qodef-m-text\">\n\t\tNuestro experto equipo de atenci\u00f3n al cliente est\u00e1 a tu disposici\u00f3n para ayudarte y resolver cualquier duda.\t<\/p>\n\t\t\t\t<div class=\"qodef-m-button\">\n\t\t<a class=\"qodef-shortcode qodef-m qodef-qi-button qodef-html--link qodef-layout--outlined qodef-type--standard qodef-icon--right qodef-hover--icon-move-horizontal-short\" href=\"https:\/\/bookazine.com\/contact-us\/\" target=\"_self\">\t<span class=\"qodef-m-text\">CONT\u00c1CTANOS<\/span>\t<\/a>\t<\/div>\n\t\t<\/div>\n\t<\/div>\n\t\t<a itemprop=\"url\" href=\"https:\/\/bookazine.com\/contact-us\/\" class=\"qodef-m-banner-link\" target=\"_self\"><\/a>\n<\/div>\n\t\t\t\t<\/div>\n\t\t\t\t<\/div>\n\t\t\t\t<\/div>\n\t\t\t\t<\/div>\n\t\t\t\t<\/div>\n\t\t","protected":false},"excerpt":{"rendered":"<p>Servicios de Cumplimiento Directo con el Consumidor (CDF) Soluciones de cumplimiento globales, escalables y racionalizadas El Cumplimiento Directo con el Consumidor (CDF) te permite ampliar tu negocio sin esfuerzo enviando productos directamente a tus clientes, sin necesidad de espacio adicional en el almac\u00e9n ni de&#8230;<\/p>\n","protected":false},"author":1,"featured_media":0,"parent":0,"menu_order":0,"comment_status":"closed","ping_status":"closed","template":"full_width.php","meta":{"footnotes":""},"class_list":["post-7888","page","type-page","status-publish","hentry"],"yoast_head":"<!-- This site is optimized with the Yoast SEO plugin v27.3 - https:\/\/yoast.com\/product\/yoast-seo-wordpress\/ -->\n<title>Comercio electr\u00f3nico y cumplimiento de CDF | Bookazine<\/title>\n<meta name=\"description\" content=\"Mejora tu librer\u00eda online con nuestros eficientes servicios de comercio electr\u00f3nico y Cumplimiento Directo al Consumidor, que garantizan la entrega puntual a los clientes.\" \/>\n<meta name=\"robots\" content=\"index, follow, max-snippet:-1, max-image-preview:large, max-video-preview:-1\" \/>\n<link rel=\"canonical\" href=\"https:\/\/www.bookazine.com\/es\/librerias-de-comercio-electronico\/\" \/>\n<meta property=\"og:locale\" content=\"es_ES\" \/>\n<meta property=\"og:type\" content=\"article\" \/>\n<meta property=\"og:title\" content=\"Comercio electr\u00f3nico y cumplimiento de CDF | Bookazine\" \/>\n<meta property=\"og:description\" content=\"Mejora tu librer\u00eda online con nuestros eficientes servicios de comercio electr\u00f3nico y Cumplimiento Directo al Consumidor, que garantizan la entrega puntual a los clientes.\" \/>\n<meta property=\"og:url\" content=\"https:\/\/www.bookazine.com\/es\/librerias-de-comercio-electronico\/\" \/>\n<meta property=\"og:site_name\" content=\"Revista de libros\" \/>\n<meta property=\"article:modified_time\" content=\"2025-02-22T21:14:10+00:00\" \/>\n<meta property=\"og:image\" content=\"https:\/\/www.bookazine.com\/wp-content\/uploads\/2025\/02\/internet1.jpg\" \/>\n<meta name=\"twitter:card\" content=\"summary_large_image\" \/>\n<meta name=\"twitter:label1\" content=\"Tiempo de lectura\" \/>\n\t<meta name=\"twitter:data1\" content=\"2 minutos\" \/>\n<script type=\"application\/ld+json\" class=\"yoast-schema-graph\">{\"@context\":\"https:\\\/\\\/schema.org\",\"@graph\":[{\"@type\":\"WebPage\",\"@id\":\"https:\\\/\\\/www.bookazine.com\\\/es\\\/librerias-de-comercio-electronico\\\/\",\"url\":\"https:\\\/\\\/www.bookazine.com\\\/es\\\/librerias-de-comercio-electronico\\\/\",\"name\":\"Comercio electr\u00f3nico y cumplimiento de CDF | Bookazine\",\"isPartOf\":{\"@id\":\"https:\\\/\\\/www.bookazine.com\\\/es\\\/#website\"},\"primaryImageOfPage\":{\"@id\":\"https:\\\/\\\/www.bookazine.com\\\/es\\\/librerias-de-comercio-electronico\\\/#primaryimage\"},\"image\":{\"@id\":\"https:\\\/\\\/www.bookazine.com\\\/es\\\/librerias-de-comercio-electronico\\\/#primaryimage\"},\"thumbnailUrl\":\"https:\\\/\\\/www.bookazine.com\\\/wp-content\\\/uploads\\\/2025\\\/02\\\/internet1.jpg\",\"datePublished\":\"2025-02-03T02:42:19+00:00\",\"dateModified\":\"2025-02-22T21:14:10+00:00\",\"description\":\"Mejora tu librer\u00eda online con nuestros eficientes servicios de comercio electr\u00f3nico y Cumplimiento Directo al Consumidor, que garantizan la entrega puntual a los clientes.\",\"breadcrumb\":{\"@id\":\"https:\\\/\\\/www.bookazine.com\\\/es\\\/librerias-de-comercio-electronico\\\/#breadcrumb\"},\"inLanguage\":\"es\",\"potentialAction\":[{\"@type\":\"ReadAction\",\"target\":[\"https:\\\/\\\/www.bookazine.com\\\/es\\\/librerias-de-comercio-electronico\\\/\"]}]},{\"@type\":\"ImageObject\",\"inLanguage\":\"es\",\"@id\":\"https:\\\/\\\/www.bookazine.com\\\/es\\\/librerias-de-comercio-electronico\\\/#primaryimage\",\"url\":\"https:\\\/\\\/www.bookazine.com\\\/wp-content\\\/uploads\\\/2025\\\/02\\\/internet1.jpg\",\"contentUrl\":\"https:\\\/\\\/www.bookazine.com\\\/wp-content\\\/uploads\\\/2025\\\/02\\\/internet1.jpg\"},{\"@type\":\"BreadcrumbList\",\"@id\":\"https:\\\/\\\/www.bookazine.com\\\/es\\\/librerias-de-comercio-electronico\\\/#breadcrumb\",\"itemListElement\":[{\"@type\":\"ListItem\",\"position\":1,\"name\":\"Inicio\",\"item\":\"https:\\\/\\\/www.bookazine.com\\\/es\\\/pagina-principal\\\/\"},{\"@type\":\"ListItem\",\"position\":2,\"name\":\"Librer\u00edas de comercio electr\u00f3nico\"}]},{\"@type\":\"WebSite\",\"@id\":\"https:\\\/\\\/www.bookazine.com\\\/es\\\/#website\",\"url\":\"https:\\\/\\\/www.bookazine.com\\\/es\\\/\",\"name\":\"Revista de libros\",\"description\":\"Un mayorista de libros l\u00edder en el mundo\",\"potentialAction\":[{\"@type\":\"SearchAction\",\"target\":{\"@type\":\"EntryPoint\",\"urlTemplate\":\"https:\\\/\\\/www.bookazine.com\\\/es\\\/?s={search_term_string}\"},\"query-input\":{\"@type\":\"PropertyValueSpecification\",\"valueRequired\":true,\"valueName\":\"search_term_string\"}}],\"inLanguage\":\"es\"}]}<\/script>\n<!-- \/ Yoast SEO plugin. -->","yoast_head_json":{"title":"Comercio electr\u00f3nico y cumplimiento de CDF | Bookazine","description":"Mejora tu librer\u00eda online con nuestros eficientes servicios de comercio electr\u00f3nico y Cumplimiento Directo al Consumidor, que garantizan la entrega puntual a los clientes.","robots":{"index":"index","follow":"follow","max-snippet":"max-snippet:-1","max-image-preview":"max-image-preview:large","max-video-preview":"max-video-preview:-1"},"canonical":"https:\/\/www.bookazine.com\/es\/librerias-de-comercio-electronico\/","og_locale":"es_ES","og_type":"article","og_title":"Comercio electr\u00f3nico y cumplimiento de CDF | Bookazine","og_description":"Mejora tu librer\u00eda online con nuestros eficientes servicios de comercio electr\u00f3nico y Cumplimiento Directo al Consumidor, que garantizan la entrega puntual a los clientes.","og_url":"https:\/\/www.bookazine.com\/es\/librerias-de-comercio-electronico\/","og_site_name":"Revista de libros","article_modified_time":"2025-02-22T21:14:10+00:00","og_image":[{"url":"https:\/\/www.bookazine.com\/wp-content\/uploads\/2025\/02\/internet1.jpg","type":"","width":"","height":""}],"twitter_card":"summary_large_image","twitter_misc":{"Tiempo de lectura":"2 minutos"},"schema":{"@context":"https:\/\/schema.org","@graph":[{"@type":"WebPage","@id":"https:\/\/www.bookazine.com\/es\/librerias-de-comercio-electronico\/","url":"https:\/\/www.bookazine.com\/es\/librerias-de-comercio-electronico\/","name":"Comercio electr\u00f3nico y cumplimiento de CDF | Bookazine","isPartOf":{"@id":"https:\/\/www.bookazine.com\/es\/#website"},"primaryImageOfPage":{"@id":"https:\/\/www.bookazine.com\/es\/librerias-de-comercio-electronico\/#primaryimage"},"image":{"@id":"https:\/\/www.bookazine.com\/es\/librerias-de-comercio-electronico\/#primaryimage"},"thumbnailUrl":"https:\/\/www.bookazine.com\/wp-content\/uploads\/2025\/02\/internet1.jpg","datePublished":"2025-02-03T02:42:19+00:00","dateModified":"2025-02-22T21:14:10+00:00","description":"Mejora tu librer\u00eda online con nuestros eficientes servicios de comercio electr\u00f3nico y Cumplimiento Directo al Consumidor, que garantizan la entrega puntual a los clientes.","breadcrumb":{"@id":"https:\/\/www.bookazine.com\/es\/librerias-de-comercio-electronico\/#breadcrumb"},"inLanguage":"es","potentialAction":[{"@type":"ReadAction","target":["https:\/\/www.bookazine.com\/es\/librerias-de-comercio-electronico\/"]}]},{"@type":"ImageObject","inLanguage":"es","@id":"https:\/\/www.bookazine.com\/es\/librerias-de-comercio-electronico\/#primaryimage","url":"https:\/\/www.bookazine.com\/wp-content\/uploads\/2025\/02\/internet1.jpg","contentUrl":"https:\/\/www.bookazine.com\/wp-content\/uploads\/2025\/02\/internet1.jpg"},{"@type":"BreadcrumbList","@id":"https:\/\/www.bookazine.com\/es\/librerias-de-comercio-electronico\/#breadcrumb","itemListElement":[{"@type":"ListItem","position":1,"name":"Inicio","item":"https:\/\/www.bookazine.com\/es\/pagina-principal\/"},{"@type":"ListItem","position":2,"name":"Librer\u00edas de comercio electr\u00f3nico"}]},{"@type":"WebSite","@id":"https:\/\/www.bookazine.com\/es\/#website","url":"https:\/\/www.bookazine.com\/es\/","name":"Revista de libros","description":"Un mayorista de libros l\u00edder en el mundo","potentialAction":[{"@type":"SearchAction","target":{"@type":"EntryPoint","urlTemplate":"https:\/\/www.bookazine.com\/es\/?s={search_term_string}"},"query-input":{"@type":"PropertyValueSpecification","valueRequired":true,"valueName":"search_term_string"}}],"inLanguage":"es"}]}},"_links":{"self":[{"href":"https:\/\/www.bookazine.com\/es\/wp-json\/wp\/v2\/pages\/7888","targetHints":{"allow":["GET"]}}],"collection":[{"href":"https:\/\/www.bookazine.com\/es\/wp-json\/wp\/v2\/pages"}],"about":[{"href":"https:\/\/www.bookazine.com\/es\/wp-json\/wp\/v2\/types\/page"}],"author":[{"embeddable":true,"href":"https:\/\/www.bookazine.com\/es\/wp-json\/wp\/v2\/users\/1"}],"replies":[{"embeddable":true,"href":"https:\/\/www.bookazine.com\/es\/wp-json\/wp\/v2\/comments?post=7888"}],"version-history":[{"count":1,"href":"https:\/\/www.bookazine.com\/es\/wp-json\/wp\/v2\/pages\/7888\/revisions"}],"predecessor-version":[{"id":7890,"href":"https:\/\/www.bookazine.com\/es\/wp-json\/wp\/v2\/pages\/7888\/revisions\/7890"}],"wp:attachment":[{"href":"https:\/\/www.bookazine.com\/es\/wp-json\/wp\/v2\/media?parent=7888"}],"curies":[{"name":"wp","href":"https:\/\/api.w.org\/{rel}","templated":true}]}}