{"id":7901,"date":"2025-02-03T03:10:42","date_gmt":"2025-02-03T03:10:42","guid":{"rendered":"https:\/\/www.bookazine.com\/verlage\/"},"modified":"2025-02-22T21:14:10","modified_gmt":"2025-02-22T21:14:10","slug":"verlage","status":"publish","type":"page","link":"https:\/\/www.bookazine.com\/de\/verlage\/","title":{"rendered":"Verlage"},"content":{"rendered":"\t\t<div data-elementor-type=\"wp-page\" data-elementor-id=\"7901\" class=\"elementor elementor-7901 elementor-5753\">\n\t\t\t\t<div class=\"elementor-element elementor-element-5ec29c6 e-con-full qode_elementor_container_inner e-flex parallax_section_no e-con e-parent\" data-id=\"5ec29c6\" data-element_type=\"container\" data-e-type=\"container\">\n\t\t<div class=\"elementor-element elementor-element-996e0e6 e-con-full e-flex parallax_section_no qode_elementor_container_no e-con e-child\" data-id=\"996e0e6\" data-element_type=\"container\" data-e-type=\"container\">\n\t\t\t\t<div class=\"elementor-element elementor-element-e1a841c elementor-widget elementor-widget-qi_addons_for_elementor_section_title\" data-id=\"e1a841c\" data-element_type=\"widget\" data-e-type=\"widget\" data-widget_type=\"qi_addons_for_elementor_section_title.default\">\n\t\t\t\t<div class=\"elementor-widget-container\">\n\t\t\t\t\t<div class=\"qodef-shortcode qodef-m qodef-qi-section-title qodef-decoration--italic qodef-link--underline-draw qodef-subtitle-icon--left\">\n\t\t\t\t\t\t<h1 class=\"qodef-m-title\">\n\t\tVerlagsleistungen\t<\/h1>\n\t\t\t<div class=\"qodef-m-text\"><h5>Werbung<\/h5><p>Wir bieten Verlegern eine Vielzahl von Werbem\u00f6glichkeiten, einschlie\u00dflich gedruckter und elektronischer Publikationen. (die Sie auf unserer <a href=\"https:\/\/bookazine.com\/resources\/\">Ressourcen-Seite<\/a> finden) <\/p><h4> <\/h4><h5>Online-Kontoverwaltung<\/h5><p>Sie haben jetzt die M\u00f6glichkeit, Informationen zu Marketingr\u00fcckbuchungen, einschlie\u00dflich Leistungsnachweisen, auf unserer Website einzusehen. Diese Informationen stehen Ihnen \u00fcber Ihr passwortgesch\u00fctztes Konto zur Verf\u00fcgung. <\/p><h5>Verkaufsbericht Abonnement<\/h5><p>Abonnenten haben Zugang zu wichtigen Informationen \u00fcber die Entwicklung von Titeln. Die Verk\u00e4ufe Ihrer Top-500-Titel werden w\u00f6chentlich und monatlich in Online-Berichten ausgewiesen, die Sie direkt auf Ihren Computer herunterladen k\u00f6nnen. Zus\u00e4tzlich zu den Verkaufsdaten erhalten Sie Informationen \u00fcber den Bestand und die Bestellungen. Sie erhalten au\u00dferdem Verkaufsberichte mit Informationen zu den 500 wichtigsten Bookazine-Titeln aller Verlage f\u00fcr den gleichen Zeitraum. Dieser Einblick hilft Ihnen bei der Verwaltung des Bestands, der Planung von Nachdrucken und der Vorbereitung von Verkaufsgespr\u00e4chen mit unseren Eink\u00e4ufern. Kontaktieren Sie Ihren Marketingbeauftragten f\u00fcr die aktuellen Preise.     <\/p><\/div>\n\t<\/div>\n\t\t\t\t<\/div>\n\t\t\t\t<\/div>\n\t\t\t\t<\/div>\n\t\t<div class=\"elementor-element elementor-element-ddf1103 e-con-full e-flex parallax_section_no qode_elementor_container_no e-con e-child\" data-id=\"ddf1103\" data-element_type=\"container\" data-e-type=\"container\">\n\t\t\t\t<div class=\"elementor-element elementor-element-6389491 elementor-widget elementor-widget-bridge_image_hover\" data-id=\"6389491\" data-element_type=\"widget\" data-e-type=\"widget\" data-widget_type=\"bridge_image_hover.default\">\n\t\t\t\t<div class=\"elementor-widget-container\">\n\t\t\t\t\t<div class=\"image_hover \" data-transition-delay=\"\"><div class=\"images_holder\"><img decoding=\"async\" itemprop=\"image\" class=\"\" src=\"https:\/\/www.bookazine.com\/wp-content\/uploads\/2025\/02\/pub1.jpg\" alt=\"Main Image\" style=\"\" \/><\/div><\/div>\t\t\t\t<\/div>\n\t\t\t\t<\/div>\n\t\t\t\t<\/div>\n\t\t\t\t<\/div>\n\t\t<div class=\"elementor-element elementor-element-1df9b27 e-con-full qode_elementor_container_inner e-flex parallax_section_no e-con e-parent\" data-id=\"1df9b27\" data-element_type=\"container\" data-e-type=\"container\">\n\t\t<div class=\"elementor-element elementor-element-841fe0f e-con-full e-flex parallax_section_no qode_elementor_container_no e-con e-child\" data-id=\"841fe0f\" data-element_type=\"container\" data-e-type=\"container\">\n\t\t\t\t<div class=\"elementor-element elementor-element-dbf8206 elementor-widget elementor-widget-bridge_image_hover\" data-id=\"dbf8206\" data-element_type=\"widget\" data-e-type=\"widget\" data-widget_type=\"bridge_image_hover.default\">\n\t\t\t\t<div class=\"elementor-widget-container\">\n\t\t\t\t\t<div class=\"image_hover \" data-transition-delay=\"\"><div class=\"images_holder\"><img decoding=\"async\" itemprop=\"image\" class=\"\" src=\"https:\/\/www.bookazine.com\/wp-content\/uploads\/2025\/02\/books.jpg\" alt=\"Main Image\" style=\"\" \/><\/div><\/div>\t\t\t\t<\/div>\n\t\t\t\t<\/div>\n\t\t\t\t<\/div>\n\t\t<div class=\"elementor-element elementor-element-050c0d2 e-con-full e-flex parallax_section_no qode_elementor_container_no e-con e-child\" data-id=\"050c0d2\" data-element_type=\"container\" data-e-type=\"container\">\n\t\t\t\t<div class=\"elementor-element elementor-element-33b6607 elementor-widget elementor-widget-qi_addons_for_elementor_section_title\" data-id=\"33b6607\" data-element_type=\"widget\" data-e-type=\"widget\" data-widget_type=\"qi_addons_for_elementor_section_title.default\">\n\t\t\t\t<div class=\"elementor-widget-container\">\n\t\t\t\t\t<div class=\"qodef-shortcode qodef-m qodef-qi-section-title qodef-decoration--italic qodef-link--underline-draw qodef-subtitle-icon--left\">\n\t\t\t\t<h5 class=\"qodef-m-subtitle\">\n\t\tNeue Anbieter\t\t\t<\/h5>\n\t\t\t<h1 class=\"qodef-m-title\">\n\t\tEinreichen von Titeln zur Ber\u00fccksichtigung\t<\/h1>\n\t\t\t<div class=\"qodef-m-text\"><p>Wir von Bookazine freuen uns \u00fcber neue Bucheinreichungen von Verlegern. Um Ihren Titel ber\u00fccksichtigen zu k\u00f6nnen, beachten Sie bitte die folgenden Anforderungen: <\/p><p> <\/p><h5 class=\"p1\"><span class=\"s1\"><b>Anforderungen f\u00fcr die Einreichung:<\/b><\/span><\/h5><p><span class=\"s1\"><b>ISBN &amp; EAN-Strichcode<\/b>: Das Buch muss eine ISBN und einen EAN-Strichcode mit einem aufgedruckten Preis haben. Ausnahmen werden f\u00fcr Non-Book-Artikel gemacht. <\/span><\/p><p><b><\/b><span class=\"s1\"><b>Physische Exemplare &amp; Werbematerialien<\/b>: Reichen Sie <b>ein Exemplar<\/b> Ihres Buches zusammen mit <b>zwei S\u00e4tzen<\/b> von Werbematerialien ein (z.B. Umschl\u00e4ge, Farbkopien, Verkaufsunterlagen, Marketingmaterial).<\/span><\/p><p><b><\/b><span class=\"s1\"><b>Angaben zur Verpackung und Ver\u00f6ffentlichung<\/b>: Geben Sie Informationen \u00fcber die <b>Verpackung<\/b> und die Gesamtzahl der ver\u00f6ffentlichten Einheiten an.<\/span><\/p><p><b><\/b><span class=\"s1\"><b>Details zu Verkauf und Vertrieb<\/b>: Geben Sie an, wer f\u00fcr den Verkauf, das Marketing und den Vertrieb des Buches verantwortlich ist.<\/span><\/p><h5> <\/h5><h5 class=\"p1\"><span class=\"s1\"><b>Wichtige Hinweise:<\/b><\/span><\/h5><p><b><\/b><span class=\"s1\"><b>Gro\u00dfhandelsvertrieb<\/b>: Bookazine ist ein internationaler Gro\u00dfh\u00e4ndler, kein Vertriebsdienst f\u00fcr Kundenverlage.<\/span><\/p><p><b><\/b><span class=\"s1\"><b>Einzelhandelsbestellungen<\/b>: B\u00fccher werden nicht spekulativ gekauft. Bestellungen werden nur aufgegeben, wenn eine Nachfrage seitens des Einzelhandels besteht. <\/span><\/p><p><b><\/b><span class=\"s1\"><b>Genehmigungsverfahren<\/b>: Neue Verleger m\u00fcssen eine Vereinbarung unterzeichnen und die Genehmigung des <b>Vice President of Merchandising<\/b> erhalten.<\/span><\/p><p><b><\/b><span class=\"s1\"><b>Zeitplan f\u00fcr die \u00dcberpr\u00fcfung<\/b>: Wir bem\u00fchen uns, alle Einsendungen sorgf\u00e4ltig zu pr\u00fcfen. Wenn wir an Ihrem Buch interessiert sind, werden wir uns innerhalb von <b>vier Wochen<\/b> mit Ihnen in Verbindung setzen. Wenn Sie innerhalb dieses Zeitrahmens nichts von uns h\u00f6ren, hat unsere Merchandising-Abteilung entschieden, dass wir Ihren Titel nicht erfolgreich vermarkten k\u00f6nnen.  <\/span><\/p><p><b><\/b><span class=\"s1\"><b>Keine Nachfassaktionen<\/b>: Bitte nehmen Sie keinen Kontakt zu unserem B\u00fcro auf, um den Status Ihrer Einreichung zu erfragen.<\/span><\/p><\/div>\n\t<\/div>\n\t\t\t\t<\/div>\n\t\t\t\t<\/div>\n\t\t\t\t<\/div>\n\t\t\t\t<\/div>\n\t\t<div style=\"background-image: url(https:\/\/bookazine.com\/wp-content\/uploads\/2025\/02\/new-us.jpg);\" class=\"parallax_section_holder elementor-element elementor-element-8879b36 e-con-full parallax_section_holder e-flex qode_elementor_container_no e-con e-parent\" data-speed=\"0\" data-id=\"8879b36\" data-element_type=\"container\" data-e-type=\"container\" data-settings=\"{&quot;qode_parallax_image&quot;:{&quot;url&quot;:&quot;https:\\\/\\\/bookazine.com\\\/wp-content\\\/uploads\\\/2025\\\/02\\\/new-us.jpg&quot;,&quot;id&quot;:6245,&quot;size&quot;:&quot;&quot;,&quot;alt&quot;:&quot;&quot;,&quot;source&quot;:&quot;library&quot;},&quot;background_background&quot;:&quot;classic&quot;}\">\n\t\t\t\t<div class=\"elementor-element elementor-element-c14972d elementor-widget elementor-widget-qi_addons_for_elementor_banner\" data-id=\"c14972d\" data-element_type=\"widget\" data-e-type=\"widget\" data-widget_type=\"qi_addons_for_elementor_banner.default\">\n\t\t\t\t<div class=\"elementor-widget-container\">\n\t\t\t\t\t<div class=\"qodef-shortcode qodef-m qodef-qi-banner qodef-layout--standard qodef-vertical--middle qodef-horizontal--center qodef-image--hover-zoom\">\n\t<div class=\"qodef-m-image\">\n\t<\/div>\n\t<div class=\"qodef-m-content\">\n\t\t<div class=\"qodef-m-content-inner\">\n\t\t\t\t\t\t\t<h2 class=\"qodef-m-title\">\n\t\tRessourcen\t<\/h2>\n\t\t\t\t<p class=\"qodef-m-text\">\n\t\tLorem ipsum dolor sit amet, consectetur adipiscing elit. Mauris tempus nisl vitae magna pulvinar laoreet.   \t<\/p>\n\t\t\t\t<div class=\"qodef-m-button\">\n\t\t<a class=\"qodef-shortcode qodef-m qodef-qi-button qodef-html--link qodef-layout--outlined qodef-type--standard qodef-icon--right qodef-hover--icon-move-horizontal-short\" href=\"#\" target=\"_self\">\t<span class=\"qodef-m-text\">Mehr erfahren<\/span>\t<\/a>\t<\/div>\n\t\t<\/div>\n\t<\/div>\n\t\t<a itemprop=\"url\" href=\"#\" class=\"qodef-m-banner-link\" target=\"_self\"><\/a>\n<\/div>\n\t\t\t\t<\/div>\n\t\t\t\t<\/div>\n\t\t\t\t<div class=\"elementor-element elementor-element-28a1073 elementor-widget__width-initial elementor-widget elementor-widget-qi_addons_for_elementor_section_title\" data-id=\"28a1073\" data-element_type=\"widget\" data-e-type=\"widget\" data-widget_type=\"qi_addons_for_elementor_section_title.default\">\n\t\t\t\t<div class=\"elementor-widget-container\">\n\t\t\t\t\t<div class=\"qodef-shortcode qodef-m qodef-qi-section-title qodef-decoration--italic qodef-link--underline-draw qodef-subtitle-icon--left\">\n\t\t\t\t\t\t<h1 class=\"qodef-m-title\">\n\t\tFangen wir an\t<\/h1>\n\t\t\t<\/div>\n\t\t\t\t<\/div>\n\t\t\t\t<\/div>\n\t\t\t\t<div class=\"elementor-element elementor-element-f0aec6d elementor-widget elementor-widget-bridge_button\" data-id=\"f0aec6d\" data-element_type=\"widget\" data-e-type=\"widget\" data-widget_type=\"bridge_button.default\">\n\t\t\t\t<div class=\"elementor-widget-container\">\n\t\t\t\t\t<a  itemprop=\"url\" href=\"https:\/\/bookazine.com\/sign-up\/\" target=\"_self\" data-hover-background-color=\"#99A1C8\" class=\"qbutton  white default\" style=\"color: #0F173F; background-color:#FFFFFF;\">EIN KONTO ER\u00d6FFNEN<\/a>\t\t\t\t<\/div>\n\t\t\t\t<\/div>\n\t\t\t\t<\/div>\n\t\t<div class=\"elementor-element elementor-element-a505e4f e-con-full e-flex parallax_section_no qode_elementor_container_no e-con e-parent\" data-id=\"a505e4f\" data-element_type=\"container\" data-e-type=\"container\">\n\t\t\t\t<div class=\"elementor-element elementor-element-74c28fb elementor-view-default elementor-widget elementor-widget-icon\" data-id=\"74c28fb\" data-element_type=\"widget\" data-e-type=\"widget\" data-widget_type=\"icon.default\">\n\t\t\t\t<div class=\"elementor-widget-container\">\n\t\t\t\t\t\t\t<div class=\"elementor-icon-wrapper\">\n\t\t\t<div class=\"elementor-icon\">\n\t\t\t<svg aria-hidden=\"true\" class=\"e-font-icon-svg e-fas-star\" viewBox=\"0 0 576 512\" xmlns=\"http:\/\/www.w3.org\/2000\/svg\"><path d=\"M259.3 17.8L194 150.2 47.9 171.5c-26.2 3.8-36.7 36.1-17.7 54.6l105.7 103-25 145.5c-4.5 26.3 23.2 46 46.4 33.7L288 439.6l130.7 68.7c23.2 12.2 50.9-7.4 46.4-33.7l-25-145.5 105.7-103c19-18.5 8.5-50.8-17.7-54.6L382 150.2 316.7 17.8c-11.7-23.6-45.6-23.9-57.4 0z\"><\/path><\/svg>\t\t\t<\/div>\n\t\t<\/div>\n\t\t\t\t\t\t<\/div>\n\t\t\t\t<\/div>\n\t\t\t\t<div class=\"elementor-element elementor-element-d80dfe2 elementor-widget__width-initial elementor-widget elementor-widget-qi_addons_for_elementor_section_title\" data-id=\"d80dfe2\" data-element_type=\"widget\" data-e-type=\"widget\" data-widget_type=\"qi_addons_for_elementor_section_title.default\">\n\t\t\t\t<div class=\"elementor-widget-container\">\n\t\t\t\t\t<div class=\"qodef-shortcode qodef-m qodef-qi-section-title qodef-decoration--italic qodef-link--underline-draw qodef-subtitle-icon--right\">\n\t\t\t\t\t\t<h1 class=\"qodef-m-title\">\n\t\tECHTER KUNDENSERVICE\t<\/h1>\n\t\t\t<div class=\"qodef-m-text\"><p class=\"p1\"><span class=\"s1\">Seit \u00fcber 90 Jahren ist Bookazine ein zuverl\u00e4ssiger Partner f\u00fcr den Einzelhandel und das Verlagswesen und bietet einen beispiellosen Service und Support. Wir wollen Ihnen helfen, Ihr Gesch\u00e4ft auszubauen, indem wir Ihnen in jeder Phase - von der ersten Bestellung bis zur Lieferung - nahtlose Unterst\u00fctzung bieten. Unser engagiertes Team sorgt f\u00fcr einen reibungslosen und effizienten Ablauf, der Ihnen und Ihren Kunden den Erfolg erleichtert. Wenn sich Ihr Unternehmen weiterentwickelt, wachsen unsere Dienstleistungen mit Ihnen und passen sich Ihren ver\u00e4nderten Bed\u00fcrfnissen an. Bei Bookazine ist Ihr Erfolg unsere Priorit\u00e4t.<\/span><\/p><\/div>\n\t<\/div>\n\t\t\t\t<\/div>\n\t\t\t\t<\/div>\n\t\t\t\t<\/div>\n\t\t<div class=\"elementor-element elementor-element-8c049ab e-con-full e-flex parallax_section_no qode_elementor_container_no e-con e-parent\" data-id=\"8c049ab\" data-element_type=\"container\" data-e-type=\"container\">\n\t\t<div class=\"elementor-element elementor-element-b4c778c e-con-full e-flex parallax_section_no qode_elementor_container_no e-con e-child\" data-id=\"b4c778c\" data-element_type=\"container\" data-e-type=\"container\">\n\t\t\t\t<div class=\"elementor-element elementor-element-c8f715e elementor-widget elementor-widget-qi_addons_for_elementor_banner\" data-id=\"c8f715e\" data-element_type=\"widget\" data-e-type=\"widget\" data-widget_type=\"qi_addons_for_elementor_banner.default\">\n\t\t\t\t<div class=\"elementor-widget-container\">\n\t\t\t\t\t<div class=\"qodef-shortcode qodef-m qodef-qi-banner qodef-layout--standard qodef-vertical--middle qodef-horizontal--center qodef-image--hover-zoom\">\n\t<div class=\"qodef-m-image\">\n\t<img fetchpriority=\"high\" decoding=\"async\" width=\"1300\" height=\"740\" src=\"https:\/\/www.bookazine.com\/wp-content\/uploads\/2025\/01\/search.jpg\" class=\"attachment-full size-full\" alt=\"\" srcset=\"https:\/\/www.bookazine.com\/wp-content\/uploads\/2025\/01\/search.jpg 1300w, https:\/\/www.bookazine.com\/wp-content\/uploads\/2025\/01\/search-300x171.jpg 300w, https:\/\/www.bookazine.com\/wp-content\/uploads\/2025\/01\/search-1024x583.jpg 1024w, https:\/\/www.bookazine.com\/wp-content\/uploads\/2025\/01\/search-768x437.jpg 768w, https:\/\/www.bookazine.com\/wp-content\/uploads\/2025\/01\/search-700x398.jpg 700w\" sizes=\"(max-width: 1300px) 100vw, 1300px\" \/><\/div>\n\t<div class=\"qodef-m-content\">\n\t\t<div class=\"qodef-m-content-inner\">\n\t\t\t\t\t\t\t<h2 class=\"qodef-m-title\">\n\t\tVerkaufsberichte\t<\/h2>\n\t\t\t\t<p class=\"qodef-m-text\">\n\t\tAktuelle Kunden k\u00f6nnen hier auf ihre Verkaufsberichte zugreifen.\t<\/p>\n\t\t\t\t<div class=\"qodef-m-button\">\n\t\t<a class=\"qodef-shortcode qodef-m qodef-qi-button qodef-html--link qodef-layout--outlined qodef-type--standard qodef-icon--right qodef-hover--icon-move-horizontal-short\" href=\"http:\/\/www3.bookazine.com\/salesreports.nsf\" target=\"_self\">\t<span class=\"qodef-m-text\">ZUGRIFFSBERICHTE<\/span>\t<\/a>\t<\/div>\n\t\t<\/div>\n\t<\/div>\n\t\t<a itemprop=\"url\" href=\"http:\/\/www3.bookazine.com\/salesreports.nsf\" class=\"qodef-m-banner-link\" target=\"_self\"><\/a>\n<\/div>\n\t\t\t\t<\/div>\n\t\t\t\t<\/div>\n\t\t\t\t<\/div>\n\t\t<div class=\"elementor-element elementor-element-c722517 e-con-full e-flex parallax_section_no qode_elementor_container_no e-con e-child\" data-id=\"c722517\" data-element_type=\"container\" data-e-type=\"container\">\n\t\t\t\t<div class=\"elementor-element elementor-element-cdcdf38 elementor-widget elementor-widget-qi_addons_for_elementor_banner\" data-id=\"cdcdf38\" data-element_type=\"widget\" data-e-type=\"widget\" data-widget_type=\"qi_addons_for_elementor_banner.default\">\n\t\t\t\t<div class=\"elementor-widget-container\">\n\t\t\t\t\t<div class=\"qodef-shortcode qodef-m qodef-qi-banner qodef-layout--standard qodef-vertical--middle qodef-horizontal--center qodef-image--hover-zoom\">\n\t<div class=\"qodef-m-image\">\n\t<img decoding=\"async\" width=\"1300\" height=\"740\" src=\"https:\/\/www.bookazine.com\/wp-content\/uploads\/2025\/01\/resources2.jpg\" class=\"attachment-full size-full\" alt=\"\" srcset=\"https:\/\/www.bookazine.com\/wp-content\/uploads\/2025\/01\/resources2.jpg 1300w, https:\/\/www.bookazine.com\/wp-content\/uploads\/2025\/01\/resources2-300x171.jpg 300w, https:\/\/www.bookazine.com\/wp-content\/uploads\/2025\/01\/resources2-1024x583.jpg 1024w, https:\/\/www.bookazine.com\/wp-content\/uploads\/2025\/01\/resources2-768x437.jpg 768w, https:\/\/www.bookazine.com\/wp-content\/uploads\/2025\/01\/resources2-700x398.jpg 700w\" sizes=\"(max-width: 1300px) 100vw, 1300px\" \/><\/div>\n\t<div class=\"qodef-m-content\">\n\t\t<div class=\"qodef-m-content-inner\">\n\t\t\t\t\t\t\t<h2 class=\"qodef-m-title\">\n\t\tQUESTIONS?\t<\/h2>\n\t\t\t\t<p class=\"qodef-m-text\">\n\t\tUnser fachkundiges Kundenservice-Team steht Ihnen bei allen Fragen gerne zur Verf\u00fcgung.\t<\/p>\n\t\t\t\t<div class=\"qodef-m-button\">\n\t\t<a class=\"qodef-shortcode qodef-m qodef-qi-button qodef-html--link qodef-layout--outlined qodef-type--standard qodef-icon--right qodef-hover--icon-move-horizontal-short\" href=\"https:\/\/bookazine.com\/contact-us\/\" target=\"_self\">\t<span class=\"qodef-m-text\">KONTAKT US<\/span>\t<\/a>\t<\/div>\n\t\t<\/div>\n\t<\/div>\n\t\t<a itemprop=\"url\" href=\"https:\/\/bookazine.com\/contact-us\/\" class=\"qodef-m-banner-link\" target=\"_self\"><\/a>\n<\/div>\n\t\t\t\t<\/div>\n\t\t\t\t<\/div>\n\t\t\t\t<\/div>\n\t\t\t\t<\/div>\n\t\t\t\t<\/div>\n\t\t","protected":false},"excerpt":{"rendered":"<p>Verlagsleistungen Werbung Wir bieten Verlegern eine Vielzahl von Werbem\u00f6glichkeiten, einschlie\u00dflich gedruckter und elektronischer Publikationen. (die Sie auf unserer Ressourcen-Seite finden) Online-Kontoverwaltung Sie haben jetzt die M\u00f6glichkeit, Informationen zu Marketingr\u00fcckbuchungen, einschlie\u00dflich Leistungsnachweisen, auf unserer Website einzusehen. Diese Informationen stehen Ihnen \u00fcber Ihr passwortgesch\u00fctztes Konto zur Verf\u00fcgung&#8230;.<\/p>\n","protected":false},"author":1,"featured_media":0,"parent":0,"menu_order":0,"comment_status":"closed","ping_status":"closed","template":"full_width.php","meta":{"footnotes":""},"class_list":["post-7901","page","type-page","status-publish","hentry"],"yoast_head":"<!-- This site is optimized with the Yoast SEO plugin v27.3 - https:\/\/yoast.com\/product\/yoast-seo-wordpress\/ -->\n<title>Partnerschaft mit Bookazine | Premier Publisher Services<\/title>\n<meta name=\"description\" content=\"Erweitern Sie Ihre Reichweite durch eine Partnerschaft mit Bookazine, das Verlagen umfassende Vertriebs- und Marketingl\u00f6sungen bietet.\" \/>\n<meta name=\"robots\" content=\"index, follow, max-snippet:-1, max-image-preview:large, max-video-preview:-1\" \/>\n<link rel=\"canonical\" href=\"https:\/\/www.bookazine.com\/de\/verlage\/\" \/>\n<meta property=\"og:locale\" content=\"de_DE\" \/>\n<meta property=\"og:type\" content=\"article\" \/>\n<meta property=\"og:title\" content=\"Partnerschaft mit Bookazine | Premier Publisher Services\" \/>\n<meta property=\"og:description\" content=\"Erweitern Sie Ihre Reichweite durch eine Partnerschaft mit Bookazine, das Verlagen umfassende Vertriebs- und Marketingl\u00f6sungen bietet.\" \/>\n<meta property=\"og:url\" content=\"https:\/\/www.bookazine.com\/de\/verlage\/\" \/>\n<meta property=\"og:site_name\" content=\"Bookazine\" \/>\n<meta property=\"article:modified_time\" content=\"2025-02-22T21:14:10+00:00\" \/>\n<meta property=\"og:image\" content=\"https:\/\/www.bookazine.com\/wp-content\/uploads\/2025\/02\/pub1.jpg\" \/>\n<meta name=\"twitter:card\" content=\"summary_large_image\" \/>\n<meta name=\"twitter:label1\" content=\"Gesch\u00e4tzte Lesezeit\" \/>\n\t<meta name=\"twitter:data1\" content=\"3 Minuten\" \/>\n<script type=\"application\/ld+json\" class=\"yoast-schema-graph\">{\"@context\":\"https:\\\/\\\/schema.org\",\"@graph\":[{\"@type\":\"WebPage\",\"@id\":\"https:\\\/\\\/www.bookazine.com\\\/de\\\/verlage\\\/\",\"url\":\"https:\\\/\\\/www.bookazine.com\\\/de\\\/verlage\\\/\",\"name\":\"Partnerschaft mit Bookazine | Premier Publisher Services\",\"isPartOf\":{\"@id\":\"https:\\\/\\\/www.bookazine.com\\\/de\\\/#website\"},\"primaryImageOfPage\":{\"@id\":\"https:\\\/\\\/www.bookazine.com\\\/de\\\/verlage\\\/#primaryimage\"},\"image\":{\"@id\":\"https:\\\/\\\/www.bookazine.com\\\/de\\\/verlage\\\/#primaryimage\"},\"thumbnailUrl\":\"https:\\\/\\\/www.bookazine.com\\\/wp-content\\\/uploads\\\/2025\\\/02\\\/pub1.jpg\",\"datePublished\":\"2025-02-03T03:10:42+00:00\",\"dateModified\":\"2025-02-22T21:14:10+00:00\",\"description\":\"Erweitern Sie Ihre Reichweite durch eine Partnerschaft mit Bookazine, das Verlagen umfassende Vertriebs- und Marketingl\u00f6sungen bietet.\",\"breadcrumb\":{\"@id\":\"https:\\\/\\\/www.bookazine.com\\\/de\\\/verlage\\\/#breadcrumb\"},\"inLanguage\":\"de\",\"potentialAction\":[{\"@type\":\"ReadAction\",\"target\":[\"https:\\\/\\\/www.bookazine.com\\\/de\\\/verlage\\\/\"]}]},{\"@type\":\"ImageObject\",\"inLanguage\":\"de\",\"@id\":\"https:\\\/\\\/www.bookazine.com\\\/de\\\/verlage\\\/#primaryimage\",\"url\":\"https:\\\/\\\/www.bookazine.com\\\/wp-content\\\/uploads\\\/2025\\\/02\\\/pub1.jpg\",\"contentUrl\":\"https:\\\/\\\/www.bookazine.com\\\/wp-content\\\/uploads\\\/2025\\\/02\\\/pub1.jpg\"},{\"@type\":\"BreadcrumbList\",\"@id\":\"https:\\\/\\\/www.bookazine.com\\\/de\\\/verlage\\\/#breadcrumb\",\"itemListElement\":[{\"@type\":\"ListItem\",\"position\":1,\"name\":\"Startseite\",\"item\":\"https:\\\/\\\/www.bookazine.com\\\/de\\\/hauptsitz\\\/\"},{\"@type\":\"ListItem\",\"position\":2,\"name\":\"Verlage\"}]},{\"@type\":\"WebSite\",\"@id\":\"https:\\\/\\\/www.bookazine.com\\\/de\\\/#website\",\"url\":\"https:\\\/\\\/www.bookazine.com\\\/de\\\/\",\"name\":\"Bookazine\",\"description\":\"Ein weltweit f\u00fchrender Buchgro\u00dfh\u00e4ndler\",\"potentialAction\":[{\"@type\":\"SearchAction\",\"target\":{\"@type\":\"EntryPoint\",\"urlTemplate\":\"https:\\\/\\\/www.bookazine.com\\\/de\\\/?s={search_term_string}\"},\"query-input\":{\"@type\":\"PropertyValueSpecification\",\"valueRequired\":true,\"valueName\":\"search_term_string\"}}],\"inLanguage\":\"de\"}]}<\/script>\n<!-- \/ Yoast SEO plugin. -->","yoast_head_json":{"title":"Partnerschaft mit Bookazine | Premier Publisher Services","description":"Erweitern Sie Ihre Reichweite durch eine Partnerschaft mit Bookazine, das Verlagen umfassende Vertriebs- und Marketingl\u00f6sungen bietet.","robots":{"index":"index","follow":"follow","max-snippet":"max-snippet:-1","max-image-preview":"max-image-preview:large","max-video-preview":"max-video-preview:-1"},"canonical":"https:\/\/www.bookazine.com\/de\/verlage\/","og_locale":"de_DE","og_type":"article","og_title":"Partnerschaft mit Bookazine | Premier Publisher Services","og_description":"Erweitern Sie Ihre Reichweite durch eine Partnerschaft mit Bookazine, das Verlagen umfassende Vertriebs- und Marketingl\u00f6sungen bietet.","og_url":"https:\/\/www.bookazine.com\/de\/verlage\/","og_site_name":"Bookazine","article_modified_time":"2025-02-22T21:14:10+00:00","og_image":[{"url":"https:\/\/www.bookazine.com\/wp-content\/uploads\/2025\/02\/pub1.jpg","type":"","width":"","height":""}],"twitter_card":"summary_large_image","twitter_misc":{"Gesch\u00e4tzte Lesezeit":"3 Minuten"},"schema":{"@context":"https:\/\/schema.org","@graph":[{"@type":"WebPage","@id":"https:\/\/www.bookazine.com\/de\/verlage\/","url":"https:\/\/www.bookazine.com\/de\/verlage\/","name":"Partnerschaft mit Bookazine | Premier Publisher Services","isPartOf":{"@id":"https:\/\/www.bookazine.com\/de\/#website"},"primaryImageOfPage":{"@id":"https:\/\/www.bookazine.com\/de\/verlage\/#primaryimage"},"image":{"@id":"https:\/\/www.bookazine.com\/de\/verlage\/#primaryimage"},"thumbnailUrl":"https:\/\/www.bookazine.com\/wp-content\/uploads\/2025\/02\/pub1.jpg","datePublished":"2025-02-03T03:10:42+00:00","dateModified":"2025-02-22T21:14:10+00:00","description":"Erweitern Sie Ihre Reichweite durch eine Partnerschaft mit Bookazine, das Verlagen umfassende Vertriebs- und Marketingl\u00f6sungen bietet.","breadcrumb":{"@id":"https:\/\/www.bookazine.com\/de\/verlage\/#breadcrumb"},"inLanguage":"de","potentialAction":[{"@type":"ReadAction","target":["https:\/\/www.bookazine.com\/de\/verlage\/"]}]},{"@type":"ImageObject","inLanguage":"de","@id":"https:\/\/www.bookazine.com\/de\/verlage\/#primaryimage","url":"https:\/\/www.bookazine.com\/wp-content\/uploads\/2025\/02\/pub1.jpg","contentUrl":"https:\/\/www.bookazine.com\/wp-content\/uploads\/2025\/02\/pub1.jpg"},{"@type":"BreadcrumbList","@id":"https:\/\/www.bookazine.com\/de\/verlage\/#breadcrumb","itemListElement":[{"@type":"ListItem","position":1,"name":"Startseite","item":"https:\/\/www.bookazine.com\/de\/hauptsitz\/"},{"@type":"ListItem","position":2,"name":"Verlage"}]},{"@type":"WebSite","@id":"https:\/\/www.bookazine.com\/de\/#website","url":"https:\/\/www.bookazine.com\/de\/","name":"Bookazine","description":"Ein weltweit f\u00fchrender Buchgro\u00dfh\u00e4ndler","potentialAction":[{"@type":"SearchAction","target":{"@type":"EntryPoint","urlTemplate":"https:\/\/www.bookazine.com\/de\/?s={search_term_string}"},"query-input":{"@type":"PropertyValueSpecification","valueRequired":true,"valueName":"search_term_string"}}],"inLanguage":"de"}]}},"_links":{"self":[{"href":"https:\/\/www.bookazine.com\/de\/wp-json\/wp\/v2\/pages\/7901","targetHints":{"allow":["GET"]}}],"collection":[{"href":"https:\/\/www.bookazine.com\/de\/wp-json\/wp\/v2\/pages"}],"about":[{"href":"https:\/\/www.bookazine.com\/de\/wp-json\/wp\/v2\/types\/page"}],"author":[{"embeddable":true,"href":"https:\/\/www.bookazine.com\/de\/wp-json\/wp\/v2\/users\/1"}],"replies":[{"embeddable":true,"href":"https:\/\/www.bookazine.com\/de\/wp-json\/wp\/v2\/comments?post=7901"}],"version-history":[{"count":1,"href":"https:\/\/www.bookazine.com\/de\/wp-json\/wp\/v2\/pages\/7901\/revisions"}],"predecessor-version":[{"id":7903,"href":"https:\/\/www.bookazine.com\/de\/wp-json\/wp\/v2\/pages\/7901\/revisions\/7903"}],"wp:attachment":[{"href":"https:\/\/www.bookazine.com\/de\/wp-json\/wp\/v2\/media?parent=7901"}],"curies":[{"name":"wp","href":"https:\/\/api.w.org\/{rel}","templated":true}]}}