{"id":7879,"date":"2025-02-03T02:40:00","date_gmt":"2025-02-03T02:40:00","guid":{"rendered":"https:\/\/www.bookazine.com\/bibliotheken\/"},"modified":"2025-02-22T21:13:59","modified_gmt":"2025-02-22T21:13:59","slug":"bibliotheken","status":"publish","type":"page","link":"https:\/\/www.bookazine.com\/de\/bibliotheken\/","title":{"rendered":"Bibliotheken"},"content":{"rendered":"\t\t<div data-elementor-type=\"wp-page\" data-elementor-id=\"7879\" class=\"elementor elementor-7879 elementor-5725\">\n\t\t\t\t<div class=\"elementor-element elementor-element-5ec29c6 e-con-full qode_elementor_container_inner e-flex parallax_section_no e-con e-parent\" data-id=\"5ec29c6\" data-element_type=\"container\" data-e-type=\"container\">\n\t\t<div class=\"elementor-element elementor-element-996e0e6 e-con-full e-flex parallax_section_no qode_elementor_container_no e-con e-child\" data-id=\"996e0e6\" data-element_type=\"container\" data-e-type=\"container\">\n\t\t\t\t<div class=\"elementor-element elementor-element-e1a841c elementor-widget elementor-widget-qi_addons_for_elementor_section_title\" data-id=\"e1a841c\" data-element_type=\"widget\" data-e-type=\"widget\" data-widget_type=\"qi_addons_for_elementor_section_title.default\">\n\t\t\t\t<div class=\"elementor-widget-container\">\n\t\t\t\t\t<div class=\"qodef-shortcode qodef-m qodef-qi-section-title qodef-decoration--italic qodef-link--underline-draw qodef-subtitle-icon--left\">\n\t\t\t\t\t\t<h1 class=\"qodef-m-title\">\n\t\tBookazine: Ihr zuverl\u00e4ssiger Gro\u00dfhandelspartner f\u00fcr den Vertrieb von Bibliotheksb\u00fcchern\t<\/h1>\n\t\t\t<div class=\"qodef-m-text\"><p style=\"font-weight: 400\"><strong>Bookazine<\/strong> ist ein Buchgro\u00dfh\u00e4ndler, der Bibliotheken dabei unterst\u00fctzt, vielf\u00e4ltige und dynamische Sammlungen aufzubauen. Unser umfassender, durchg\u00e4ngiger logistischer Support, der auf die von Ihrer Bibliothek bevorzugten Methoden zugeschnitten ist, sowie unsere hochgradig personalisierte Kundenbetreuung, unsere branchenf\u00fchrende Schnelligkeit, Genauigkeit, Konsistenz und unser zuverl\u00e4ssiger Service sind in der Branche beispiellos. Wir bieten ma\u00dfgeschneiderte Unterst\u00fctzung bei der Entwicklung von Sammlungen, die speziell auf die Bed\u00fcrfnisse Ihrer Bibliothek zugeschnitten sind, um eine Sammlung zusammenzustellen, die bei Ihrer Gemeinschaft Anklang findet.    <strong>Wir sind gut ger\u00fcstet, um die einzigartigen Bed\u00fcrfnisse von Bibliotheken auf der ganzen Welt zu erf\u00fcllen.<\/strong><\/p><\/div>\n\t<\/div>\n\t\t\t\t<\/div>\n\t\t\t\t<\/div>\n\t\t\t\t<\/div>\n\t\t<div class=\"elementor-element elementor-element-ddf1103 e-con-full e-flex parallax_section_no qode_elementor_container_no e-con e-child\" data-id=\"ddf1103\" data-element_type=\"container\" data-e-type=\"container\">\n\t\t\t\t<div class=\"elementor-element elementor-element-6389491 elementor-widget elementor-widget-bridge_image_hover\" data-id=\"6389491\" data-element_type=\"widget\" data-e-type=\"widget\" data-widget_type=\"bridge_image_hover.default\">\n\t\t\t\t<div class=\"elementor-widget-container\">\n\t\t\t\t\t<div class=\"image_hover \" data-transition-delay=\"\"><div class=\"images_holder\"><img decoding=\"async\" itemprop=\"image\" class=\"\" src=\"https:\/\/www.bookazine.com\/wp-content\/uploads\/2025\/02\/lib1.jpg\" alt=\"Main Image\" style=\"\" \/><\/div><\/div>\t\t\t\t<\/div>\n\t\t\t\t<\/div>\n\t\t\t\t<\/div>\n\t\t\t\t<\/div>\n\t\t<div class=\"elementor-element elementor-element-1df9b27 e-con-full qode_elementor_container_inner e-flex parallax_section_no e-con e-parent\" data-id=\"1df9b27\" data-element_type=\"container\" data-e-type=\"container\">\n\t\t<div class=\"elementor-element elementor-element-841fe0f e-con-full e-flex parallax_section_no qode_elementor_container_no e-con e-child\" data-id=\"841fe0f\" data-element_type=\"container\" data-e-type=\"container\">\n\t\t\t\t<div class=\"elementor-element elementor-element-dbf8206 elementor-widget elementor-widget-bridge_image_hover\" data-id=\"dbf8206\" data-element_type=\"widget\" data-e-type=\"widget\" data-widget_type=\"bridge_image_hover.default\">\n\t\t\t\t<div class=\"elementor-widget-container\">\n\t\t\t\t\t<div class=\"image_hover \" data-transition-delay=\"\"><div class=\"images_holder\"><img decoding=\"async\" itemprop=\"image\" class=\"\" src=\"https:\/\/www.bookazine.com\/wp-content\/uploads\/2025\/02\/lib2.jpg\" alt=\"Main Image\" style=\"\" \/><\/div><\/div>\t\t\t\t<\/div>\n\t\t\t\t<\/div>\n\t\t\t\t<\/div>\n\t\t<div class=\"elementor-element elementor-element-050c0d2 e-con-full e-flex parallax_section_no qode_elementor_container_no e-con e-child\" data-id=\"050c0d2\" data-element_type=\"container\" data-e-type=\"container\">\n\t\t\t\t<div class=\"elementor-element elementor-element-33b6607 elementor-widget elementor-widget-qi_addons_for_elementor_section_title\" data-id=\"33b6607\" data-element_type=\"widget\" data-e-type=\"widget\" data-widget_type=\"qi_addons_for_elementor_section_title.default\">\n\t\t\t\t<div class=\"elementor-widget-container\">\n\t\t\t\t\t<div class=\"qodef-shortcode qodef-m qodef-qi-section-title qodef-decoration--italic qodef-link--underline-draw qodef-subtitle-icon--left\">\n\t\t\t\t\t\t<h1 class=\"qodef-m-title\">\n\t\tSteigern Sie die Wirkung Ihrer Bibliothek mit unseren Expertendiensten\t<\/h1>\n\t\t\t<div class=\"qodef-m-text\"><h5 style=\"font-weight: 400\"><strong>Optimiertes Bestellwesen und Account Management<\/strong><\/h5><p style=\"font-weight: 400\">Unsere benutzerfreundliche Online-Plattform erm\u00f6glicht eine effiziente Bestellung und Kontoverwaltung. Die Funktionen umfassen: <\/p><ul style=\"font-weight: 400\"><li>Erweiterte Suchfunktionen<\/li><li>Optionen f\u00fcr Massen-Uploads<\/li><li>Bestandsaktualisierungen in Echtzeit<\/li><li>Elektronische Bestellschnittstellen - \u00fcber EDI-integrierte Systeme und Anbieterplattformen<\/li><\/ul><h5 style=\"font-weight: 400\"><strong><br>Schneller und zuverl\u00e4ssiger Versand<\/strong><\/h5><ul style=\"font-weight: 400\"><li>Flexibilit\u00e4t bei der Bestellung<\/li><li>Schnelle, pr\u00e4zise Bearbeitung und Versand<\/li><li>Versand am selben Tag f\u00fcr Bestellungen, die bis zu unseren Annahmeschlusszeiten auf Lager sind<\/li><li>Qualit\u00e4tskontrolle bei jeder Sendung<\/li><\/ul><h5> <\/h5><h5 style=\"font-weight: 400\"><strong>Globales Vertriebsnetz<\/strong><\/h5><p style=\"font-weight: 400\">Bookazine beliefert Bibliotheken in den USA und auf der ganzen Welt mit B\u00fcchern und gew\u00e4hrleistet eine p\u00fcnktliche Lieferung und einen au\u00dfergew\u00f6hnlichen Service.<\/p><\/div>\n\t<\/div>\n\t\t\t\t<\/div>\n\t\t\t\t<\/div>\n\t\t\t\t<\/div>\n\t\t\t\t<\/div>\n\t\t<div style=\"background-image: url(https:\/\/bookazine.com\/wp-content\/uploads\/2025\/02\/new-us.jpg);\" class=\"parallax_section_holder elementor-element elementor-element-8879b36 e-con-full parallax_section_holder e-flex qode_elementor_container_no e-con e-parent\" data-speed=\"0\" data-id=\"8879b36\" data-element_type=\"container\" data-e-type=\"container\" data-settings=\"{&quot;qode_parallax_image&quot;:{&quot;url&quot;:&quot;https:\\\/\\\/bookazine.com\\\/wp-content\\\/uploads\\\/2025\\\/02\\\/new-us.jpg&quot;,&quot;id&quot;:6245,&quot;size&quot;:&quot;&quot;,&quot;alt&quot;:&quot;&quot;,&quot;source&quot;:&quot;library&quot;},&quot;background_background&quot;:&quot;classic&quot;}\">\n\t\t\t\t<div class=\"elementor-element elementor-element-c14972d elementor-widget elementor-widget-qi_addons_for_elementor_banner\" data-id=\"c14972d\" data-element_type=\"widget\" data-e-type=\"widget\" data-widget_type=\"qi_addons_for_elementor_banner.default\">\n\t\t\t\t<div class=\"elementor-widget-container\">\n\t\t\t\t\t<div class=\"qodef-shortcode qodef-m qodef-qi-banner qodef-layout--standard qodef-vertical--middle qodef-horizontal--center qodef-image--hover-zoom\">\n\t<div class=\"qodef-m-image\">\n\t<\/div>\n\t<div class=\"qodef-m-content\">\n\t\t<div class=\"qodef-m-content-inner\">\n\t\t\t\t\t\t\t<h2 class=\"qodef-m-title\">\n\t\tRessourcen\t<\/h2>\n\t\t\t\t<p class=\"qodef-m-text\">\n\t\tLorem ipsum dolor sit amet, consectetur adipiscing elit. Mauris tempus nisl vitae magna pulvinar laoreet.   \t<\/p>\n\t\t\t\t<div class=\"qodef-m-button\">\n\t\t<a class=\"qodef-shortcode qodef-m qodef-qi-button qodef-html--link qodef-layout--outlined qodef-type--standard qodef-icon--right qodef-hover--icon-move-horizontal-short\" href=\"#\" target=\"_self\">\t<span class=\"qodef-m-text\">Mehr erfahren<\/span>\t<\/a>\t<\/div>\n\t\t<\/div>\n\t<\/div>\n\t\t<a itemprop=\"url\" href=\"#\" class=\"qodef-m-banner-link\" target=\"_self\"><\/a>\n<\/div>\n\t\t\t\t<\/div>\n\t\t\t\t<\/div>\n\t\t\t\t<div class=\"elementor-element elementor-element-28a1073 elementor-widget__width-initial elementor-widget elementor-widget-qi_addons_for_elementor_section_title\" data-id=\"28a1073\" data-element_type=\"widget\" data-e-type=\"widget\" data-widget_type=\"qi_addons_for_elementor_section_title.default\">\n\t\t\t\t<div class=\"elementor-widget-container\">\n\t\t\t\t\t<div class=\"qodef-shortcode qodef-m qodef-qi-section-title qodef-decoration--italic qodef-link--underline-draw qodef-subtitle-icon--left\">\n\t\t\t\t\t\t<h1 class=\"qodef-m-title\">\n\t\tFangen wir an\t<\/h1>\n\t\t\t<\/div>\n\t\t\t\t<\/div>\n\t\t\t\t<\/div>\n\t\t\t\t<div class=\"elementor-element elementor-element-f0aec6d elementor-widget elementor-widget-bridge_button\" data-id=\"f0aec6d\" data-element_type=\"widget\" data-e-type=\"widget\" data-widget_type=\"bridge_button.default\">\n\t\t\t\t<div class=\"elementor-widget-container\">\n\t\t\t\t\t<a  itemprop=\"url\" href=\"https:\/\/bookazine.com\/sign-up\/\" target=\"_self\" data-hover-background-color=\"#99A1C8\" class=\"qbutton  white default\" style=\"color: #0F173F; background-color:#FFFFFF;\">EIN KONTO ER\u00d6FFNEN<\/a>\t\t\t\t<\/div>\n\t\t\t\t<\/div>\n\t\t\t\t<\/div>\n\t\t<div class=\"elementor-element elementor-element-a505e4f e-con-full e-flex parallax_section_no qode_elementor_container_no e-con e-parent\" data-id=\"a505e4f\" data-element_type=\"container\" data-e-type=\"container\">\n\t\t\t\t<div class=\"elementor-element elementor-element-74c28fb elementor-view-default elementor-widget elementor-widget-icon\" data-id=\"74c28fb\" data-element_type=\"widget\" data-e-type=\"widget\" data-widget_type=\"icon.default\">\n\t\t\t\t<div class=\"elementor-widget-container\">\n\t\t\t\t\t\t\t<div class=\"elementor-icon-wrapper\">\n\t\t\t<div class=\"elementor-icon\">\n\t\t\t<svg aria-hidden=\"true\" class=\"e-font-icon-svg e-fas-star\" viewBox=\"0 0 576 512\" xmlns=\"http:\/\/www.w3.org\/2000\/svg\"><path d=\"M259.3 17.8L194 150.2 47.9 171.5c-26.2 3.8-36.7 36.1-17.7 54.6l105.7 103-25 145.5c-4.5 26.3 23.2 46 46.4 33.7L288 439.6l130.7 68.7c23.2 12.2 50.9-7.4 46.4-33.7l-25-145.5 105.7-103c19-18.5 8.5-50.8-17.7-54.6L382 150.2 316.7 17.8c-11.7-23.6-45.6-23.9-57.4 0z\"><\/path><\/svg>\t\t\t<\/div>\n\t\t<\/div>\n\t\t\t\t\t\t<\/div>\n\t\t\t\t<\/div>\n\t\t\t\t<div class=\"elementor-element elementor-element-d80dfe2 elementor-widget__width-initial elementor-widget elementor-widget-qi_addons_for_elementor_section_title\" data-id=\"d80dfe2\" data-element_type=\"widget\" data-e-type=\"widget\" data-widget_type=\"qi_addons_for_elementor_section_title.default\">\n\t\t\t\t<div class=\"elementor-widget-container\">\n\t\t\t\t\t<div class=\"qodef-shortcode qodef-m qodef-qi-section-title qodef-decoration--italic qodef-link--underline-draw qodef-subtitle-icon--right\">\n\t\t\t\t\t\t<h1 class=\"qodef-m-title\">\n\t\tECHTER KUNDENSERVICE\t<\/h1>\n\t\t\t<div class=\"qodef-m-text\"><p class=\"p1\"><span class=\"s1\">Seit \u00fcber 90 Jahren ist Bookazine ein vertrauensw\u00fcrdiger Partner f\u00fcr den Einzelhandel und das Verlagswesen und bietet einen unvergleichlichen Service und Support. Wir wollen Ihnen helfen, Ihr Gesch\u00e4ft auszubauen, indem wir Ihnen in jeder Phase nahtlose Unterst\u00fctzung bieten - von der ersten Bestellung bis zum Tag der Auslieferung. Unser engagiertes Team sorgt f\u00fcr einen reibungslosen und effizienten Ablauf, der Ihnen und Ihren Kunden den Erfolg erleichtert. Wenn sich Ihr Unternehmen weiterentwickelt, wachsen unsere Dienstleistungen mit Ihnen und passen sich an Ihre sich \u00e4ndernden Bed\u00fcrfnisse an. Bei Bookazine ist Ihr Erfolg unsere Priorit\u00e4t.    <\/span><\/p><\/div>\n\t<\/div>\n\t\t\t\t<\/div>\n\t\t\t\t<\/div>\n\t\t\t\t<\/div>\n\t\t<div class=\"elementor-element elementor-element-8c049ab e-con-full e-flex parallax_section_no qode_elementor_container_no e-con e-parent\" data-id=\"8c049ab\" data-element_type=\"container\" data-e-type=\"container\">\n\t\t<div class=\"elementor-element elementor-element-b4c778c e-con-full e-flex parallax_section_no qode_elementor_container_no e-con e-child\" data-id=\"b4c778c\" data-element_type=\"container\" data-e-type=\"container\">\n\t\t\t\t<div class=\"elementor-element elementor-element-c8f715e elementor-widget elementor-widget-qi_addons_for_elementor_banner\" data-id=\"c8f715e\" data-element_type=\"widget\" data-e-type=\"widget\" data-widget_type=\"qi_addons_for_elementor_banner.default\">\n\t\t\t\t<div class=\"elementor-widget-container\">\n\t\t\t\t\t<div class=\"qodef-shortcode qodef-m qodef-qi-banner qodef-layout--standard qodef-vertical--middle qodef-horizontal--center qodef-image--hover-zoom\">\n\t<div class=\"qodef-m-image\">\n\t<img fetchpriority=\"high\" decoding=\"async\" width=\"1300\" height=\"740\" src=\"https:\/\/www.bookazine.com\/wp-content\/uploads\/2025\/01\/search.jpg\" class=\"attachment-full size-full\" alt=\"\" srcset=\"https:\/\/www.bookazine.com\/wp-content\/uploads\/2025\/01\/search.jpg 1300w, https:\/\/www.bookazine.com\/wp-content\/uploads\/2025\/01\/search-300x171.jpg 300w, https:\/\/www.bookazine.com\/wp-content\/uploads\/2025\/01\/search-1024x583.jpg 1024w, https:\/\/www.bookazine.com\/wp-content\/uploads\/2025\/01\/search-768x437.jpg 768w, https:\/\/www.bookazine.com\/wp-content\/uploads\/2025\/01\/search-700x398.jpg 700w\" sizes=\"(max-width: 1300px) 100vw, 1300px\" \/><\/div>\n\t<div class=\"qodef-m-content\">\n\t\t<div class=\"qodef-m-content-inner\">\n\t\t\t\t\t\t\t<h2 class=\"qodef-m-title\">\n\t\tKatalog durchsuchen\t<\/h2>\n\t\t\t\t<p class=\"qodef-m-text\">\n\t\tBl\u00e4ttern Sie durch unseren Katalog, um die neuesten Ver\u00f6ffentlichungen und mehr zu sehen.  \t<\/p>\n\t\t\t\t<div class=\"qodef-m-button\">\n\t\t<a class=\"qodef-shortcode qodef-m qodef-qi-button qodef-html--link qodef-layout--outlined qodef-type--standard qodef-icon--right qodef-hover--icon-move-horizontal-short\" href=\"https:\/\/orders.bookazine.com\" target=\"_self\">\t<span class=\"qodef-m-text\">SEARCH<\/span>\t<\/a>\t<\/div>\n\t\t<\/div>\n\t<\/div>\n\t\t<a itemprop=\"url\" href=\"https:\/\/orders.bookazine.com\" class=\"qodef-m-banner-link\" target=\"_self\"><\/a>\n<\/div>\n\t\t\t\t<\/div>\n\t\t\t\t<\/div>\n\t\t\t\t<\/div>\n\t\t<div class=\"elementor-element elementor-element-c722517 e-con-full e-flex parallax_section_no qode_elementor_container_no e-con e-child\" data-id=\"c722517\" data-element_type=\"container\" data-e-type=\"container\">\n\t\t\t\t<div class=\"elementor-element elementor-element-cdcdf38 elementor-widget elementor-widget-qi_addons_for_elementor_banner\" data-id=\"cdcdf38\" data-element_type=\"widget\" data-e-type=\"widget\" data-widget_type=\"qi_addons_for_elementor_banner.default\">\n\t\t\t\t<div class=\"elementor-widget-container\">\n\t\t\t\t\t<div class=\"qodef-shortcode qodef-m qodef-qi-banner qodef-layout--standard qodef-vertical--middle qodef-horizontal--center qodef-image--hover-zoom\">\n\t<div class=\"qodef-m-image\">\n\t<img decoding=\"async\" width=\"1300\" height=\"740\" src=\"https:\/\/www.bookazine.com\/wp-content\/uploads\/2025\/01\/resources2.jpg\" class=\"attachment-full size-full\" alt=\"\" srcset=\"https:\/\/www.bookazine.com\/wp-content\/uploads\/2025\/01\/resources2.jpg 1300w, https:\/\/www.bookazine.com\/wp-content\/uploads\/2025\/01\/resources2-300x171.jpg 300w, https:\/\/www.bookazine.com\/wp-content\/uploads\/2025\/01\/resources2-1024x583.jpg 1024w, https:\/\/www.bookazine.com\/wp-content\/uploads\/2025\/01\/resources2-768x437.jpg 768w, https:\/\/www.bookazine.com\/wp-content\/uploads\/2025\/01\/resources2-700x398.jpg 700w\" sizes=\"(max-width: 1300px) 100vw, 1300px\" \/><\/div>\n\t<div class=\"qodef-m-content\">\n\t\t<div class=\"qodef-m-content-inner\">\n\t\t\t\t\t\t\t<h2 class=\"qodef-m-title\">\n\t\tQUESTIONS?\t<\/h2>\n\t\t\t\t<p class=\"qodef-m-text\">\n\t\tUnser fachkundiges Kundenservice-Team steht Ihnen bei allen Fragen gerne zur Verf\u00fcgung.\t<\/p>\n\t\t\t\t<div class=\"qodef-m-button\">\n\t\t<a class=\"qodef-shortcode qodef-m qodef-qi-button qodef-html--link qodef-layout--outlined qodef-type--standard qodef-icon--right qodef-hover--icon-move-horizontal-short\" href=\"https:\/\/bookazine.com\/contact-us\/\" target=\"_self\">\t<span class=\"qodef-m-text\">KONTAKT US<\/span>\t<\/a>\t<\/div>\n\t\t<\/div>\n\t<\/div>\n\t\t<a itemprop=\"url\" href=\"https:\/\/bookazine.com\/contact-us\/\" class=\"qodef-m-banner-link\" target=\"_self\"><\/a>\n<\/div>\n\t\t\t\t<\/div>\n\t\t\t\t<\/div>\n\t\t\t\t<\/div>\n\t\t\t\t<\/div>\n\t\t\t\t<\/div>\n\t\t","protected":false},"excerpt":{"rendered":"<p>Bookazine: Ihr zuverl\u00e4ssiger Gro\u00dfhandelspartner f\u00fcr den Vertrieb von Bibliotheksb\u00fcchern Bookazine ist ein Buchgro\u00dfh\u00e4ndler, der Bibliotheken dabei unterst\u00fctzt, vielf\u00e4ltige und dynamische Sammlungen aufzubauen. Unser umfassender, durchg\u00e4ngiger logistischer Support, der auf die von Ihrer Bibliothek bevorzugten Methoden zugeschnitten ist, sowie unsere hochgradig personalisierte Kundenbetreuung, unsere branchenf\u00fchrende Schnelligkeit,&#8230;<\/p>\n","protected":false},"author":1,"featured_media":0,"parent":0,"menu_order":0,"comment_status":"closed","ping_status":"closed","template":"full_width.php","meta":{"footnotes":""},"class_list":["post-7879","page","type-page","status-publish","hentry"],"yoast_head":"<!-- This site is optimized with the Yoast SEO plugin v27.3 - https:\/\/yoast.com\/product\/yoast-seo-wordpress\/ -->\n<title>Bookazine f\u00fcr Bibliotheken | Umfangreiche Buchsammlungen und Dienstleistungen<\/title>\n<meta name=\"description\" content=\"Statten Sie Ihre Bibliothek mit einer breiten Palette von Titeln und spezialisierten Dienstleistungen von Bookazine aus, um die Bildung und die Gemeinschaft zu bereichern.\" \/>\n<meta name=\"robots\" content=\"index, follow, max-snippet:-1, max-image-preview:large, max-video-preview:-1\" \/>\n<link rel=\"canonical\" href=\"https:\/\/www.bookazine.com\/de\/bibliotheken\/\" \/>\n<meta property=\"og:locale\" content=\"de_DE\" \/>\n<meta property=\"og:type\" content=\"article\" \/>\n<meta property=\"og:title\" content=\"Bookazine f\u00fcr Bibliotheken | Umfangreiche Buchsammlungen und Dienstleistungen\" \/>\n<meta property=\"og:description\" content=\"Statten Sie Ihre Bibliothek mit einer breiten Palette von Titeln und spezialisierten Dienstleistungen von Bookazine aus, um die Bildung und die Gemeinschaft zu bereichern.\" \/>\n<meta property=\"og:url\" content=\"https:\/\/www.bookazine.com\/de\/bibliotheken\/\" \/>\n<meta property=\"og:site_name\" content=\"Bookazine\" \/>\n<meta property=\"article:modified_time\" content=\"2025-02-22T21:13:59+00:00\" \/>\n<meta property=\"og:image\" content=\"https:\/\/www.bookazine.com\/wp-content\/uploads\/2025\/02\/lib1.jpg\" \/>\n<meta name=\"twitter:card\" content=\"summary_large_image\" \/>\n<meta name=\"twitter:label1\" content=\"Gesch\u00e4tzte Lesezeit\" \/>\n\t<meta name=\"twitter:data1\" content=\"2 Minuten\" \/>\n<script type=\"application\/ld+json\" class=\"yoast-schema-graph\">{\"@context\":\"https:\\\/\\\/schema.org\",\"@graph\":[{\"@type\":\"WebPage\",\"@id\":\"https:\\\/\\\/www.bookazine.com\\\/de\\\/bibliotheken\\\/\",\"url\":\"https:\\\/\\\/www.bookazine.com\\\/de\\\/bibliotheken\\\/\",\"name\":\"Bookazine f\u00fcr Bibliotheken | Umfangreiche Buchsammlungen und Dienstleistungen\",\"isPartOf\":{\"@id\":\"https:\\\/\\\/www.bookazine.com\\\/de\\\/#website\"},\"primaryImageOfPage\":{\"@id\":\"https:\\\/\\\/www.bookazine.com\\\/de\\\/bibliotheken\\\/#primaryimage\"},\"image\":{\"@id\":\"https:\\\/\\\/www.bookazine.com\\\/de\\\/bibliotheken\\\/#primaryimage\"},\"thumbnailUrl\":\"https:\\\/\\\/www.bookazine.com\\\/wp-content\\\/uploads\\\/2025\\\/02\\\/lib1.jpg\",\"datePublished\":\"2025-02-03T02:40:00+00:00\",\"dateModified\":\"2025-02-22T21:13:59+00:00\",\"description\":\"Statten Sie Ihre Bibliothek mit einer breiten Palette von Titeln und spezialisierten Dienstleistungen von Bookazine aus, um die Bildung und die Gemeinschaft zu bereichern.\",\"breadcrumb\":{\"@id\":\"https:\\\/\\\/www.bookazine.com\\\/de\\\/bibliotheken\\\/#breadcrumb\"},\"inLanguage\":\"de\",\"potentialAction\":[{\"@type\":\"ReadAction\",\"target\":[\"https:\\\/\\\/www.bookazine.com\\\/de\\\/bibliotheken\\\/\"]}]},{\"@type\":\"ImageObject\",\"inLanguage\":\"de\",\"@id\":\"https:\\\/\\\/www.bookazine.com\\\/de\\\/bibliotheken\\\/#primaryimage\",\"url\":\"https:\\\/\\\/www.bookazine.com\\\/wp-content\\\/uploads\\\/2025\\\/02\\\/lib1.jpg\",\"contentUrl\":\"https:\\\/\\\/www.bookazine.com\\\/wp-content\\\/uploads\\\/2025\\\/02\\\/lib1.jpg\"},{\"@type\":\"BreadcrumbList\",\"@id\":\"https:\\\/\\\/www.bookazine.com\\\/de\\\/bibliotheken\\\/#breadcrumb\",\"itemListElement\":[{\"@type\":\"ListItem\",\"position\":1,\"name\":\"Startseite\",\"item\":\"https:\\\/\\\/www.bookazine.com\\\/de\\\/hauptsitz\\\/\"},{\"@type\":\"ListItem\",\"position\":2,\"name\":\"Bibliotheken\"}]},{\"@type\":\"WebSite\",\"@id\":\"https:\\\/\\\/www.bookazine.com\\\/de\\\/#website\",\"url\":\"https:\\\/\\\/www.bookazine.com\\\/de\\\/\",\"name\":\"Bookazine\",\"description\":\"Ein weltweit f\u00fchrender Buchgro\u00dfh\u00e4ndler\",\"potentialAction\":[{\"@type\":\"SearchAction\",\"target\":{\"@type\":\"EntryPoint\",\"urlTemplate\":\"https:\\\/\\\/www.bookazine.com\\\/de\\\/?s={search_term_string}\"},\"query-input\":{\"@type\":\"PropertyValueSpecification\",\"valueRequired\":true,\"valueName\":\"search_term_string\"}}],\"inLanguage\":\"de\"}]}<\/script>\n<!-- \/ Yoast SEO plugin. -->","yoast_head_json":{"title":"Bookazine f\u00fcr Bibliotheken | Umfangreiche Buchsammlungen und Dienstleistungen","description":"Statten Sie Ihre Bibliothek mit einer breiten Palette von Titeln und spezialisierten Dienstleistungen von Bookazine aus, um die Bildung und die Gemeinschaft zu bereichern.","robots":{"index":"index","follow":"follow","max-snippet":"max-snippet:-1","max-image-preview":"max-image-preview:large","max-video-preview":"max-video-preview:-1"},"canonical":"https:\/\/www.bookazine.com\/de\/bibliotheken\/","og_locale":"de_DE","og_type":"article","og_title":"Bookazine f\u00fcr Bibliotheken | Umfangreiche Buchsammlungen und Dienstleistungen","og_description":"Statten Sie Ihre Bibliothek mit einer breiten Palette von Titeln und spezialisierten Dienstleistungen von Bookazine aus, um die Bildung und die Gemeinschaft zu bereichern.","og_url":"https:\/\/www.bookazine.com\/de\/bibliotheken\/","og_site_name":"Bookazine","article_modified_time":"2025-02-22T21:13:59+00:00","og_image":[{"url":"https:\/\/www.bookazine.com\/wp-content\/uploads\/2025\/02\/lib1.jpg","type":"","width":"","height":""}],"twitter_card":"summary_large_image","twitter_misc":{"Gesch\u00e4tzte Lesezeit":"2 Minuten"},"schema":{"@context":"https:\/\/schema.org","@graph":[{"@type":"WebPage","@id":"https:\/\/www.bookazine.com\/de\/bibliotheken\/","url":"https:\/\/www.bookazine.com\/de\/bibliotheken\/","name":"Bookazine f\u00fcr Bibliotheken | Umfangreiche Buchsammlungen und Dienstleistungen","isPartOf":{"@id":"https:\/\/www.bookazine.com\/de\/#website"},"primaryImageOfPage":{"@id":"https:\/\/www.bookazine.com\/de\/bibliotheken\/#primaryimage"},"image":{"@id":"https:\/\/www.bookazine.com\/de\/bibliotheken\/#primaryimage"},"thumbnailUrl":"https:\/\/www.bookazine.com\/wp-content\/uploads\/2025\/02\/lib1.jpg","datePublished":"2025-02-03T02:40:00+00:00","dateModified":"2025-02-22T21:13:59+00:00","description":"Statten Sie Ihre Bibliothek mit einer breiten Palette von Titeln und spezialisierten Dienstleistungen von Bookazine aus, um die Bildung und die Gemeinschaft zu bereichern.","breadcrumb":{"@id":"https:\/\/www.bookazine.com\/de\/bibliotheken\/#breadcrumb"},"inLanguage":"de","potentialAction":[{"@type":"ReadAction","target":["https:\/\/www.bookazine.com\/de\/bibliotheken\/"]}]},{"@type":"ImageObject","inLanguage":"de","@id":"https:\/\/www.bookazine.com\/de\/bibliotheken\/#primaryimage","url":"https:\/\/www.bookazine.com\/wp-content\/uploads\/2025\/02\/lib1.jpg","contentUrl":"https:\/\/www.bookazine.com\/wp-content\/uploads\/2025\/02\/lib1.jpg"},{"@type":"BreadcrumbList","@id":"https:\/\/www.bookazine.com\/de\/bibliotheken\/#breadcrumb","itemListElement":[{"@type":"ListItem","position":1,"name":"Startseite","item":"https:\/\/www.bookazine.com\/de\/hauptsitz\/"},{"@type":"ListItem","position":2,"name":"Bibliotheken"}]},{"@type":"WebSite","@id":"https:\/\/www.bookazine.com\/de\/#website","url":"https:\/\/www.bookazine.com\/de\/","name":"Bookazine","description":"Ein weltweit f\u00fchrender Buchgro\u00dfh\u00e4ndler","potentialAction":[{"@type":"SearchAction","target":{"@type":"EntryPoint","urlTemplate":"https:\/\/www.bookazine.com\/de\/?s={search_term_string}"},"query-input":{"@type":"PropertyValueSpecification","valueRequired":true,"valueName":"search_term_string"}}],"inLanguage":"de"}]}},"_links":{"self":[{"href":"https:\/\/www.bookazine.com\/de\/wp-json\/wp\/v2\/pages\/7879","targetHints":{"allow":["GET"]}}],"collection":[{"href":"https:\/\/www.bookazine.com\/de\/wp-json\/wp\/v2\/pages"}],"about":[{"href":"https:\/\/www.bookazine.com\/de\/wp-json\/wp\/v2\/types\/page"}],"author":[{"embeddable":true,"href":"https:\/\/www.bookazine.com\/de\/wp-json\/wp\/v2\/users\/1"}],"replies":[{"embeddable":true,"href":"https:\/\/www.bookazine.com\/de\/wp-json\/wp\/v2\/comments?post=7879"}],"version-history":[{"count":1,"href":"https:\/\/www.bookazine.com\/de\/wp-json\/wp\/v2\/pages\/7879\/revisions"}],"predecessor-version":[{"id":7882,"href":"https:\/\/www.bookazine.com\/de\/wp-json\/wp\/v2\/pages\/7879\/revisions\/7882"}],"wp:attachment":[{"href":"https:\/\/www.bookazine.com\/de\/wp-json\/wp\/v2\/media?parent=7879"}],"curies":[{"name":"wp","href":"https:\/\/api.w.org\/{rel}","templated":true}]}}