{"id":7850,"date":"2023-11-14T10:27:00","date_gmt":"2023-11-14T10:27:00","guid":{"rendered":"https:\/\/www.bookazine.com\/kontaktieren-sie-uns\/"},"modified":"2025-02-22T21:13:42","modified_gmt":"2025-02-22T21:13:42","slug":"kontaktieren-sie-uns","status":"publish","type":"page","link":"https:\/\/www.bookazine.com\/de\/kontaktieren-sie-uns\/","title":{"rendered":"Kontaktieren Sie uns"},"content":{"rendered":"\t\t<div data-elementor-type=\"wp-page\" data-elementor-id=\"7850\" class=\"elementor elementor-7850 elementor-4100\">\n\t\t\t\t<div class=\"elementor-element elementor-element-7ecec7a1 e-con-full qode_elementor_container_inner e-flex parallax_section_no e-con e-parent\" data-id=\"7ecec7a1\" data-element_type=\"container\" data-e-type=\"container\">\n\t\t<div class=\"elementor-element elementor-element-4bcf6ae4 e-flex e-con-boxed parallax_section_no qode_elementor_container_no e-con e-child\" data-id=\"4bcf6ae4\" data-element_type=\"container\" data-e-type=\"container\">\n\t\t\t\t\t<div class=\"e-con-inner\">\n\t\t\t\t<div class=\"elementor-element elementor-element-3833325e elementor-widget elementor-widget-qi_addons_for_elementor_section_title\" data-id=\"3833325e\" data-element_type=\"widget\" data-e-type=\"widget\" data-widget_type=\"qi_addons_for_elementor_section_title.default\">\n\t\t\t\t<div class=\"elementor-widget-container\">\n\t\t\t\t\t<div class=\"qodef-shortcode qodef-m qodef-qi-section-title qodef-decoration--italic qodef-link--underline-draw qodef-subtitle-icon--left\">\n\t\t\t\t<h5 class=\"qodef-m-subtitle\">\n\t\tKONTAKTIEREN SIE UNS\t\t\t<\/h5>\n\t\t\t<h1 class=\"qodef-m-title\">\n\t\tUnser Team ist hier um zu helfen\t<\/h1>\n\t\t\t<div class=\"qodef-m-text\"><div class=\"qodef-m-text\">Wenn Sie Fragen haben oder Hilfe ben\u00f6tigen, rufen Sie uns bitte an oder schicken Sie uns eine E-Mail und ein Mitarbeiter des Kundendienstes wird sich in K\u00fcrze mit Ihnen in Verbindung setzen.<\/div><\/div>\n\t<\/div>\n\t\t\t\t<\/div>\n\t\t\t\t<\/div>\n\t\t<div class=\"elementor-element elementor-element-6ee3bbe3 e-flex e-con-boxed parallax_section_no qode_elementor_container_no e-con e-child\" data-id=\"6ee3bbe3\" data-element_type=\"container\" data-e-type=\"container\">\n\t\t\t\t\t<div class=\"e-con-inner\">\n\t\t\t\t<div class=\"elementor-element elementor-element-464053e1 elementor-widget__width-initial elementor-widget elementor-widget-text-editor\" data-id=\"464053e1\" data-element_type=\"widget\" data-e-type=\"widget\" data-widget_type=\"text-editor.default\">\n\t\t\t\t<div class=\"elementor-widget-container\">\n\t\t\t\t\t\t\t\t\t<h5>BOOKAZINE<\/h5><p>75 Hook Road, <br>Bayonne, NJ 07002 <br>USA<\/p><p><a href=\"mailto:inquire@bookazine.com?Subject=Website%20Inquiry\" target=\"_blank\" rel=\"noopener\">inquire@bookazine.com<\/a><\/p><h4><strong><br>+1 800.221.8112<br><br><\/strong><strong>+1 201.339.7777<\/strong><\/h4>\t\t\t\t\t\t\t\t<\/div>\n\t\t\t\t<\/div>\n\t\t\t\t\t<\/div>\n\t\t\t\t<\/div>\n\t\t\t\t\t<\/div>\n\t\t\t\t<\/div>\n\t\t<div class=\"elementor-element elementor-element-505a9b40 e-flex e-con-boxed parallax_section_no qode_elementor_container_no e-con e-child\" data-id=\"505a9b40\" data-element_type=\"container\" data-e-type=\"container\">\n\t\t\t\t\t<div class=\"e-con-inner\">\n\t\t\t\t<div class=\"elementor-element elementor-element-363957f4 elementor-widget-tablet__width-initial elementor-widget elementor-widget-bridge_cf_7\" data-id=\"363957f4\" data-element_type=\"widget\" data-e-type=\"widget\" data-widget_type=\"bridge_cf_7.default\">\n\t\t\t\t<div class=\"elementor-widget-container\">\n\t\t\t\t\t    <div class=\"qode-contact-form-7 qode-contact-form-7-0\">\n    \n<div class=\"wpcf7 no-js\" id=\"wpcf7-f7806-o1\" lang=\"de-DE\" dir=\"ltr\" data-wpcf7-id=\"7806\">\n<div class=\"screen-reader-response\"><p role=\"status\" aria-live=\"polite\" aria-atomic=\"true\"><\/p> <ul><\/ul><\/div>\n<form action=\"\/de\/wp-json\/wp\/v2\/pages\/7850#wpcf7-f7806-o1\" method=\"post\" class=\"wpcf7-form init cf7_custom_style_3\" aria-label=\"Kontaktformular\" novalidate=\"novalidate\" data-status=\"init\">\n<fieldset class=\"hidden-fields-container\"><input type=\"hidden\" name=\"_wpcf7\" value=\"7806\" \/><input type=\"hidden\" name=\"_wpcf7_version\" value=\"6.1.5\" \/><input type=\"hidden\" name=\"_wpcf7_locale\" value=\"de_DE\" \/><input type=\"hidden\" name=\"_wpcf7_unit_tag\" value=\"wpcf7-f7806-o1\" \/><input type=\"hidden\" name=\"_wpcf7_container_post\" value=\"0\" \/><input type=\"hidden\" name=\"_wpcf7_posted_data_hash\" value=\"\" \/>\n<\/fieldset>\n<label>  Vollst\u00e4ndiger Name\n    <span class=\"wpcf7-form-control-wrap\" data-name=\"your-name\"><input size=\"40\" maxlength=\"400\" class=\"wpcf7-form-control wpcf7-text wpcf7-validates-as-required\" autocomplete=\"name\" aria-required=\"true\" aria-invalid=\"false\" value=\"\" type=\"text\" name=\"your-name\" \/><\/span> <\/label><br>\n<label>  E-Mail\n    <span class=\"wpcf7-form-control-wrap\" data-name=\"your-email\"><input size=\"40\" maxlength=\"400\" class=\"wpcf7-form-control wpcf7-email wpcf7-validates-as-required wpcf7-text wpcf7-validates-as-email\" autocomplete=\"email\" aria-required=\"true\" aria-invalid=\"false\" value=\"\" type=\"email\" name=\"your-email\" \/><\/span> <\/label><br>\n<label>  Telefon Nummer\n    <span class=\"wpcf7-form-control-wrap\" data-name=\"your-phone\"><input size=\"40\" maxlength=\"400\" class=\"wpcf7-form-control wpcf7-text wpcf7-validates-as-required\" aria-required=\"true\" aria-invalid=\"false\" value=\"\" type=\"text\" name=\"your-phone\" \/><\/span> <\/label><br>\n<label>  Staat \/ Land\n    <span class=\"wpcf7-form-control-wrap\" data-name=\"country-state\"><input size=\"40\" maxlength=\"400\" class=\"wpcf7-form-control wpcf7-text wpcf7-validates-as-required\" aria-required=\"true\" aria-invalid=\"false\" value=\"\" type=\"text\" name=\"country-state\" \/><\/span> <\/label><br>\n<label>  Gesch\u00e4ftsart\n<span class=\"wpcf7-form-control-wrap\" data-name=\"business-type\"><select class=\"wpcf7-form-control wpcf7-select wpcf7-validates-as-required\" aria-required=\"true\" aria-invalid=\"false\" name=\"business-type\"><option value=\"Einzelh\u00e4ndler\">Einzelh\u00e4ndler<\/option><option value=\"Verlag\">Verlag<\/option><\/select><\/span><\/label><br>\n<label>  Unternehmen \/ Organisation\n    <span class=\"wpcf7-form-control-wrap\" data-name=\"your-company\"><input size=\"40\" maxlength=\"400\" class=\"wpcf7-form-control wpcf7-text wpcf7-validates-as-required\" aria-required=\"true\" aria-invalid=\"false\" value=\"\" type=\"text\" name=\"your-company\" \/><\/span> <\/label><br>\n<label>  Art der Einrichtung\n<span class=\"wpcf7-form-control-wrap\" data-name=\"entity-type\"><select class=\"wpcf7-form-control wpcf7-select wpcf7-validates-as-required\" aria-required=\"true\" aria-invalid=\"false\" name=\"entity-type\"><option value=\"Online-Store (haupts\u00e4chlich B\u00fccher)\">Online-Store (haupts\u00e4chlich B\u00fccher)<\/option><option value=\"Online-Store (haupts\u00e4chlich Non-Book)\">Online-Store (haupts\u00e4chlich Non-Book)<\/option><option value=\"Bricks n Mortar (haupts\u00e4chlich B\u00fccher)\">Bricks n Mortar (haupts\u00e4chlich B\u00fccher)<\/option><option value=\"Bricks n Mortar (haupts\u00e4chlich Non-Book)\">Bricks n Mortar (haupts\u00e4chlich Non-Book)<\/option><option value=\"Mobile Store oder Pop-Up\">Mobile Store oder Pop-Up<\/option><option value=\"Schule\">Schule<\/option><option value=\"Bibliothek\">Bibliothek<\/option><option value=\"Sonstige\">Sonstige<\/option><\/select><\/span><\/label><br>\n<label>  Jahre im Gesch\u00e4ft\n<span class=\"wpcf7-form-control-wrap\" data-name=\"year-type\"><select class=\"wpcf7-form-control wpcf7-select wpcf7-validates-as-required\" aria-required=\"true\" aria-invalid=\"false\" name=\"year-type\"><option value=\"0 (noch nicht im Gesch\u00e4ft)\">0 (noch nicht im Gesch\u00e4ft)<\/option><option value=\"1-5\">1-5<\/option><option value=\"5+\">5+<\/option><\/select><\/span><\/label><br>\n<label>  Website URL\n    <span class=\"wpcf7-form-control-wrap\" data-name=\"your-website\"><input size=\"40\" maxlength=\"400\" class=\"wpcf7-form-control wpcf7-text wpcf7-validates-as-required\" aria-required=\"true\" aria-invalid=\"false\" value=\"\" type=\"text\" name=\"your-website\" \/><\/span> <\/label><br>\n<br><span id=\"wpcf7-69eff155b3b6e-wrapper\" class=\"wpcf7-form-control-wrap honeypot-927-wrap\" style=\"display:none !important; visibility:hidden !important;\"><label for=\"wpcf7-69eff155b3b6e-field\" class=\"hp-message\">Bitte lasse dieses Feld leer.<\/label><input id=\"wpcf7-69eff155b3b6e-field\"  class=\"wpcf7-form-control wpcf7-text\" type=\"text\" name=\"honeypot-927\" value=\"\" size=\"40\" tabindex=\"-1\" autocomplete=\"off\" \/><\/span>\n<input class=\"wpcf7-form-control wpcf7-submit has-spinner\" type=\"submit\" value=\"Einreichen\" \/><div class=\"wpcf7-response-output\" aria-hidden=\"true\"><\/div>\n<\/form>\n<\/div>\n    <\/div>\n\t\t\t\t<\/div>\n\t\t\t\t<\/div>\n\t\t\t\t\t<\/div>\n\t\t\t\t<\/div>\n\t\t\t\t<\/div>\n\t\t<div class=\"elementor-element elementor-element-6fbac3dd e-con-full e-flex parallax_section_no qode_elementor_container_no e-con e-parent\" data-id=\"6fbac3dd\" data-element_type=\"container\" data-e-type=\"container\" data-settings=\"{&quot;background_background&quot;:&quot;classic&quot;}\">\n\t\t\t\t<div class=\"elementor-element elementor-element-2443c17f elementor-widget elementor-widget-qi_addons_for_elementor_icon_with_text\" data-id=\"2443c17f\" data-element_type=\"widget\" data-e-type=\"widget\" data-widget_type=\"qi_addons_for_elementor_icon_with_text.default\">\n\t\t\t\t<div class=\"elementor-widget-container\">\n\t\t\t\t\t<div class=\"qodef-shortcode qodef-m qodef-qi-icon-with-text qodef-layout--before-content qodef--icon-pack qodef-column-responsive--never\" >\n\t\t\t<div class=\"qodef-m-icon-wrapper\">\n\t\t\t\t<a itemprop=\"url\" href=\"https:\/\/www.facebook.com\/BookazineNJ\/\" target=\"_self\">\n\t<div class=\"qodef-m-icon-holder\">\n\t\t<svg aria-hidden=\"true\" class=\"e-font-icon-svg e-fab-facebook\" viewBox=\"0 0 512 512\" xmlns=\"http:\/\/www.w3.org\/2000\/svg\"><path d=\"M504 256C504 119 393 8 256 8S8 119 8 256c0 123.78 90.69 226.38 209.25 245V327.69h-63V256h63v-54.64c0-62.15 37-96.48 93.67-96.48 27.14 0 55.52 4.84 55.52 4.84v61h-31.28c-30.8 0-40.41 19.12-40.41 38.73V256h68.78l-11 71.69h-57.78V501C413.31 482.38 504 379.78 504 256z\"><\/path><\/svg>\t<\/div>\n\t<\/a>\n\t\t<\/div>\n\t\t<div class=\"qodef-m-content\">\n\t\t\t\t\t\t\t<div class=\"qodef-m-text\"><p>Folgen Sie uns auf Facebook<\/p><\/div>\n\t\t\t<\/div>\n<\/div>\n\t\t\t\t<\/div>\n\t\t\t\t<\/div>\n\t\t\t\t<\/div>\n\t\t\t\t<\/div>\n\t\t","protected":false},"excerpt":{"rendered":"<p>KONTAKTIEREN SIE UNS Unser Team ist hier um zu helfen Wenn Sie Fragen haben oder Hilfe ben\u00f6tigen, rufen Sie uns bitte an oder schicken Sie uns eine E-Mail und ein Mitarbeiter des Kundendienstes wird sich in K\u00fcrze mit Ihnen in Verbindung setzen. BOOKAZINE 75 Hook&#8230;<\/p>\n","protected":false},"author":1,"featured_media":0,"parent":0,"menu_order":0,"comment_status":"closed","ping_status":"closed","template":"full_width.php","meta":{"footnotes":""},"class_list":["post-7850","page","type-page","status-publish","hentry"],"yoast_head":"<!-- This site is optimized with the Yoast SEO plugin v27.3 - https:\/\/yoast.com\/product\/yoast-seo-wordpress\/ -->\n<title>Bookazine kontaktieren | Mit unserem Team verbinden<\/title>\n<meta name=\"description\" content=\"Wenden Sie sich an Bookazine, wenn Sie Fragen zu unseren Dienstleistungen, Partnerschaften oder andere Fragen haben. Wir sind gerne f\u00fcr Sie da.\" \/>\n<meta name=\"robots\" content=\"index, follow, max-snippet:-1, max-image-preview:large, max-video-preview:-1\" \/>\n<link rel=\"canonical\" href=\"https:\/\/www.bookazine.com\/de\/kontaktieren-sie-uns\/\" \/>\n<meta property=\"og:locale\" content=\"de_DE\" \/>\n<meta property=\"og:type\" content=\"article\" \/>\n<meta property=\"og:title\" content=\"Bookazine kontaktieren | Mit unserem Team verbinden\" \/>\n<meta property=\"og:description\" content=\"Wenden Sie sich an Bookazine, wenn Sie Fragen zu unseren Dienstleistungen, Partnerschaften oder andere Fragen haben. Wir sind gerne f\u00fcr Sie da.\" \/>\n<meta property=\"og:url\" content=\"https:\/\/www.bookazine.com\/de\/kontaktieren-sie-uns\/\" \/>\n<meta property=\"og:site_name\" content=\"Bookazine\" \/>\n<meta property=\"article:modified_time\" content=\"2025-02-22T21:13:42+00:00\" \/>\n<meta name=\"twitter:card\" content=\"summary_large_image\" \/>\n<script type=\"application\/ld+json\" class=\"yoast-schema-graph\">{\"@context\":\"https:\\\/\\\/schema.org\",\"@graph\":[{\"@type\":\"WebPage\",\"@id\":\"https:\\\/\\\/www.bookazine.com\\\/de\\\/kontaktieren-sie-uns\\\/\",\"url\":\"https:\\\/\\\/www.bookazine.com\\\/de\\\/kontaktieren-sie-uns\\\/\",\"name\":\"Bookazine kontaktieren | Mit unserem Team verbinden\",\"isPartOf\":{\"@id\":\"https:\\\/\\\/www.bookazine.com\\\/de\\\/#website\"},\"datePublished\":\"2023-11-14T10:27:00+00:00\",\"dateModified\":\"2025-02-22T21:13:42+00:00\",\"description\":\"Wenden Sie sich an Bookazine, wenn Sie Fragen zu unseren Dienstleistungen, Partnerschaften oder andere Fragen haben. Wir sind gerne f\u00fcr Sie da.\",\"breadcrumb\":{\"@id\":\"https:\\\/\\\/www.bookazine.com\\\/de\\\/kontaktieren-sie-uns\\\/#breadcrumb\"},\"inLanguage\":\"de\",\"potentialAction\":[{\"@type\":\"ReadAction\",\"target\":[\"https:\\\/\\\/www.bookazine.com\\\/de\\\/kontaktieren-sie-uns\\\/\"]}]},{\"@type\":\"BreadcrumbList\",\"@id\":\"https:\\\/\\\/www.bookazine.com\\\/de\\\/kontaktieren-sie-uns\\\/#breadcrumb\",\"itemListElement\":[{\"@type\":\"ListItem\",\"position\":1,\"name\":\"Startseite\",\"item\":\"https:\\\/\\\/www.bookazine.com\\\/de\\\/hauptsitz\\\/\"},{\"@type\":\"ListItem\",\"position\":2,\"name\":\"Kontaktieren Sie uns\"}]},{\"@type\":\"WebSite\",\"@id\":\"https:\\\/\\\/www.bookazine.com\\\/de\\\/#website\",\"url\":\"https:\\\/\\\/www.bookazine.com\\\/de\\\/\",\"name\":\"Bookazine\",\"description\":\"Ein weltweit f\u00fchrender Buchgro\u00dfh\u00e4ndler\",\"potentialAction\":[{\"@type\":\"SearchAction\",\"target\":{\"@type\":\"EntryPoint\",\"urlTemplate\":\"https:\\\/\\\/www.bookazine.com\\\/de\\\/?s={search_term_string}\"},\"query-input\":{\"@type\":\"PropertyValueSpecification\",\"valueRequired\":true,\"valueName\":\"search_term_string\"}}],\"inLanguage\":\"de\"}]}<\/script>\n<!-- \/ Yoast SEO plugin. -->","yoast_head_json":{"title":"Bookazine kontaktieren | Mit unserem Team verbinden","description":"Wenden Sie sich an Bookazine, wenn Sie Fragen zu unseren Dienstleistungen, Partnerschaften oder andere Fragen haben. Wir sind gerne f\u00fcr Sie da.","robots":{"index":"index","follow":"follow","max-snippet":"max-snippet:-1","max-image-preview":"max-image-preview:large","max-video-preview":"max-video-preview:-1"},"canonical":"https:\/\/www.bookazine.com\/de\/kontaktieren-sie-uns\/","og_locale":"de_DE","og_type":"article","og_title":"Bookazine kontaktieren | Mit unserem Team verbinden","og_description":"Wenden Sie sich an Bookazine, wenn Sie Fragen zu unseren Dienstleistungen, Partnerschaften oder andere Fragen haben. Wir sind gerne f\u00fcr Sie da.","og_url":"https:\/\/www.bookazine.com\/de\/kontaktieren-sie-uns\/","og_site_name":"Bookazine","article_modified_time":"2025-02-22T21:13:42+00:00","twitter_card":"summary_large_image","schema":{"@context":"https:\/\/schema.org","@graph":[{"@type":"WebPage","@id":"https:\/\/www.bookazine.com\/de\/kontaktieren-sie-uns\/","url":"https:\/\/www.bookazine.com\/de\/kontaktieren-sie-uns\/","name":"Bookazine kontaktieren | Mit unserem Team verbinden","isPartOf":{"@id":"https:\/\/www.bookazine.com\/de\/#website"},"datePublished":"2023-11-14T10:27:00+00:00","dateModified":"2025-02-22T21:13:42+00:00","description":"Wenden Sie sich an Bookazine, wenn Sie Fragen zu unseren Dienstleistungen, Partnerschaften oder andere Fragen haben. Wir sind gerne f\u00fcr Sie da.","breadcrumb":{"@id":"https:\/\/www.bookazine.com\/de\/kontaktieren-sie-uns\/#breadcrumb"},"inLanguage":"de","potentialAction":[{"@type":"ReadAction","target":["https:\/\/www.bookazine.com\/de\/kontaktieren-sie-uns\/"]}]},{"@type":"BreadcrumbList","@id":"https:\/\/www.bookazine.com\/de\/kontaktieren-sie-uns\/#breadcrumb","itemListElement":[{"@type":"ListItem","position":1,"name":"Startseite","item":"https:\/\/www.bookazine.com\/de\/hauptsitz\/"},{"@type":"ListItem","position":2,"name":"Kontaktieren Sie uns"}]},{"@type":"WebSite","@id":"https:\/\/www.bookazine.com\/de\/#website","url":"https:\/\/www.bookazine.com\/de\/","name":"Bookazine","description":"Ein weltweit f\u00fchrender Buchgro\u00dfh\u00e4ndler","potentialAction":[{"@type":"SearchAction","target":{"@type":"EntryPoint","urlTemplate":"https:\/\/www.bookazine.com\/de\/?s={search_term_string}"},"query-input":{"@type":"PropertyValueSpecification","valueRequired":true,"valueName":"search_term_string"}}],"inLanguage":"de"}]}},"_links":{"self":[{"href":"https:\/\/www.bookazine.com\/de\/wp-json\/wp\/v2\/pages\/7850","targetHints":{"allow":["GET"]}}],"collection":[{"href":"https:\/\/www.bookazine.com\/de\/wp-json\/wp\/v2\/pages"}],"about":[{"href":"https:\/\/www.bookazine.com\/de\/wp-json\/wp\/v2\/types\/page"}],"author":[{"embeddable":true,"href":"https:\/\/www.bookazine.com\/de\/wp-json\/wp\/v2\/users\/1"}],"replies":[{"embeddable":true,"href":"https:\/\/www.bookazine.com\/de\/wp-json\/wp\/v2\/comments?post=7850"}],"version-history":[{"count":2,"href":"https:\/\/www.bookazine.com\/de\/wp-json\/wp\/v2\/pages\/7850\/revisions"}],"predecessor-version":[{"id":7862,"href":"https:\/\/www.bookazine.com\/de\/wp-json\/wp\/v2\/pages\/7850\/revisions\/7862"}],"wp:attachment":[{"href":"https:\/\/www.bookazine.com\/de\/wp-json\/wp\/v2\/media?parent=7850"}],"curies":[{"name":"wp","href":"https:\/\/api.w.org\/{rel}","templated":true}]}}