{"id":7798,"date":"2025-02-13T01:19:17","date_gmt":"2025-02-13T01:19:17","guid":{"rendered":"https:\/\/www.bookazine.com\/unsere-dienstleistungen\/"},"modified":"2025-02-22T21:12:00","modified_gmt":"2025-02-22T21:12:00","slug":"unsere-dienstleistungen","status":"publish","type":"page","link":"https:\/\/www.bookazine.com\/de\/unsere-dienstleistungen\/","title":{"rendered":"Unsere Dienstleistungen"},"content":{"rendered":"\t\t<div data-elementor-type=\"wp-page\" data-elementor-id=\"7798\" class=\"elementor elementor-7798 elementor-5964\">\n\t\t\t\t<div class=\"elementor-element elementor-element-b34c007 e-con-full e-flex parallax_section_no qode_elementor_container_no e-con e-parent\" data-id=\"b34c007\" data-element_type=\"container\" data-e-type=\"container\">\n\t\t<div class=\"elementor-element elementor-element-122886c e-con-full e-flex parallax_section_no qode_elementor_container_no e-con e-child\" data-id=\"122886c\" data-element_type=\"container\" data-e-type=\"container\">\n\t\t<div class=\"elementor-element elementor-element-3ec8e42 e-con-full e-flex parallax_section_no qode_elementor_container_no e-con e-child\" data-id=\"3ec8e42\" data-element_type=\"container\" data-e-type=\"container\">\n\t\t\t\t<div class=\"elementor-element elementor-element-4cd0aac elementor-widget elementor-widget-qi_addons_for_elementor_banner\" data-id=\"4cd0aac\" data-element_type=\"widget\" data-e-type=\"widget\" data-widget_type=\"qi_addons_for_elementor_banner.default\">\n\t\t\t\t<div class=\"elementor-widget-container\">\n\t\t\t\t\t<div class=\"qodef-shortcode qodef-m qodef-qi-banner qodef-layout--standard qodef-vertical--bottom qodef-horizontal--center qodef-image--hover-zoom\">\n\t<div class=\"qodef-m-image\">\n\t<img fetchpriority=\"high\" decoding=\"async\" width=\"650\" height=\"500\" src=\"https:\/\/www.bookazine.com\/wp-content\/uploads\/2025\/02\/s-us-650x500.jpg\" class=\"attachment-qi_addons_for_elementor_image_size_square size-qi_addons_for_elementor_image_size_square\" alt=\"\" \/><\/div>\n\t<div class=\"qodef-m-content\">\n\t\t<div class=\"qodef-m-content-inner\">\n\t\t\t\t\t\t\t<h3 class=\"qodef-m-title\">\n\t\tUS Buchh\u00e4ndler\t<\/h3>\n\t\t\t\t\t\t\t\t<\/div>\n\t<\/div>\n\t\t<a itemprop=\"url\" href=\"https:\/\/bookazine.com\/us-booksellers\/\" class=\"qodef-m-banner-link\" target=\"_self\"><\/a>\n<\/div>\n\t\t\t\t<\/div>\n\t\t\t\t<\/div>\n\t\t\t\t<\/div>\n\t\t<div class=\"elementor-element elementor-element-21c65ea e-con-full e-flex parallax_section_no qode_elementor_container_no e-con e-child\" data-id=\"21c65ea\" data-element_type=\"container\" data-e-type=\"container\">\n\t\t\t\t<div class=\"elementor-element elementor-element-ebed470 elementor-widget elementor-widget-qi_addons_for_elementor_banner\" data-id=\"ebed470\" data-element_type=\"widget\" data-e-type=\"widget\" data-widget_type=\"qi_addons_for_elementor_banner.default\">\n\t\t\t\t<div class=\"elementor-widget-container\">\n\t\t\t\t\t<div class=\"qodef-shortcode qodef-m qodef-qi-banner qodef-layout--standard qodef-vertical--bottom qodef-horizontal--center qodef-image--hover-zoom\">\n\t<div class=\"qodef-m-image\">\n\t<img decoding=\"async\" width=\"650\" height=\"500\" src=\"https:\/\/www.bookazine.com\/wp-content\/uploads\/2025\/02\/s-inter-650x500.jpg\" class=\"attachment-qi_addons_for_elementor_image_size_square size-qi_addons_for_elementor_image_size_square\" alt=\"\" \/><\/div>\n\t<div class=\"qodef-m-content\">\n\t\t<div class=\"qodef-m-content-inner\">\n\t\t\t\t\t\t\t<h3 class=\"qodef-m-title\">\n\t\tInternational\t<\/h3>\n\t\t\t\t\t\t\t\t<\/div>\n\t<\/div>\n\t\t<a itemprop=\"url\" href=\"https:\/\/bookazine.com\/international-booksellers\/\" class=\"qodef-m-banner-link\" target=\"_self\"><\/a>\n<\/div>\n\t\t\t\t<\/div>\n\t\t\t\t<\/div>\n\t\t\t\t<\/div>\n\t\t<div class=\"elementor-element elementor-element-01a3d99 e-con-full e-flex parallax_section_no qode_elementor_container_no e-con e-child\" data-id=\"01a3d99\" data-element_type=\"container\" data-e-type=\"container\">\n\t\t\t\t<div class=\"elementor-element elementor-element-6f3ddf0 elementor-widget elementor-widget-qi_addons_for_elementor_banner\" data-id=\"6f3ddf0\" data-element_type=\"widget\" data-e-type=\"widget\" data-widget_type=\"qi_addons_for_elementor_banner.default\">\n\t\t\t\t<div class=\"elementor-widget-container\">\n\t\t\t\t\t<div class=\"qodef-shortcode qodef-m qodef-qi-banner qodef-layout--standard qodef-vertical--bottom qodef-horizontal--center qodef-image--hover-zoom\">\n\t<div class=\"qodef-m-image\">\n\t<img decoding=\"async\" width=\"650\" height=\"500\" src=\"https:\/\/www.bookazine.com\/wp-content\/uploads\/2025\/02\/s-lib-650x500.jpg\" class=\"attachment-qi_addons_for_elementor_image_size_square size-qi_addons_for_elementor_image_size_square\" alt=\"\" \/><\/div>\n\t<div class=\"qodef-m-content\">\n\t\t<div class=\"qodef-m-content-inner\">\n\t\t\t\t\t\t\t<h3 class=\"qodef-m-title\">\n\t\tBibliotheken\t<\/h3>\n\t\t\t\t\t\t\t\t<\/div>\n\t<\/div>\n\t\t<a itemprop=\"url\" href=\"https:\/\/bookazine.com\/libraries\/\" class=\"qodef-m-banner-link\" target=\"_self\"><\/a>\n<\/div>\n\t\t\t\t<\/div>\n\t\t\t\t<\/div>\n\t\t\t\t<\/div>\n\t\t<div class=\"elementor-element elementor-element-8c3729c e-con-full e-flex parallax_section_no qode_elementor_container_no e-con e-child\" data-id=\"8c3729c\" data-element_type=\"container\" data-e-type=\"container\">\n\t\t\t\t<div class=\"elementor-element elementor-element-a951949 elementor-widget elementor-widget-qi_addons_for_elementor_banner\" data-id=\"a951949\" data-element_type=\"widget\" data-e-type=\"widget\" data-widget_type=\"qi_addons_for_elementor_banner.default\">\n\t\t\t\t<div class=\"elementor-widget-container\">\n\t\t\t\t\t<div class=\"qodef-shortcode qodef-m qodef-qi-banner qodef-layout--standard qodef-vertical--bottom qodef-horizontal--center qodef-image--hover-zoom\">\n\t<div class=\"qodef-m-image\">\n\t<img loading=\"lazy\" decoding=\"async\" width=\"650\" height=\"500\" src=\"https:\/\/www.bookazine.com\/wp-content\/uploads\/2025\/02\/s-pub-650x500.jpg\" class=\"attachment-qi_addons_for_elementor_image_size_square size-qi_addons_for_elementor_image_size_square\" alt=\"\" \/><\/div>\n\t<div class=\"qodef-m-content\">\n\t\t<div class=\"qodef-m-content-inner\">\n\t\t\t\t\t\t\t<h3 class=\"qodef-m-title\">\n\t\tVerlage\t<\/h3>\n\t\t\t\t\t\t\t\t<\/div>\n\t<\/div>\n\t\t<a itemprop=\"url\" href=\"https:\/\/bookazine.com\/publishers\/\" class=\"qodef-m-banner-link\" target=\"_self\"><\/a>\n<\/div>\n\t\t\t\t<\/div>\n\t\t\t\t<\/div>\n\t\t\t\t<\/div>\n\t\t<div class=\"elementor-element elementor-element-6c33a49 e-con-full e-flex parallax_section_no qode_elementor_container_no e-con e-child\" data-id=\"6c33a49\" data-element_type=\"container\" data-e-type=\"container\">\n\t\t\t\t<div class=\"elementor-element elementor-element-0ee5159 elementor-widget elementor-widget-qi_addons_for_elementor_banner\" data-id=\"0ee5159\" data-element_type=\"widget\" data-e-type=\"widget\" data-widget_type=\"qi_addons_for_elementor_banner.default\">\n\t\t\t\t<div class=\"elementor-widget-container\">\n\t\t\t\t\t<div class=\"qodef-shortcode qodef-m qodef-qi-banner qodef-layout--standard qodef-vertical--bottom qodef-horizontal--center qodef-image--hover-zoom\">\n\t<div class=\"qodef-m-image\">\n\t<img loading=\"lazy\" decoding=\"async\" width=\"1600\" height=\"600\" src=\"https:\/\/www.bookazine.com\/wp-content\/uploads\/2025\/02\/s-e.jpg\" class=\"attachment-full size-full\" alt=\"\" srcset=\"https:\/\/www.bookazine.com\/wp-content\/uploads\/2025\/02\/s-e.jpg 1600w, https:\/\/www.bookazine.com\/wp-content\/uploads\/2025\/02\/s-e-300x113.jpg 300w, https:\/\/www.bookazine.com\/wp-content\/uploads\/2025\/02\/s-e-1024x384.jpg 1024w, https:\/\/www.bookazine.com\/wp-content\/uploads\/2025\/02\/s-e-768x288.jpg 768w, https:\/\/www.bookazine.com\/wp-content\/uploads\/2025\/02\/s-e-1536x576.jpg 1536w, https:\/\/www.bookazine.com\/wp-content\/uploads\/2025\/02\/s-e-700x263.jpg 700w\" sizes=\"(max-width: 1600px) 100vw, 1600px\" \/><\/div>\n\t<div class=\"qodef-m-content\">\n\t\t<div class=\"qodef-m-content-inner\">\n\t\t\t\t\t\t\t<h3 class=\"qodef-m-title\">\n\t\tCDF-F\u00fcllung \/ e-Commerce\t<\/h3>\n\t\t\t\t\t\t\t\t<\/div>\n\t<\/div>\n\t\t<a itemprop=\"url\" href=\"https:\/\/bookazine.com\/ecommerce-booksellers\/\" class=\"qodef-m-banner-link\" target=\"_self\"><\/a>\n<\/div>\n\t\t\t\t<\/div>\n\t\t\t\t<\/div>\n\t\t\t\t<\/div>\n\t\t\t\t<\/div>\n\t\t\t\t<\/div>\n\t\t<div style=\"background-image: url(https:\/\/bookazine.com\/wp-content\/uploads\/2025\/02\/new-us.jpg);\" class=\"parallax_section_holder elementor-element elementor-element-8879b36 e-con-full parallax_section_holder e-flex qode_elementor_container_no e-con e-parent\" data-speed=\"0\" data-id=\"8879b36\" data-element_type=\"container\" data-e-type=\"container\" data-settings=\"{&quot;qode_parallax_image&quot;:{&quot;url&quot;:&quot;https:\\\/\\\/bookazine.com\\\/wp-content\\\/uploads\\\/2025\\\/02\\\/new-us.jpg&quot;,&quot;id&quot;:6245,&quot;size&quot;:&quot;&quot;,&quot;alt&quot;:&quot;&quot;,&quot;source&quot;:&quot;library&quot;},&quot;background_background&quot;:&quot;classic&quot;}\">\n\t\t\t\t<div class=\"elementor-element elementor-element-c14972d elementor-widget elementor-widget-qi_addons_for_elementor_banner\" data-id=\"c14972d\" data-element_type=\"widget\" data-e-type=\"widget\" data-widget_type=\"qi_addons_for_elementor_banner.default\">\n\t\t\t\t<div class=\"elementor-widget-container\">\n\t\t\t\t\t<div class=\"qodef-shortcode qodef-m qodef-qi-banner qodef-layout--standard qodef-vertical--middle qodef-horizontal--center qodef-image--hover-zoom\">\n\t<div class=\"qodef-m-image\">\n\t<\/div>\n\t<div class=\"qodef-m-content\">\n\t\t<div class=\"qodef-m-content-inner\">\n\t\t\t\t\t\t\t<h2 class=\"qodef-m-title\">\n\t\tRessourcen\t<\/h2>\n\t\t\t\t<p class=\"qodef-m-text\">\n\t\tLorem ipsum dolor sit amet, consectetur adipiscing elit. Mauris tempus nisl vitae magna pulvinar laoreet.  \t<\/p>\n\t\t\t\t<div class=\"qodef-m-button\">\n\t\t<a class=\"qodef-shortcode qodef-m qodef-qi-button qodef-html--link qodef-layout--outlined qodef-type--standard qodef-icon--right qodef-hover--icon-move-horizontal-short\" href=\"#\" target=\"_self\">\t<span class=\"qodef-m-text\">Mehr erfahren<\/span>\t<\/a>\t<\/div>\n\t\t<\/div>\n\t<\/div>\n\t\t<a itemprop=\"url\" href=\"#\" class=\"qodef-m-banner-link\" target=\"_self\"><\/a>\n<\/div>\n\t\t\t\t<\/div>\n\t\t\t\t<\/div>\n\t\t\t\t<div class=\"elementor-element elementor-element-28a1073 elementor-widget__width-initial elementor-widget elementor-widget-qi_addons_for_elementor_section_title\" data-id=\"28a1073\" data-element_type=\"widget\" data-e-type=\"widget\" data-widget_type=\"qi_addons_for_elementor_section_title.default\">\n\t\t\t\t<div class=\"elementor-widget-container\">\n\t\t\t\t\t<div class=\"qodef-shortcode qodef-m qodef-qi-section-title qodef-decoration--italic qodef-link--underline-draw qodef-subtitle-icon--left\">\n\t\t\t\t\t\t<h1 class=\"qodef-m-title\">\n\t\tLassen Sie uns zusammenarbeiten\t<\/h1>\n\t\t\t<\/div>\n\t\t\t\t<\/div>\n\t\t\t\t<\/div>\n\t\t\t\t<div class=\"elementor-element elementor-element-f0aec6d elementor-widget elementor-widget-bridge_button\" data-id=\"f0aec6d\" data-element_type=\"widget\" data-e-type=\"widget\" data-widget_type=\"bridge_button.default\">\n\t\t\t\t<div class=\"elementor-widget-container\">\n\t\t\t\t\t<a  itemprop=\"url\" href=\"https:\/\/bookazine.com\/sign-up\/\" target=\"_self\" data-hover-background-color=\"#99A1C8\" class=\"qbutton  white default\" style=\"color: #0F173F; background-color:#FFFFFF;\">EIN KONTO ER\u00d6FFNEN<\/a>\t\t\t\t<\/div>\n\t\t\t\t<\/div>\n\t\t\t\t<\/div>\n\t\t\t\t<\/div>\n\t\t","protected":false},"excerpt":{"rendered":"<p>US Buchh\u00e4ndler International Bibliotheken Verlage CDF-F\u00fcllung \/ e-Commerce Ressourcen Lorem ipsum dolor sit amet, consectetur adipiscing elit. Mauris tempus nisl vitae magna pulvinar laoreet. Mehr erfahren Lassen Sie uns zusammenarbeiten EIN KONTO ER\u00d6FFNEN<\/p>\n","protected":false},"author":1,"featured_media":0,"parent":0,"menu_order":0,"comment_status":"closed","ping_status":"closed","template":"full_width.php","meta":{"footnotes":""},"class_list":["post-7798","page","type-page","status-publish","hentry"],"yoast_head":"<!-- This site is optimized with the Yoast SEO plugin v27.3 - https:\/\/yoast.com\/product\/yoast-seo-wordpress\/ -->\n<title>Bookazine Services | Umfassende L\u00f6sungen f\u00fcr den Buchvertrieb<\/title>\n<meta name=\"description\" content=\"Entdecken Sie das Angebot von Bookazine an Dienstleistungen, einschlie\u00dflich Vertrieb, Bestandsmanagement und Unterst\u00fctzung f\u00fcr Einzelh\u00e4ndler, die auf Ihre Bed\u00fcrfnisse zugeschnitten sind.\" \/>\n<meta name=\"robots\" content=\"index, follow, max-snippet:-1, max-image-preview:large, max-video-preview:-1\" \/>\n<link rel=\"canonical\" href=\"https:\/\/www.bookazine.com\/de\/unsere-dienstleistungen\/\" \/>\n<meta property=\"og:locale\" content=\"de_DE\" \/>\n<meta property=\"og:type\" content=\"article\" \/>\n<meta property=\"og:title\" content=\"Bookazine Services | Umfassende L\u00f6sungen f\u00fcr den Buchvertrieb\" \/>\n<meta property=\"og:description\" content=\"Entdecken Sie das Angebot von Bookazine an Dienstleistungen, einschlie\u00dflich Vertrieb, Bestandsmanagement und Unterst\u00fctzung f\u00fcr Einzelh\u00e4ndler, die auf Ihre Bed\u00fcrfnisse zugeschnitten sind.\" \/>\n<meta property=\"og:url\" content=\"https:\/\/www.bookazine.com\/de\/unsere-dienstleistungen\/\" \/>\n<meta property=\"og:site_name\" content=\"Bookazine\" \/>\n<meta property=\"article:modified_time\" content=\"2025-02-22T21:12:00+00:00\" \/>\n<meta property=\"og:image\" content=\"https:\/\/www.bookazine.com\/wp-content\/uploads\/2025\/02\/s-us-650x500.jpg\" \/>\n<meta name=\"twitter:card\" content=\"summary_large_image\" \/>\n<script type=\"application\/ld+json\" class=\"yoast-schema-graph\">{\"@context\":\"https:\\\/\\\/schema.org\",\"@graph\":[{\"@type\":\"WebPage\",\"@id\":\"https:\\\/\\\/www.bookazine.com\\\/de\\\/unsere-dienstleistungen\\\/\",\"url\":\"https:\\\/\\\/www.bookazine.com\\\/de\\\/unsere-dienstleistungen\\\/\",\"name\":\"Bookazine Services | Umfassende L\u00f6sungen f\u00fcr den Buchvertrieb\",\"isPartOf\":{\"@id\":\"https:\\\/\\\/www.bookazine.com\\\/de\\\/#website\"},\"primaryImageOfPage\":{\"@id\":\"https:\\\/\\\/www.bookazine.com\\\/de\\\/unsere-dienstleistungen\\\/#primaryimage\"},\"image\":{\"@id\":\"https:\\\/\\\/www.bookazine.com\\\/de\\\/unsere-dienstleistungen\\\/#primaryimage\"},\"thumbnailUrl\":\"https:\\\/\\\/www.bookazine.com\\\/wp-content\\\/uploads\\\/2025\\\/02\\\/s-us-650x500.jpg\",\"datePublished\":\"2025-02-13T01:19:17+00:00\",\"dateModified\":\"2025-02-22T21:12:00+00:00\",\"description\":\"Entdecken Sie das Angebot von Bookazine an Dienstleistungen, einschlie\u00dflich Vertrieb, Bestandsmanagement und Unterst\u00fctzung f\u00fcr Einzelh\u00e4ndler, die auf Ihre Bed\u00fcrfnisse zugeschnitten sind.\",\"breadcrumb\":{\"@id\":\"https:\\\/\\\/www.bookazine.com\\\/de\\\/unsere-dienstleistungen\\\/#breadcrumb\"},\"inLanguage\":\"de\",\"potentialAction\":[{\"@type\":\"ReadAction\",\"target\":[\"https:\\\/\\\/www.bookazine.com\\\/de\\\/unsere-dienstleistungen\\\/\"]}]},{\"@type\":\"ImageObject\",\"inLanguage\":\"de\",\"@id\":\"https:\\\/\\\/www.bookazine.com\\\/de\\\/unsere-dienstleistungen\\\/#primaryimage\",\"url\":\"https:\\\/\\\/www.bookazine.com\\\/wp-content\\\/uploads\\\/2025\\\/02\\\/s-us-650x500.jpg\",\"contentUrl\":\"https:\\\/\\\/www.bookazine.com\\\/wp-content\\\/uploads\\\/2025\\\/02\\\/s-us-650x500.jpg\"},{\"@type\":\"BreadcrumbList\",\"@id\":\"https:\\\/\\\/www.bookazine.com\\\/de\\\/unsere-dienstleistungen\\\/#breadcrumb\",\"itemListElement\":[{\"@type\":\"ListItem\",\"position\":1,\"name\":\"Startseite\",\"item\":\"https:\\\/\\\/www.bookazine.com\\\/de\\\/hauptsitz\\\/\"},{\"@type\":\"ListItem\",\"position\":2,\"name\":\"Unsere Dienstleistungen\"}]},{\"@type\":\"WebSite\",\"@id\":\"https:\\\/\\\/www.bookazine.com\\\/de\\\/#website\",\"url\":\"https:\\\/\\\/www.bookazine.com\\\/de\\\/\",\"name\":\"Bookazine\",\"description\":\"Ein weltweit f\u00fchrender Buchgro\u00dfh\u00e4ndler\",\"potentialAction\":[{\"@type\":\"SearchAction\",\"target\":{\"@type\":\"EntryPoint\",\"urlTemplate\":\"https:\\\/\\\/www.bookazine.com\\\/de\\\/?s={search_term_string}\"},\"query-input\":{\"@type\":\"PropertyValueSpecification\",\"valueRequired\":true,\"valueName\":\"search_term_string\"}}],\"inLanguage\":\"de\"}]}<\/script>\n<!-- \/ Yoast SEO plugin. -->","yoast_head_json":{"title":"Bookazine Services | Umfassende L\u00f6sungen f\u00fcr den Buchvertrieb","description":"Entdecken Sie das Angebot von Bookazine an Dienstleistungen, einschlie\u00dflich Vertrieb, Bestandsmanagement und Unterst\u00fctzung f\u00fcr Einzelh\u00e4ndler, die auf Ihre Bed\u00fcrfnisse zugeschnitten sind.","robots":{"index":"index","follow":"follow","max-snippet":"max-snippet:-1","max-image-preview":"max-image-preview:large","max-video-preview":"max-video-preview:-1"},"canonical":"https:\/\/www.bookazine.com\/de\/unsere-dienstleistungen\/","og_locale":"de_DE","og_type":"article","og_title":"Bookazine Services | Umfassende L\u00f6sungen f\u00fcr den Buchvertrieb","og_description":"Entdecken Sie das Angebot von Bookazine an Dienstleistungen, einschlie\u00dflich Vertrieb, Bestandsmanagement und Unterst\u00fctzung f\u00fcr Einzelh\u00e4ndler, die auf Ihre Bed\u00fcrfnisse zugeschnitten sind.","og_url":"https:\/\/www.bookazine.com\/de\/unsere-dienstleistungen\/","og_site_name":"Bookazine","article_modified_time":"2025-02-22T21:12:00+00:00","og_image":[{"url":"https:\/\/www.bookazine.com\/wp-content\/uploads\/2025\/02\/s-us-650x500.jpg","type":"","width":"","height":""}],"twitter_card":"summary_large_image","schema":{"@context":"https:\/\/schema.org","@graph":[{"@type":"WebPage","@id":"https:\/\/www.bookazine.com\/de\/unsere-dienstleistungen\/","url":"https:\/\/www.bookazine.com\/de\/unsere-dienstleistungen\/","name":"Bookazine Services | Umfassende L\u00f6sungen f\u00fcr den Buchvertrieb","isPartOf":{"@id":"https:\/\/www.bookazine.com\/de\/#website"},"primaryImageOfPage":{"@id":"https:\/\/www.bookazine.com\/de\/unsere-dienstleistungen\/#primaryimage"},"image":{"@id":"https:\/\/www.bookazine.com\/de\/unsere-dienstleistungen\/#primaryimage"},"thumbnailUrl":"https:\/\/www.bookazine.com\/wp-content\/uploads\/2025\/02\/s-us-650x500.jpg","datePublished":"2025-02-13T01:19:17+00:00","dateModified":"2025-02-22T21:12:00+00:00","description":"Entdecken Sie das Angebot von Bookazine an Dienstleistungen, einschlie\u00dflich Vertrieb, Bestandsmanagement und Unterst\u00fctzung f\u00fcr Einzelh\u00e4ndler, die auf Ihre Bed\u00fcrfnisse zugeschnitten sind.","breadcrumb":{"@id":"https:\/\/www.bookazine.com\/de\/unsere-dienstleistungen\/#breadcrumb"},"inLanguage":"de","potentialAction":[{"@type":"ReadAction","target":["https:\/\/www.bookazine.com\/de\/unsere-dienstleistungen\/"]}]},{"@type":"ImageObject","inLanguage":"de","@id":"https:\/\/www.bookazine.com\/de\/unsere-dienstleistungen\/#primaryimage","url":"https:\/\/www.bookazine.com\/wp-content\/uploads\/2025\/02\/s-us-650x500.jpg","contentUrl":"https:\/\/www.bookazine.com\/wp-content\/uploads\/2025\/02\/s-us-650x500.jpg"},{"@type":"BreadcrumbList","@id":"https:\/\/www.bookazine.com\/de\/unsere-dienstleistungen\/#breadcrumb","itemListElement":[{"@type":"ListItem","position":1,"name":"Startseite","item":"https:\/\/www.bookazine.com\/de\/hauptsitz\/"},{"@type":"ListItem","position":2,"name":"Unsere Dienstleistungen"}]},{"@type":"WebSite","@id":"https:\/\/www.bookazine.com\/de\/#website","url":"https:\/\/www.bookazine.com\/de\/","name":"Bookazine","description":"Ein weltweit f\u00fchrender Buchgro\u00dfh\u00e4ndler","potentialAction":[{"@type":"SearchAction","target":{"@type":"EntryPoint","urlTemplate":"https:\/\/www.bookazine.com\/de\/?s={search_term_string}"},"query-input":{"@type":"PropertyValueSpecification","valueRequired":true,"valueName":"search_term_string"}}],"inLanguage":"de"}]}},"_links":{"self":[{"href":"https:\/\/www.bookazine.com\/de\/wp-json\/wp\/v2\/pages\/7798","targetHints":{"allow":["GET"]}}],"collection":[{"href":"https:\/\/www.bookazine.com\/de\/wp-json\/wp\/v2\/pages"}],"about":[{"href":"https:\/\/www.bookazine.com\/de\/wp-json\/wp\/v2\/types\/page"}],"author":[{"embeddable":true,"href":"https:\/\/www.bookazine.com\/de\/wp-json\/wp\/v2\/users\/1"}],"replies":[{"embeddable":true,"href":"https:\/\/www.bookazine.com\/de\/wp-json\/wp\/v2\/comments?post=7798"}],"version-history":[{"count":1,"href":"https:\/\/www.bookazine.com\/de\/wp-json\/wp\/v2\/pages\/7798\/revisions"}],"predecessor-version":[{"id":7801,"href":"https:\/\/www.bookazine.com\/de\/wp-json\/wp\/v2\/pages\/7798\/revisions\/7801"}],"wp:attachment":[{"href":"https:\/\/www.bookazine.com\/de\/wp-json\/wp\/v2\/media?parent=7798"}],"curies":[{"name":"wp","href":"https:\/\/api.w.org\/{rel}","templated":true}]}}